{"id":2951,"date":"2020-08-20T00:40:59","date_gmt":"2020-08-20T07:40:59","guid":{"rendered":"https:\/\/www.porchlighteducation.org\/?page_id=2951"},"modified":"2020-10-01T17:08:51","modified_gmt":"2020-10-02T00:08:51","slug":"modulos-de-aprendizaje","status":"publish","type":"page","link":"https:\/\/www.porchlighteducation.org\/es\/modulos-de-aprendizaje\/","title":{"rendered":"M\u00f3dulos de Aprendizaje"},"content":{"rendered":"<p>[et_pb_section bb_built=\"1\" fullwidth=\"off\" specialty=\"off\" _builder_version=\"3.0.101\" custom_margin=\"0px||0px|\" custom_padding=\"0px||0px|\" inner_width=\"auto\" inner_max_width=\"1080px\"][et_pb_row _builder_version=\"3.0.101\" custom_margin=\"||0px|\" custom_padding=\"||0px|\" width=\"80%\" max_width=\"1080px\"][et_pb_column type=\"4_4\" custom_padding__hover=\"|||\" custom_padding=\"||0px|\"][et_pb_text admin_label=\"Page Title\" _builder_version=\"4.5.6\" text_text_shadow_horizontal_length=\"text_text_shadow_style,%91object Object%93\" text_text_shadow_horizontal_length_tablet=\"0px\" text_text_shadow_vertical_length=\"text_text_shadow_style,%91object Object%93\" text_text_shadow_vertical_length_tablet=\"0px\" text_text_shadow_blur_strength=\"text_text_shadow_style,%91object Object%93\" text_text_shadow_blur_strength_tablet=\"1px\" link_text_shadow_horizontal_length=\"link_text_shadow_style,%91object Object%93\" link_text_shadow_horizontal_length_tablet=\"0px\" link_text_shadow_vertical_length=\"link_text_shadow_style,%91object Object%93\" link_text_shadow_vertical_length_tablet=\"0px\" link_text_shadow_blur_strength=\"link_text_shadow_style,%91object Object%93\" link_text_shadow_blur_strength_tablet=\"1px\" ul_text_shadow_horizontal_length=\"ul_text_shadow_style,%91object Object%93\" ul_text_shadow_horizontal_length_tablet=\"0px\" ul_text_shadow_vertical_length=\"ul_text_shadow_style,%91object Object%93\" ul_text_shadow_vertical_length_tablet=\"0px\" ul_text_shadow_blur_strength=\"ul_text_shadow_style,%91object Object%93\" ul_text_shadow_blur_strength_tablet=\"1px\" ol_text_shadow_horizontal_length=\"ol_text_shadow_style,%91object Object%93\" ol_text_shadow_horizontal_length_tablet=\"0px\" ol_text_shadow_vertical_length=\"ol_text_shadow_style,%91object Object%93\" ol_text_shadow_vertical_length_tablet=\"0px\" ol_text_shadow_blur_strength=\"ol_text_shadow_style,%91object Object%93\" ol_text_shadow_blur_strength_tablet=\"1px\" quote_text_shadow_horizontal_length=\"quote_text_shadow_style,%91object Object%93\" quote_text_shadow_horizontal_length_tablet=\"0px\" quote_text_shadow_vertical_length=\"quote_text_shadow_style,%91object Object%93\" quote_text_shadow_vertical_length_tablet=\"0px\" quote_text_shadow_blur_strength=\"quote_text_shadow_style,%91object Object%93\" quote_text_shadow_blur_strength_tablet=\"1px\" header_text_shadow_horizontal_length=\"header_text_shadow_style,%91object Object%93\" header_text_shadow_horizontal_length_tablet=\"0px\" header_text_shadow_vertical_length=\"header_text_shadow_style,%91object Object%93\" header_text_shadow_vertical_length_tablet=\"0px\" header_text_shadow_blur_strength=\"header_text_shadow_style,%91object Object%93\" header_text_shadow_blur_strength_tablet=\"1px\" header_2_text_shadow_horizontal_length=\"header_2_text_shadow_style,%91object Object%93\" header_2_text_shadow_horizontal_length_tablet=\"0px\" header_2_text_shadow_vertical_length=\"header_2_text_shadow_style,%91object Object%93\" header_2_text_shadow_vertical_length_tablet=\"0px\" header_2_text_shadow_blur_strength=\"header_2_text_shadow_style,%91object Object%93\" header_2_text_shadow_blur_strength_tablet=\"1px\" header_3_text_shadow_horizontal_length=\"header_3_text_shadow_style,%91object Object%93\" header_3_text_shadow_horizontal_length_tablet=\"0px\" header_3_text_shadow_vertical_length=\"header_3_text_shadow_style,%91object Object%93\" header_3_text_shadow_vertical_length_tablet=\"0px\" header_3_text_shadow_blur_strength=\"header_3_text_shadow_style,%91object Object%93\" header_3_text_shadow_blur_strength_tablet=\"1px\" header_4_text_shadow_horizontal_length=\"header_4_text_shadow_style,%91object Object%93\" header_4_text_shadow_horizontal_length_tablet=\"0px\" header_4_text_shadow_vertical_length=\"header_4_text_shadow_style,%91object Object%93\" header_4_text_shadow_vertical_length_tablet=\"0px\" header_4_text_shadow_blur_strength=\"header_4_text_shadow_style,%91object Object%93\" header_4_text_shadow_blur_strength_tablet=\"1px\" header_5_text_shadow_horizontal_length=\"header_5_text_shadow_style,%91object Object%93\" header_5_text_shadow_horizontal_length_tablet=\"0px\" header_5_text_shadow_vertical_length=\"header_5_text_shadow_style,%91object Object%93\" header_5_text_shadow_vertical_length_tablet=\"0px\" header_5_text_shadow_blur_strength=\"header_5_text_shadow_style,%91object Object%93\" header_5_text_shadow_blur_strength_tablet=\"1px\" header_6_text_shadow_horizontal_length=\"header_6_text_shadow_style,%91object Object%93\" header_6_text_shadow_horizontal_length_tablet=\"0px\" header_6_text_shadow_vertical_length=\"header_6_text_shadow_style,%91object Object%93\" header_6_text_shadow_vertical_length_tablet=\"0px\" header_6_text_shadow_blur_strength=\"header_6_text_shadow_style,%91object Object%93\" header_6_text_shadow_blur_strength_tablet=\"1px\" custom_margin=\"0px|0px|0px|0px\" custom_padding=\"0px|0px|0px|0px\" box_shadow_horizontal_tablet=\"0px\" box_shadow_vertical_tablet=\"0px\" box_shadow_blur_tablet=\"40px\" box_shadow_spread_tablet=\"0px\" vertical_offset_tablet=\"0\" horizontal_offset_tablet=\"0\" z_index_tablet=\"0\"]<\/p>\n<h1 class=\"pageTitle\">M\u00f3dulos de Aprendizaje<\/h1>\n<p>[\/et_pb_text][et_pb_text admin_label=\"The Porchlight Autism Education Series is...\" _builder_version=\"4.6.5\" text_text_shadow_horizontal_length=\"text_text_shadow_style,%91object Object%93\" text_text_shadow_horizontal_length_tablet=\"0px\" text_text_shadow_vertical_length=\"text_text_shadow_style,%91object Object%93\" text_text_shadow_vertical_length_tablet=\"0px\" text_text_shadow_blur_strength=\"text_text_shadow_style,%91object Object%93\" text_text_shadow_blur_strength_tablet=\"1px\" link_text_shadow_horizontal_length=\"link_text_shadow_style,%91object Object%93\" link_text_shadow_horizontal_length_tablet=\"0px\" link_text_shadow_vertical_length=\"link_text_shadow_style,%91object Object%93\" link_text_shadow_vertical_length_tablet=\"0px\" link_text_shadow_blur_strength=\"link_text_shadow_style,%91object Object%93\" link_text_shadow_blur_strength_tablet=\"1px\" ul_text_shadow_horizontal_length=\"ul_text_shadow_style,%91object Object%93\" ul_text_shadow_horizontal_length_tablet=\"0px\" ul_text_shadow_vertical_length=\"ul_text_shadow_style,%91object Object%93\" ul_text_shadow_vertical_length_tablet=\"0px\" ul_text_shadow_blur_strength=\"ul_text_shadow_style,%91object Object%93\" ul_text_shadow_blur_strength_tablet=\"1px\" ol_text_shadow_horizontal_length=\"ol_text_shadow_style,%91object Object%93\" ol_text_shadow_horizontal_length_tablet=\"0px\" ol_text_shadow_vertical_length=\"ol_text_shadow_style,%91object Object%93\" ol_text_shadow_vertical_length_tablet=\"0px\" ol_text_shadow_blur_strength=\"ol_text_shadow_style,%91object Object%93\" ol_text_shadow_blur_strength_tablet=\"1px\" quote_text_shadow_horizontal_length=\"quote_text_shadow_style,%91object Object%93\" quote_text_shadow_horizontal_length_tablet=\"0px\" quote_text_shadow_vertical_length=\"quote_text_shadow_style,%91object Object%93\" quote_text_shadow_vertical_length_tablet=\"0px\" quote_text_shadow_blur_strength=\"quote_text_shadow_style,%91object Object%93\" quote_text_shadow_blur_strength_tablet=\"1px\" header_text_shadow_horizontal_length=\"header_text_shadow_style,%91object Object%93\" header_text_shadow_horizontal_length_tablet=\"0px\" header_text_shadow_vertical_length=\"header_text_shadow_style,%91object Object%93\" header_text_shadow_vertical_length_tablet=\"0px\" header_text_shadow_blur_strength=\"header_text_shadow_style,%91object Object%93\" header_text_shadow_blur_strength_tablet=\"1px\" header_2_text_shadow_horizontal_length=\"header_2_text_shadow_style,%91object Object%93\" header_2_text_shadow_horizontal_length_tablet=\"0px\" header_2_text_shadow_vertical_length=\"header_2_text_shadow_style,%91object Object%93\" header_2_text_shadow_vertical_length_tablet=\"0px\" header_2_text_shadow_blur_strength=\"header_2_text_shadow_style,%91object Object%93\" header_2_text_shadow_blur_strength_tablet=\"1px\" header_3_text_shadow_horizontal_length=\"header_3_text_shadow_style,%91object Object%93\" header_3_text_shadow_horizontal_length_tablet=\"0px\" header_3_text_shadow_vertical_length=\"header_3_text_shadow_style,%91object Object%93\" header_3_text_shadow_vertical_length_tablet=\"0px\" header_3_text_shadow_blur_strength=\"header_3_text_shadow_style,%91object Object%93\" header_3_text_shadow_blur_strength_tablet=\"1px\" header_4_text_shadow_horizontal_length=\"header_4_text_shadow_style,%91object Object%93\" header_4_text_shadow_horizontal_length_tablet=\"0px\" header_4_text_shadow_vertical_length=\"header_4_text_shadow_style,%91object Object%93\" header_4_text_shadow_vertical_length_tablet=\"0px\" header_4_text_shadow_blur_strength=\"header_4_text_shadow_style,%91object Object%93\" header_4_text_shadow_blur_strength_tablet=\"1px\" header_5_text_shadow_horizontal_length=\"header_5_text_shadow_style,%91object Object%93\" header_5_text_shadow_horizontal_length_tablet=\"0px\" header_5_text_shadow_vertical_length=\"header_5_text_shadow_style,%91object Object%93\" header_5_text_shadow_vertical_length_tablet=\"0px\" header_5_text_shadow_blur_strength=\"header_5_text_shadow_style,%91object Object%93\" header_5_text_shadow_blur_strength_tablet=\"1px\" header_6_text_shadow_horizontal_length=\"header_6_text_shadow_style,%91object Object%93\" header_6_text_shadow_horizontal_length_tablet=\"0px\" header_6_text_shadow_vertical_length=\"header_6_text_shadow_style,%91object Object%93\" header_6_text_shadow_vertical_length_tablet=\"0px\" header_6_text_shadow_blur_strength=\"header_6_text_shadow_style,%91object Object%93\" header_6_text_shadow_blur_strength_tablet=\"1px\" custom_margin=\"20px||0px|\" custom_padding=\"0px||0px|\" box_shadow_horizontal_tablet=\"0px\" box_shadow_vertical_tablet=\"0px\" box_shadow_blur_tablet=\"40px\" box_shadow_spread_tablet=\"0px\" vertical_offset_tablet=\"0\" horizontal_offset_tablet=\"0\" z_index_tablet=\"0\"]<\/p>\n<p><span style=\"font-weight:bold;\">La Serie de Educaci\u00f3n sobre Autismo de Porchlight<\/span> es un programa de eLearning gratuito con m\u00e1s de 50 m\u00f3dulos dise\u00f1ados para ofrecer soluciones de conducta a los desaf\u00edos cotidianos que los padres o cuidadores pueden enfrentar en el mundo de las discapacidades del desarrollo.<\/p>\n<p>Los ni\u00f1os con autismo a menudo tienen d\u00e9ficits en el desarrollo del lenguaje, social y del comportamiento. Estos m\u00f3dulos pueden ayudarlo a ense\u00f1arle a su hijo a desarrollar habilidades para la vida.<\/p>\n<p>Cada m\u00f3dulo es un curso corto de 3-10 minutos creado por personal altamente capacitado, que incluye terapeutas ocupacionales, pat\u00f3logos del habla y del lenguaje y analistas de conducta certificados por la Junta que:<\/p>\n<ul style=\"margin-top:10px;margin-left:20px;\">\n<li>Muestra teor\u00eda e instrucci\u00f3n pr\u00e1ctica<\/li>\n<li>Da a los padres ejemplos espec\u00edficos de modificaciones de comportamiento<\/li>\n<li>Proporciona PDF de informaci\u00f3n del m\u00f3dulo<\/li>\n<\/ul>\n<div class=\"clearboth\"><\/div>\n<p>[\/et_pb_text][et_pb_text admin_label=\"Learning Modules code\" _builder_version=\"3.27.4\" text_text_shadow_horizontal_length=\"text_text_shadow_style,%91object Object%93\" text_text_shadow_horizontal_length_tablet=\"0px\" text_text_shadow_vertical_length=\"text_text_shadow_style,%91object Object%93\" text_text_shadow_vertical_length_tablet=\"0px\" text_text_shadow_blur_strength=\"text_text_shadow_style,%91object Object%93\" text_text_shadow_blur_strength_tablet=\"1px\" link_text_shadow_horizontal_length=\"link_text_shadow_style,%91object Object%93\" link_text_shadow_horizontal_length_tablet=\"0px\" link_text_shadow_vertical_length=\"link_text_shadow_style,%91object Object%93\" link_text_shadow_vertical_length_tablet=\"0px\" link_text_shadow_blur_strength=\"link_text_shadow_style,%91object Object%93\" link_text_shadow_blur_strength_tablet=\"1px\" ul_text_shadow_horizontal_length=\"ul_text_shadow_style,%91object Object%93\" ul_text_shadow_horizontal_length_tablet=\"0px\" ul_text_shadow_vertical_length=\"ul_text_shadow_style,%91object Object%93\" ul_text_shadow_vertical_length_tablet=\"0px\" ul_text_shadow_blur_strength=\"ul_text_shadow_style,%91object Object%93\" ul_text_shadow_blur_strength_tablet=\"1px\" ol_text_shadow_horizontal_length=\"ol_text_shadow_style,%91object Object%93\" ol_text_shadow_horizontal_length_tablet=\"0px\" ol_text_shadow_vertical_length=\"ol_text_shadow_style,%91object Object%93\" ol_text_shadow_vertical_length_tablet=\"0px\" ol_text_shadow_blur_strength=\"ol_text_shadow_style,%91object Object%93\" ol_text_shadow_blur_strength_tablet=\"1px\" quote_text_shadow_horizontal_length=\"quote_text_shadow_style,%91object Object%93\" quote_text_shadow_horizontal_length_tablet=\"0px\" quote_text_shadow_vertical_length=\"quote_text_shadow_style,%91object Object%93\" quote_text_shadow_vertical_length_tablet=\"0px\" quote_text_shadow_blur_strength=\"quote_text_shadow_style,%91object Object%93\" quote_text_shadow_blur_strength_tablet=\"1px\" header_text_shadow_horizontal_length=\"header_text_shadow_style,%91object Object%93\" header_text_shadow_horizontal_length_tablet=\"0px\" header_text_shadow_vertical_length=\"header_text_shadow_style,%91object Object%93\" header_text_shadow_vertical_length_tablet=\"0px\" header_text_shadow_blur_strength=\"header_text_shadow_style,%91object Object%93\" header_text_shadow_blur_strength_tablet=\"1px\" header_2_text_shadow_horizontal_length=\"header_2_text_shadow_style,%91object Object%93\" header_2_text_shadow_horizontal_length_tablet=\"0px\" header_2_text_shadow_vertical_length=\"header_2_text_shadow_style,%91object Object%93\" header_2_text_shadow_vertical_length_tablet=\"0px\" header_2_text_shadow_blur_strength=\"header_2_text_shadow_style,%91object Object%93\" header_2_text_shadow_blur_strength_tablet=\"1px\" header_3_text_shadow_horizontal_length=\"header_3_text_shadow_style,%91object Object%93\" header_3_text_shadow_horizontal_length_tablet=\"0px\" header_3_text_shadow_vertical_length=\"header_3_text_shadow_style,%91object Object%93\" header_3_text_shadow_vertical_length_tablet=\"0px\" header_3_text_shadow_blur_strength=\"header_3_text_shadow_style,%91object Object%93\" header_3_text_shadow_blur_strength_tablet=\"1px\" header_4_text_shadow_horizontal_length=\"header_4_text_shadow_style,%91object Object%93\" header_4_text_shadow_horizontal_length_tablet=\"0px\" header_4_text_shadow_vertical_length=\"header_4_text_shadow_style,%91object Object%93\" header_4_text_shadow_vertical_length_tablet=\"0px\" header_4_text_shadow_blur_strength=\"header_4_text_shadow_style,%91object Object%93\" header_4_text_shadow_blur_strength_tablet=\"1px\" header_5_text_shadow_horizontal_length=\"header_5_text_shadow_style,%91object Object%93\" header_5_text_shadow_horizontal_length_tablet=\"0px\" header_5_text_shadow_vertical_length=\"header_5_text_shadow_style,%91object Object%93\" header_5_text_shadow_vertical_length_tablet=\"0px\" header_5_text_shadow_blur_strength=\"header_5_text_shadow_style,%91object Object%93\" header_5_text_shadow_blur_strength_tablet=\"1px\" header_6_text_shadow_horizontal_length=\"header_6_text_shadow_style,%91object Object%93\" header_6_text_shadow_horizontal_length_tablet=\"0px\" header_6_text_shadow_vertical_length=\"header_6_text_shadow_style,%91object Object%93\" header_6_text_shadow_vertical_length_tablet=\"0px\" header_6_text_shadow_blur_strength=\"header_6_text_shadow_style,%91object Object%93\" header_6_text_shadow_blur_strength_tablet=\"1px\" box_shadow_horizontal_tablet=\"0px\" box_shadow_vertical_tablet=\"0px\" box_shadow_blur_tablet=\"40px\" box_shadow_spread_tablet=\"0px\" z_index_tablet=\"500\"]<\/p>\n<div class='et-learn-more et-open clearfix'>\n\t\t\t\t\t<h3 class='heading-more open'>Para Entender el Autismo<span class='et_learnmore_arrow'><span><\/span><\/span><\/h3>\n\t\t\t\t\t<div class='learn-more-content'><div class=\"one_fourth newLearningModuleButton\"><a href='\/es\/para-entender-el-autismo\/' class='small-button smallblue'>Para entender el Autismo *<\/a><\/div>\n<div class=\"one_fourth newLearningModuleButton\"><a href='\/es\/opciones-de-tratamiento\/' class='small-button smallblue'>Opciones de Tratamiento *<\/a><\/div>\n<div class=\"one_fourth newLearningModuleButton\"><a href='\/es\/terminos-comunes\/' class='small-button smallblue'>T\u00e9rminos Comunes<\/a><\/div>\n<div class=\"one_fourth last newLearningModuleButton\"><a href='\/es\/para-entender-las-respuestas-sensoriales\/' class='small-button smallblue'>Para Entender las Respuestas Sensoriales<\/a><\/div>\n<div class=\"clearboth\"><\/div>\n<div class=\"one_fourth last newLearningModuleButton\"><a href='\/es\/recoleccion-de-datos\/' class='small-button smallblue'>Recolecci\u00f3n de Datos<\/a><\/div>\n<div class=\"clearboth\"><\/div><\/div>\n\t\t\t\t<\/div><br \/>\n<div class='et-learn-more et-open clearfix'>\n\t\t\t\t\t<h3 class='heading-more open'>Rutinas Diarias y Habilidades para la Vida<span class='et_learnmore_arrow'><span><\/span><\/span><\/h3>\n\t\t\t\t\t<div class='learn-more-content'><div class=\"one_fourth newLearningModuleButton\"><a href='\/es\/rutinas-diarias\/' class='small-button smallblue'>Rutinas Diarias *<\/a><\/div>\n<div class=\"one_fourth newLearningModuleButton\"><a href='\/es\/crear-un-ambiente-de-apoyo\/' class='small-button smallblue'>Crear un Ambiente de Apoyo *<\/a><\/div>\n<div class=\"one_fourth newLearningModuleButton\"><a href='\/es\/habilidades-de-juego-independiente\/' class='small-button smallblue'>Habilidades de Juego Independiente *<\/a><\/div>\n<div class=\"one_fourth last newLearningModuleButton\"><a href='\/es\/dejar-el-panal\/' class='small-button smallblue'>Dejar el Pa\u00f1al<\/a><\/div>\n<div class=\"clearboth\"><\/div><\/div>\n\t\t\t\t<\/div><br \/>\n<div class='et-learn-more et-open clearfix'>\n\t\t\t\t\t<h3 class='heading-more open'>Habilidades Sociales<span class='et_learnmore_arrow'><span><\/span><\/span><\/h3>\n\t\t\t\t\t<div class='learn-more-content'><div class=\"one_fourth newLearningModuleButton\"><a href='\/es\/saludar-a-las-personas\/' class='small-button smallblue'>Saludar a las Personas *<\/a><\/div>\n<div class=\"one_fourth newLearningModuleButton\"><a href='\/es\/planeacion-para-los-dias-festivos\/' class='small-button smallblue'>Planeaci\u00f3n para los D\u00edas Festivos<\/a><\/div>\n<div class=\"one_fourth last newLearningModuleButton\"><a href='\/es\/historias-sociales\/' class='small-button smallblue'>Historias Sociales<\/a><\/div>\n<div class=\"clearboth\"><\/div><\/div>\n\t\t\t\t<\/div><br \/>\n<div class='et-learn-more et-open clearfix'>\n\t\t\t\t\t<h3 class='heading-more open'>Habilidades de Comunicaci\u00f3n<span class='et_learnmore_arrow'><span><\/span><\/span><\/h3>\n\t\t\t\t\t<div class='learn-more-content'><div class=\"one_fourth newLearningModuleButton\"><a href='\/es\/mandos\/' class='small-button smallblue'>Mandos<\/a><\/div>\n<div class=\"one_fourth newLearningModuleButton\"><a href='\/es\/comunicacion-functional\/' class='small-button smallblue'>Comunicaci\u00f3n Funcional *<\/a><\/div>\n<div class=\"one_fourth last newLearningModuleButton\"><a href='\/es\/sistemas-de-comunicacion-visual\/' class='small-button smallblue'>Sistemas de Comunicaci\u00f3n Visual<\/a><\/div>\n<div class=\"clearboth\"><\/div><\/div>\n\t\t\t\t<\/div><br \/>\n<div class='et-learn-more et-open clearfix'>\n\t\t\t\t\t<h3 class='heading-more open'>Conductas<span class='et_learnmore_arrow'><span><\/span><\/span><\/h3>\n\t\t\t\t\t<div class='learn-more-content'><div class=\"one_fourth newLearningModuleButton\"><a href='\/es\/puntos-basicos-sobre-la-conducta\/' class='small-button smallblue'>Puntos B\u00e1sicos sobre la Conducta<\/a><\/div>\n<div class=\"one_fourth newLearningModuleButton\"><a href='\/es\/que-causa-la-conducta\/' class='small-button smallblue'>Qu\u00e9 Causa la Conducta<\/a><\/div>\n<div class=\"one_fourth newLearningModuleButton\"><a href='\/es\/evocar-conductas-positivas\/' class='small-button smallblue'>Evocar Conductas Positivas<\/a><\/div>\n<div class=\"one_fourth last newLearningModuleButton\"><a href='\/es\/incentivos\/' class='small-button smallblue'>Incentivos<\/a><\/div>\n<div class=\"clearboth\"><\/div>\n<div class=\"one_fourth newLearningModuleButton\"><a href='\/es\/reforzamiento\/' class='small-button smallblue'>Reforzamiento<\/a><\/div>\n<div class=\"one_fourth last newLearningModuleButton\"><a href='\/es\/los-abc-de-aba\/' class='small-button smallblue'>Los ABC de ABA *<\/a><\/div>\n<div class=\"clearboth\"><\/div><\/div>\n\t\t\t\t<\/div><\/p>\n<p>[\/et_pb_text][et_pb_text admin_label=\"Text below Learning Modules\" _builder_version=\"3.17.5\" custom_margin=\"0px||0px|\" custom_padding=\"0px||0px|\" text_orientation=\"left\"]<\/p>\n<div class=\"clearboth\"><\/div>\n<p style=\"font-size:13px;margin-top:10px;\">La Serie de Educaci\u00f3n sobre Autismo de Porchlight se presenta como una fuente de informaci\u00f3n para ayudarlo a comunicarse efectivamente con los miembros de su familia, pediatras, terapeutas, asistentes sociales, maestros, amigos y otros miembros de su equipo de atenci\u00f3n sobre autismo. Esta informaci\u00f3n no pretende ser un sustituto de la terapia profesional; es simplemente para proporcionar conocimiento sobre el Trastorno del Espectro Autista (TEA), el An\u00e1lisis del Comportamiento Aplicado (ABA) y otras t\u00e9cnicas de comportamiento que son ampliamente reconocidas como sugerencias beneficiosas por profesionales capacitados. Haga clic para <a href=\"\/files\/es\/PACE%20y%20Porchlight%20Privacidad.pdf\" target=\"_blank\" rel=\"noopener noreferrer\">revisar nuestra privacidad y t\u00e9rminos<\/a>.<\/p>\n<p style=\"font-size:13px;margin-top:5px;\">NOTA: Si est\u00e1 viendo los m\u00f3dulos de aprendizaje en su tel\u00e9fono m\u00f3vil, aseg\u00farese de que el interruptor de timbre est\u00e9 en la posici\u00f3n de \"Timbre encendido\" y que su audio\/sonido no est\u00e9 silenciado.<\/p>\n<p style=\"font-size:13px;margin-top:5px;\">* M\u00f3dulos de Aprendizaje disponibles en Espa\u00f1ol<\/p>\n<p style=\"font-size:13px;margin-top:5px;\"><a href=\"\/plsurvey\" target=\"_blank\" rel=\"noopener noreferrer\"><span class=\"surveyLink\">i<\/span><\/a>&nbsp;Muchas gracias por ver la Serie de Educaci\u00f3n sobre Autismo de Porchlight. Le rogamos que nos ayude a mejorar la serie completando esta <a href=\"\/plsurvey\" target=\"_blank\" rel=\"noopener noreferrer\">breve encuesta<\/a>?<\/p>\n<div style=\"margin-top:10px;\"><\/div>\n<p>[\/et_pb_text][\/et_pb_column][\/et_pb_row][\/et_pb_section]<\/p>\n","protected":false},"excerpt":{"rendered":"<p>M\u00f3dulos de Aprendizaje La Serie de Educaci\u00f3n sobre Autismo de Porchlight es un programa de eLearning gratuito con m\u00e1s de 50 m\u00f3dulos dise\u00f1ados para ofrecer soluciones de conducta a los desaf\u00edos cotidianos que los padres o cuidadores pueden enfrentar en el mundo de las discapacidades del desarrollo. Los ni\u00f1os con autismo a menudo tienen d\u00e9ficits [&hellip;]<\/p>\n","protected":false},"author":2,"featured_media":0,"parent":0,"menu_order":0,"comment_status":"closed","ping_status":"closed","template":"","meta":{"_et_pb_use_builder":"on","_et_pb_old_content":"","_et_gb_content_width":"","footnotes":""},"categories":[],"tags":[],"class_list":["post-2951","page","type-page","status-publish","hentry"],"_links":{"self":[{"href":"https:\/\/www.porchlighteducation.org\/es\/wp-json\/wp\/v2\/pages\/2951","targetHints":{"allow":["GET"]}}],"collection":[{"href":"https:\/\/www.porchlighteducation.org\/es\/wp-json\/wp\/v2\/pages"}],"about":[{"href":"https:\/\/www.porchlighteducation.org\/es\/wp-json\/wp\/v2\/types\/page"}],"author":[{"embeddable":true,"href":"https:\/\/www.porchlighteducation.org\/es\/wp-json\/wp\/v2\/users\/2"}],"replies":[{"embeddable":true,"href":"https:\/\/www.porchlighteducation.org\/es\/wp-json\/wp\/v2\/comments?post=2951"}],"version-history":[{"count":5,"href":"https:\/\/www.porchlighteducation.org\/es\/wp-json\/wp\/v2\/pages\/2951\/revisions"}],"predecessor-version":[{"id":3080,"href":"https:\/\/www.porchlighteducation.org\/es\/wp-json\/wp\/v2\/pages\/2951\/revisions\/3080"}],"wp:attachment":[{"href":"https:\/\/www.porchlighteducation.org\/es\/wp-json\/wp\/v2\/media?parent=2951"}],"wp:term":[{"taxonomy":"category","embeddable":true,"href":"https:\/\/www.porchlighteducation.org\/es\/wp-json\/wp\/v2\/categories?post=2951"},{"taxonomy":"post_tag","embeddable":true,"href":"https:\/\/www.porchlighteducation.org\/es\/wp-json\/wp\/v2\/tags?post=2951"}],"curies":[{"name":"wp","href":"https:\/\/api.w.org\/{rel}","templated":true}]}}