{"id":2368,"date":"2018-07-06T11:51:59","date_gmt":"2018-07-06T18:51:59","guid":{"rendered":"https:\/\/www.porchlighteducation.org\/donate\/"},"modified":"2026-03-05T15:40:49","modified_gmt":"2026-03-05T23:40:49","slug":"donar","status":"publish","type":"page","link":"https:\/\/www.porchlighteducation.org\/es\/donar\/","title":{"rendered":"Donar"},"content":{"rendered":"<h3>Apoye Nuestro Trabajo<\/h3>\n<p class=\"PACEPara\">Nuestro objetivo es proporcionar contenido de eLearning de alta calidad para familias y cuidadores de personas con autismo. Su generosidad y contribuciones financieras ayudar\u00e1n a continuar este trabajo innovador y compartir esta informaci\u00f3n globalmente.<\/p>\n<h4 style=\"margin-top:10px;padding-bottom: 0px;\">Donar en l\u00ednea<\/h4>\n<p><img decoding=\"async\" class=\"customFloatRightImage\" style=\"margin-top:20px;\" alt=\"Parents viewing Porchlight Autism Learning Modules\" src=\"\/files\/parents-at-laptop-001.jpg\" \/><\/p>\n<p class=\"PACEPara\">Done en l\u00ednea con su tarjeta de cr\u00e9dito a trav\u00e9s de <span class=\"boldLink\">un procesamiento en l\u00ednea seguro<\/span> proporcionado por Bloomerang Fundraising, un servicio l\u00edder de procesamiento de pagos para organizaciones sin fines de lucro. Simplemente haga clic en el bot\u00f3n de abajo para comenzar.<\/p>\n<p class=\"PACEPara\"><a href='\/donate\/donate-online\/' class='big-button big#222222'>Donar a Porchlight<\/a>\n<\/p>\n<h4 style=\"margin-top:10px;\">Donar por Correo<\/h4>\n<p class=\"PACEPara\">Env\u00ede informaci\u00f3n sobre cheques, efectivo o tarjeta de cr\u00e9dito a:<br \/>PACE Development Department<br \/>1880 Pruneridge Avenue<br \/>Santa Clara, CA 95050<br \/>ATTN: PORCHLIGHT PROJECT<\/p>\n<div class=\"clearboth\"><\/div>\n<p class=\"PACEPara\" style=\"margin-top:0px;\">Porchlight Autism Education Series es un proyecto ofrecido por Pacific Autism Center for Education (PACE), una organizaci\u00f3n sin fines de lucro 501 (c) (3), EIN 77-0259858. Los obsequios a PACE para el Proyecto Porchlight son deducibles de impuestos seg\u00fan lo especificado por la ley tributaria actual. Haga clic para <a class=\"boldLink\" href=\"https:\/\/app.candid.org\/profile\/8226883\/pacific-autism-center-for-education-77-0259858\" target=\"_blank\" rel=\"noopener noreferrer\">ver nuestra legitimidad del IRS, el Formulario 990 y las finanzas<\/a>.<\/p>\n<div class=\"one_third\">\n<h3 style=\"margin-top:25px;\">El Personal<\/h3>\n<p class=\"PACEPara\"><span style=\"font-weight:bold;\">Sarah Zetlmeisl<\/span><br \/>Gerente S\u00e9nior de Marketing y Desarrollo<br \/><a class=\"boldLink\" href=\"mailto:development@pacificautism.org\" target=\"_blank\" rel=\"noopener noreferrer\">development@pacificautism.org<\/a><\/p>\n<\/div>\n<div class=\"one_third\">\n<p class=\"PACEPara\" style=\"margin-top: 20px;\"><a href=\"https:\/\/app.candid.org\/profile\/8226883\/pacific-autism-center-for-education-77-0259858\" target=\"_blank\" rel=\"noopener noreferrer\"><img decoding=\"async\" src=\"https:\/\/widgets.guidestar.org\/prod\/v1\/pdp\/transparency-seal\/8226883\/svg\" alt=\"Platinum Transparency Candid Graphic\"><\/a><\/p>\n<\/div>\n<div class=\"one_third last\">\n<\/div>\n<div class=\"clearboth\"><\/div>\n","protected":false},"excerpt":{"rendered":"<p>Apoye Nuestro Trabajo Nuestro objetivo es proporcionar contenido de eLearning de alta calidad para familias y cuidadores de personas con autismo. Su generosidad y contribuciones financieras ayudar\u00e1n a continuar este trabajo innovador y compartir esta informaci\u00f3n globalmente. Donar en l\u00ednea Done en l\u00ednea con su tarjeta de cr\u00e9dito a trav\u00e9s de un procesamiento en l\u00ednea [&hellip;]<\/p>\n","protected":false},"author":2,"featured_media":0,"parent":0,"menu_order":0,"comment_status":"closed","ping_status":"closed","template":"","meta":{"_et_pb_use_builder":"","_et_pb_old_content":"","_et_gb_content_width":"","footnotes":""},"categories":[],"tags":[],"class_list":["post-2368","page","type-page","status-publish","hentry"],"_links":{"self":[{"href":"https:\/\/www.porchlighteducation.org\/es\/wp-json\/wp\/v2\/pages\/2368","targetHints":{"allow":["GET"]}}],"collection":[{"href":"https:\/\/www.porchlighteducation.org\/es\/wp-json\/wp\/v2\/pages"}],"about":[{"href":"https:\/\/www.porchlighteducation.org\/es\/wp-json\/wp\/v2\/types\/page"}],"author":[{"embeddable":true,"href":"https:\/\/www.porchlighteducation.org\/es\/wp-json\/wp\/v2\/users\/2"}],"replies":[{"embeddable":true,"href":"https:\/\/www.porchlighteducation.org\/es\/wp-json\/wp\/v2\/comments?post=2368"}],"version-history":[{"count":11,"href":"https:\/\/www.porchlighteducation.org\/es\/wp-json\/wp\/v2\/pages\/2368\/revisions"}],"predecessor-version":[{"id":3477,"href":"https:\/\/www.porchlighteducation.org\/es\/wp-json\/wp\/v2\/pages\/2368\/revisions\/3477"}],"wp:attachment":[{"href":"https:\/\/www.porchlighteducation.org\/es\/wp-json\/wp\/v2\/media?parent=2368"}],"wp:term":[{"taxonomy":"category","embeddable":true,"href":"https:\/\/www.porchlighteducation.org\/es\/wp-json\/wp\/v2\/categories?post=2368"},{"taxonomy":"post_tag","embeddable":true,"href":"https:\/\/www.porchlighteducation.org\/es\/wp-json\/wp\/v2\/tags?post=2368"}],"curies":[{"name":"wp","href":"https:\/\/api.w.org\/{rel}","templated":true}]}}