{"id":1932,"date":"2016-07-27T13:47:01","date_gmt":"2016-07-27T20:47:01","guid":{"rendered":"https:\/\/www.porchlighteducation.org\/es\/?page_id=1932"},"modified":"2024-01-10T05:03:00","modified_gmt":"2024-01-10T13:03:00","slug":"comunicacion-functional","status":"publish","type":"page","link":"https:\/\/www.porchlighteducation.org\/es\/comunicacion-functional\/","title":{"rendered":"Comunicacion Functional"},"content":{"rendered":"<div class=\"learningModuleDiv\">\n<h1 class=\"learningModuleFirstPage\" style=\"margin-top:-20px;margin-bottom:0px;padding-top:0px;padding-bottom:0px;\">Comunicaci\u00f3n Funcional<\/h1>\n<p><a href=\"https:\/\/www.porchlighteducation.org\/es\/comunicacion-functional-modulo\/\"><br \/>\n<img decoding=\"async\" style=\"margin-bottom: 0px;\" alt=\"Comunicacion Functional\" src=\"\/modules\/images\/comunicacion-funcional.jpg\" \/><br \/>\n<\/a><\/p>\n<p style=\"margin-top:0px;\">Este m\u00f3dulo proporciona una visi\u00f3n general de las formas en que se puede ense\u00f1ar a su hijo la comunicaci\u00f3n funcional. Habilidades funcionales de comunicaci\u00f3n son formas de conducta verbal y no verbal que el ni\u00f1o utiliza para expresar sus necesidades, deseos, sentimientos y preferencias de una manera que otros puedan entenderlos. Hacer clic o tocar en el gr\u00e1fico de arriba para ver este m\u00f3dulo<\/p>\n<div class=\"one_half\">\n<div style=\"margin-top:20px;\"><\/div>\n<div class=\"customFloatLeftImage\" style=\"margin-top:7px;width:75px;height:auto;\"><a href=\"\/modules\/summaries\/es\/comunicacion-funcional-resumen.pdf\" target=\"_blank\" rel=\"noopener\"><img decoding=\"async\" src=\"\/files\/book-icon-003.png\" alt=\"Un resumen de M\u00f3dulo de Aprendizaje\"><\/a><\/div>\n<div style=\"width: auto; overflow: hidden;\">\n<p style=\"margin-top:0px;\">Vea, descargue e imprima <a href=\"\/modules\/summaries\/es\/comunicacion-funcional-resumen.pdf\" target=\"_blank\" rel=\"noopener\">un resumen detallado<\/a> de este m\u00f3dulo.<\/p>\n<\/div>\n<div class=\"clearboth\"><\/div>\n<\/div>\n<div class=\"one_half last\">\n<div style=\"margin-top:20px;\"><\/div>\n<div class=\"customFloatLeftImage\" style=\"margin-top:7px;width:75px;height:auto;\"><a href=\"\/plsurvey\" target=\"_blank\" rel=\"noopener\"><img decoding=\"async\" src=\"\/files\/question-icon-002.png\" alt=\"Una encuesta de M\u00f3dulo de Aprendizaje\"><\/a><\/div>\n<div style=\"width: auto; overflow: hidden;\">\n<p style=\"margin-top:0px;\">Gracias por ver nuestros m\u00f3dulos de aprendizaje usted. \u00bfPor favor ayudarnos a mejorar la serie completando este <a href=\"\/plsurvey\" target=\"_blank\" rel=\"noopener\">encuesta corta<\/a>?<\/p>\n<\/div>\n<div class=\"clearboth\"><\/div>\n<\/div>\n<\/div>\n","protected":false},"excerpt":{"rendered":"<p>Comunicaci\u00f3n Funcional Este m\u00f3dulo proporciona una visi\u00f3n general de las formas en que se puede ense\u00f1ar a su hijo la comunicaci\u00f3n funcional. Habilidades funcionales de comunicaci\u00f3n son formas de conducta verbal y no verbal que el ni\u00f1o utiliza para expresar sus necesidades, deseos, sentimientos y preferencias de una manera que otros puedan entenderlos. Hacer clic [&hellip;]<\/p>\n","protected":false},"author":2,"featured_media":0,"parent":0,"menu_order":0,"comment_status":"closed","ping_status":"closed","template":"","meta":{"_et_pb_use_builder":"","_et_pb_old_content":"","_et_gb_content_width":"","footnotes":""},"categories":[1083],"tags":[2028,934,933,1360,1021,931,2031,1228,1565,1008,927,2029,1292,2030,993,1185,2032,2033,1329,1026,1274,1367,1190,3058,1078,3059],"class_list":["post-1932","page","type-page","status-publish","hentry","category-learning-es","tag-cereales","tag-comunicacion","tag-comunicarse","tag-el-aprendizaje","tag-el-autismo","tag-el-comportamiento","tag-el-gesto","tag-el-lenguaje","tag-ensenar","tag-entender","tag-evaluacion","tag-expresar","tag-funcion","tag-funcional","tag-habilidades","tag-imagen","tag-la-mala-adaptacion","tag-las-necesidades","tag-modulo","tag-nino","tag-no-deseable","tag-no-verbal","tag-reforzar","tag-shaping-es","tag-terapeuta","tag-verbal-es"],"_links":{"self":[{"href":"https:\/\/www.porchlighteducation.org\/es\/wp-json\/wp\/v2\/pages\/1932","targetHints":{"allow":["GET"]}}],"collection":[{"href":"https:\/\/www.porchlighteducation.org\/es\/wp-json\/wp\/v2\/pages"}],"about":[{"href":"https:\/\/www.porchlighteducation.org\/es\/wp-json\/wp\/v2\/types\/page"}],"author":[{"embeddable":true,"href":"https:\/\/www.porchlighteducation.org\/es\/wp-json\/wp\/v2\/users\/2"}],"replies":[{"embeddable":true,"href":"https:\/\/www.porchlighteducation.org\/es\/wp-json\/wp\/v2\/comments?post=1932"}],"version-history":[{"count":11,"href":"https:\/\/www.porchlighteducation.org\/es\/wp-json\/wp\/v2\/pages\/1932\/revisions"}],"predecessor-version":[{"id":3352,"href":"https:\/\/www.porchlighteducation.org\/es\/wp-json\/wp\/v2\/pages\/1932\/revisions\/3352"}],"wp:attachment":[{"href":"https:\/\/www.porchlighteducation.org\/es\/wp-json\/wp\/v2\/media?parent=1932"}],"wp:term":[{"taxonomy":"category","embeddable":true,"href":"https:\/\/www.porchlighteducation.org\/es\/wp-json\/wp\/v2\/categories?post=1932"},{"taxonomy":"post_tag","embeddable":true,"href":"https:\/\/www.porchlighteducation.org\/es\/wp-json\/wp\/v2\/tags?post=1932"}],"curies":[{"name":"wp","href":"https:\/\/api.w.org\/{rel}","templated":true}]}}