{"id":1465,"date":"2015-10-23T03:32:36","date_gmt":"2015-10-23T10:32:36","guid":{"rendered":"https:\/\/www.porchlighteducation.org\/es\/?page_id=1465"},"modified":"2024-01-11T04:12:26","modified_gmt":"2024-01-11T12:12:26","slug":"terminos-comunes","status":"publish","type":"page","link":"https:\/\/www.porchlighteducation.org\/es\/terminos-comunes\/","title":{"rendered":"T\u00e9rminos Comunes"},"content":{"rendered":"<div class=\"learningModuleDiv\">\n<h1 class=\"learningModuleFirstPage\" style=\"margin-top:-20px;margin-bottom:0px;padding-top:0px;padding-bottom:0px;\">T\u00e9rminos Comunes<\/h1>\n<p><a href=\"https:\/\/www.porchlighteducation.org\/es\/terminos-comunes-modulo\/\"><br \/>\n<img decoding=\"async\" style=\"margin-bottom: 0px;\" alt=\"T\u00e9rminos Comunes\" src=\"\/modules\/images\/terms.jpg\" \/><br \/>\n<\/a><\/p>\n<p style=\"margin-top:0px;\">Este m\u00f3dulo explica algunos de los t\u00e9rminos que es probable que escuche durante discusiones con los terapeutas, educadores y m\u00e9dicos de su hijo. Algunos de estos t\u00e9rminos pueden ser espec\u00edficos para California; sin embargo, cada estado tiene grupos de servicio y apoyo similares, que usted puede contactar. Hacer clic o tocar en el gr\u00e1fico de arriba para ver este m\u00f3dulo<\/p>\n<div class=\"one_half\">\n<div style=\"margin-top:20px;\"><\/div>\n<div class=\"customFloatLeftImage\" style=\"margin-top:7px;width:75px;height:auto;\"><a href=\"\/modules\/summaries\/es\/glosario-de-terminos-funcionales-pace-resumen.pdf\" target=\"_blank\" rel=\"noopener\"><img decoding=\"async\" src=\"\/files\/book-icon-003.png\" alt=\"Un resumen de M\u00f3dulo de Aprendizaje\"><\/a><\/div>\n<div style=\"width: auto; overflow: hidden;\">\n<p style=\"margin-top:0px;\">Vea, descargue e imprima <a href=\"\/modules\/summaries\/es\/glosario-de-terminos-funcionales-pace-resumen.pdf\" target=\"_blank\" rel=\"noopener\">un resumen detallado<\/a> de este m\u00f3dulo.<\/p>\n<\/div>\n<div class=\"clearboth\"><\/div>\n<\/div>\n<div class=\"one_half last\">\n<div style=\"margin-top:20px;\"><\/div>\n<div class=\"customFloatLeftImage\" style=\"margin-top:7px;width:75px;height:auto;\"><a href=\"\/plsurvey\" target=\"_blank\" rel=\"noopener\"><img decoding=\"async\" src=\"\/files\/question-icon-002.png\" alt=\"Una encuesta de M\u00f3dulo de Aprendizaje\"><\/a><\/div>\n<div style=\"width: auto; overflow: hidden;\">\n<p style=\"margin-top:0px;\">Gracias por ver nuestros m\u00f3dulos de aprendizaje usted. \u00bfPor favor ayudarnos a mejorar la serie completando este <a href=\"\/plsurvey\" target=\"_blank\" rel=\"noopener\">encuesta corta<\/a>?<\/p>\n<\/div>\n<div class=\"clearboth\"><\/div>\n<\/div>\n<\/div>\n","protected":false},"excerpt":{"rendered":"<p>T\u00e9rminos Comunes Este m\u00f3dulo explica algunos de los t\u00e9rminos que es probable que escuche durante discusiones con los terapeutas, educadores y m\u00e9dicos de su hijo. Algunos de estos t\u00e9rminos pueden ser espec\u00edficos para California; sin embargo, cada estado tiene grupos de servicio y apoyo similares, que usted puede contactar. Hacer clic o tocar en el [&hellip;]<\/p>\n","protected":false},"author":2,"featured_media":0,"parent":0,"menu_order":0,"comment_status":"closed","ping_status":"closed","template":"","meta":{"_et_pb_use_builder":"","_et_pb_old_content":"","_et_gb_content_width":"","footnotes":""},"categories":[1083],"tags":[1806,1339,1340,1571,3106,1838,1341,1342,928,1798,3107,1444,1803,1149,1387,1089,1823,1799,1834,1154,1808,1805,1795,1804,1807,1800,1809,1810,1812,1360,1801,998,1191,1228,1815,1814,1811,1751,997,1833,1764,1472,3108,1813,993,1825,3063,1817,1830,1822,1793,1580,1831,1796,1820,1792,1816,1819,3109,1818,3110,943,1605,1821,3111,1824,1797,1026,3112,1113,1368,1778,3113,3114,1794,1619,1835,1826,1827,1828,3115,1829,1791,986,3116,1511,1832,1689,3117,1802,1078,1393,1836,1591,1837],"class_list":["post-1465","page","type-page","status-publish","hentry","category-learning-es","tag-acreditacion","tag-alternativa","tag-analisis","tag-analista","tag-andreas-es","tag-ano","tag-aplicada","tag-aumentativos","tag-autismo","tag-basico","tag-california-es","tag-centro","tag-centros","tag-certificado","tag-complementario","tag-comportamiento","tag-con-licencia","tag-conducta","tag-de-apoyo","tag-de-desarrollo","tag-de-diagnostico","tag-de-la-comision","tag-de-la-zona","tag-de-ninos","tag-departamento","tag-detras-de-la-junta","tag-directa","tag-discapacidad","tag-educacion","tag-el-aprendizaje","tag-el-cerebro","tag-el-habla","tag-el-horario","tag-el-lenguaje","tag-en-el-fondo","tag-en-el-hogar","tag-enfermedad","tag-especiales","tag-espectro","tag-estadistica","tag-expresivo","tag-extendida","tag-floortime-es","tag-gratuito","tag-habilidades","tag-imagen-de-exchange","tag-individual-es","tag-individual-diferencia","tag-informe","tag-izquierda","tag-la-agencia","tag-la-comunicacion","tag-la-escuela","tag-la-evaluacion","tag-la-institucion","tag-la-ley","tag-la-renta","tag-las-lesiones","tag-local-es","tag-los-individuos","tag-manual-es","tag-medio-ambiente","tag-mejora","tag-menos","tag-mental-es","tag-metodologia","tag-modelo-basado","tag-nino","tag-no-es","tag-observacion","tag-ocupacional","tag-patologo","tag-personal-es","tag-plan-es","tag-procede","tag-profesionales","tag-profesor","tag-programa","tag-publico","tag-receptiva","tag-regional-es","tag-relaciones-humanas","tag-rendicion-de-cuentas","tag-restrictiva","tag-san-es","tag-seguridad","tag-servicios","tag-sistema","tag-son-rise-es","tag-tarjeta","tag-terapeuta","tag-terapia","tag-transicion","tag-trastornos","tag-traumatica"],"_links":{"self":[{"href":"https:\/\/www.porchlighteducation.org\/es\/wp-json\/wp\/v2\/pages\/1465","targetHints":{"allow":["GET"]}}],"collection":[{"href":"https:\/\/www.porchlighteducation.org\/es\/wp-json\/wp\/v2\/pages"}],"about":[{"href":"https:\/\/www.porchlighteducation.org\/es\/wp-json\/wp\/v2\/types\/page"}],"author":[{"embeddable":true,"href":"https:\/\/www.porchlighteducation.org\/es\/wp-json\/wp\/v2\/users\/2"}],"replies":[{"embeddable":true,"href":"https:\/\/www.porchlighteducation.org\/es\/wp-json\/wp\/v2\/comments?post=1465"}],"version-history":[{"count":6,"href":"https:\/\/www.porchlighteducation.org\/es\/wp-json\/wp\/v2\/pages\/1465\/revisions"}],"predecessor-version":[{"id":3373,"href":"https:\/\/www.porchlighteducation.org\/es\/wp-json\/wp\/v2\/pages\/1465\/revisions\/3373"}],"wp:attachment":[{"href":"https:\/\/www.porchlighteducation.org\/es\/wp-json\/wp\/v2\/media?parent=1465"}],"wp:term":[{"taxonomy":"category","embeddable":true,"href":"https:\/\/www.porchlighteducation.org\/es\/wp-json\/wp\/v2\/categories?post=1465"},{"taxonomy":"post_tag","embeddable":true,"href":"https:\/\/www.porchlighteducation.org\/es\/wp-json\/wp\/v2\/tags?post=1465"}],"curies":[{"name":"wp","href":"https:\/\/api.w.org\/{rel}","templated":true}]}}