{"id":1461,"date":"2015-10-23T03:13:50","date_gmt":"2015-10-23T10:13:50","guid":{"rendered":"https:\/\/www.porchlighteducation.org\/es\/?page_id=1461"},"modified":"2024-01-11T04:10:46","modified_gmt":"2024-01-11T12:10:46","slug":"sistemas-de-comunicacion-visual","status":"publish","type":"page","link":"https:\/\/www.porchlighteducation.org\/es\/sistemas-de-comunicacion-visual\/","title":{"rendered":"Sistemas de Comunicaci\u00f3n Visual"},"content":{"rendered":"<div class=\"learningModuleDiv\">\n<h1 class=\"learningModuleFirstPage\" style=\"margin-top:-20px;margin-bottom:0px;padding-top:0px;padding-bottom:0px;\">Sistemas de Comunicaci\u00f3n Visual<\/h1>\n<p><a href=\"https:\/\/www.porchlighteducation.org\/es\/sistemas-de-comunicacion-visual-modulo\/\"><br \/>\n<img decoding=\"async\" style=\"margin-bottom: 0px;\" alt=\"Sistemas de Comunicaci\u00f3n Visual\" src=\"\/modules\/images\/visual-comm-systems.jpg\" \/><br \/>\n<\/a><\/p>\n<p style=\"margin-top:0px;\">En este m\u00f3dulo aprender\u00e1 sobre sistemas de comunicaci\u00f3n visual y c\u00f3mo puede usarlos con su hijo para mejorar sus habilidades para comunicarse con usted y con otros. Hacer clic o tocar en el gr\u00e1fico de arriba para ver este m\u00f3dulo<\/p>\n<div class=\"one_half\">\n<div style=\"margin-top:20px;\"><\/div>\n<div class=\"customFloatLeftImage\" style=\"margin-top:7px;width:75px;height:auto;\"><a href=\"\/modules\/summaries\/es\/sistemas-de-comunicacion-visual-resumen.pdf\" target=\"_blank\" rel=\"noopener\"><img decoding=\"async\" src=\"\/files\/book-icon-003.png\" alt=\"Un resumen de M\u00f3dulo de Aprendizaje\"><\/a><\/div>\n<div style=\"width: auto; overflow: hidden;\">\n<p style=\"margin-top:0px;\">Vea, descargue e imprima <a href=\"\/modules\/summaries\/es\/sistemas-de-comunicacion-visual-resumen.pdf\" target=\"_blank\" rel=\"noopener\">un resumen detallado<\/a> de este m\u00f3dulo.<\/p>\n<\/div>\n<div class=\"clearboth\"><\/div>\n<\/div>\n<div class=\"one_half last\">\n<div style=\"margin-top:20px;\"><\/div>\n<div class=\"customFloatLeftImage\" style=\"margin-top:7px;width:75px;height:auto;\"><a href=\"\/plsurvey\" target=\"_blank\" rel=\"noopener\"><img decoding=\"async\" src=\"\/files\/question-icon-002.png\" alt=\"Una encuesta de M\u00f3dulo de Aprendizaje\"><\/a><\/div>\n<div style=\"width: auto; overflow: hidden;\">\n<p style=\"margin-top:0px;\">Gracias por ver nuestros m\u00f3dulos de aprendizaje usted. \u00bfPor favor ayudarnos a mejorar la serie completando este <a href=\"\/plsurvey\" target=\"_blank\" rel=\"noopener\">encuesta corta<\/a>?<\/p>\n<\/div>\n<div class=\"clearboth\"><\/div>\n<\/div>\n<\/div>\n","protected":false},"excerpt":{"rendered":"<p>Sistemas de Comunicaci\u00f3n Visual En este m\u00f3dulo aprender\u00e1 sobre sistemas de comunicaci\u00f3n visual y c\u00f3mo puede usarlos con su hijo para mejorar sus habilidades para comunicarse con usted y con otros. Hacer clic o tocar en el gr\u00e1fico de arriba para ver este m\u00f3dulo Vea, descargue e imprima un resumen detallado de este m\u00f3dulo. Gracias [&hellip;]<\/p>\n","protected":false},"author":2,"featured_media":0,"parent":0,"menu_order":0,"comment_status":"closed","ping_status":"closed","template":"","meta":{"_et_pb_use_builder":"","_et_pb_old_content":"","_et_gb_content_width":"","footnotes":""},"categories":[1083],"tags":[3104,1787,1339,1783,1342,928,1169,1151,1653,1663,934,933,1023,1091,1022,1765,1036,1781,1762,937,1761,1141,1759,1760,1763,1772,1565,1782,1764,1779,1200,1788,1768,1769,1185,1502,1358,1400,1478,1766,1770,1767,1115,1773,1236,1411,1026,1027,1774,1367,1775,3105,1777,1778,1713,1776,1625,1780,1771,1072,1689,1784,3066,1785,1789,1786,1078,3068,1790],"class_list":["post-1461","page","type-page","status-publish","hentry","category-learning-es","tag-aac-es","tag-adolescentes","tag-alternativa","tag-apoyo","tag-aumentativos","tag-autismo","tag-ayuda","tag-cambio","tag-capacidad","tag-complejo","tag-comunicacion","tag-comunicarse","tag-conductas","tag-cuidadores","tag-de-comportamiento","tag-de-primero-a-continuacion","tag-diferente","tag-discurso","tag-educador","tag-el-desarrollo","tag-el-dispositivo","tag-el-enfoque","tag-eleccion","tag-elecciones","tag-electronica","tag-encuentro","tag-ensenar","tag-exitoso","tag-expresivo","tag-foto","tag-hablar","tag-herramientas","tag-iconos","tag-idioma","tag-imagen","tag-imagenes","tag-interacciones","tag-la-ansiedad","tag-la-frustracion","tag-la-mirada","tag-limitado","tag-los-gestos","tag-los-padres","tag-mensaje","tag-necesidad","tag-necesidades","tag-nino","tag-ninos","tag-no-oral","tag-no-verbal","tag-observan","tag-oral-es","tag-pareja","tag-patologo","tag-persona","tag-por-via-oral","tag-receptivo","tag-reforzadores","tag-reunion","tag-sensorial","tag-sistema","tag-sistematicas","tag-social-es","tag-tabletas","tag-tactil","tag-tecnologia","tag-terapeuta","tag-visual-es","tag-vocabulario"],"_links":{"self":[{"href":"https:\/\/www.porchlighteducation.org\/es\/wp-json\/wp\/v2\/pages\/1461","targetHints":{"allow":["GET"]}}],"collection":[{"href":"https:\/\/www.porchlighteducation.org\/es\/wp-json\/wp\/v2\/pages"}],"about":[{"href":"https:\/\/www.porchlighteducation.org\/es\/wp-json\/wp\/v2\/types\/page"}],"author":[{"embeddable":true,"href":"https:\/\/www.porchlighteducation.org\/es\/wp-json\/wp\/v2\/users\/2"}],"replies":[{"embeddable":true,"href":"https:\/\/www.porchlighteducation.org\/es\/wp-json\/wp\/v2\/comments?post=1461"}],"version-history":[{"count":6,"href":"https:\/\/www.porchlighteducation.org\/es\/wp-json\/wp\/v2\/pages\/1461\/revisions"}],"predecessor-version":[{"id":3372,"href":"https:\/\/www.porchlighteducation.org\/es\/wp-json\/wp\/v2\/pages\/1461\/revisions\/3372"}],"wp:attachment":[{"href":"https:\/\/www.porchlighteducation.org\/es\/wp-json\/wp\/v2\/media?parent=1461"}],"wp:term":[{"taxonomy":"category","embeddable":true,"href":"https:\/\/www.porchlighteducation.org\/es\/wp-json\/wp\/v2\/categories?post=1461"},{"taxonomy":"post_tag","embeddable":true,"href":"https:\/\/www.porchlighteducation.org\/es\/wp-json\/wp\/v2\/tags?post=1461"}],"curies":[{"name":"wp","href":"https:\/\/api.w.org\/{rel}","templated":true}]}}