{"id":1457,"date":"2015-10-23T03:02:18","date_gmt":"2015-10-23T10:02:18","guid":{"rendered":"https:\/\/www.porchlighteducation.org\/es\/?page_id=1457"},"modified":"2024-01-11T03:59:25","modified_gmt":"2024-01-11T11:59:25","slug":"planeacion-para-los-dias-festivos","status":"publish","type":"page","link":"https:\/\/www.porchlighteducation.org\/es\/planeacion-para-los-dias-festivos\/","title":{"rendered":"Planeaci\u00f3n para los D\u00edas Festivos"},"content":{"rendered":"<div class=\"learningModuleDiv\">\n<h1 class=\"learningModuleFirstPage\" style=\"margin-top:-20px;margin-bottom:0px;padding-top:0px;padding-bottom:0px;\">Planeaci\u00f3n para los D\u00edas Festivos<\/h1>\n<p><a href=\"https:\/\/www.porchlighteducation.org\/es\/planeacion-para-los-dias-festivos-modulo\/\"><br \/>\n<img decoding=\"async\" style=\"margin-bottom: 0px;\" alt=\"Planeaci\u00f3n para los D\u00edas Festivos\" src=\"\/modules\/images\/planning-for-the-holidays.jpg\" \/><br \/>\n<\/a><\/p>\n<p style=\"margin-top:0px;\">En este m\u00f3dulo, usted aprender\u00e1 sobre lo que puede hacer para que la temporada de fiestas sea un \u00e9xito para su hijo con autismo. Adem\u00e1s, hemos incluido v\u00ednculos a varias organizaciones que pueden proveer informaci\u00f3n adicional. Hacer clic o tocar en el gr\u00e1fico de arriba para ver este m\u00f3dulo<\/p>\n<div class=\"one_half\">\n<div style=\"margin-top:20px;\"><\/div>\n<div class=\"customFloatLeftImage\" style=\"margin-top:7px;width:75px;height:auto;\"><a href=\"\/modules\/summaries\/es\/planeacion-para-los-dias-festivos-resumen.pdf\" target=\"_blank\" rel=\"noopener\"><img decoding=\"async\" src=\"\/files\/book-icon-003.png\" alt=\"Un resumen de M\u00f3dulo de Aprendizaje\"><\/a><\/div>\n<div style=\"width: auto; overflow: hidden;\">\n<p style=\"margin-top:0px;\">Vea, descargue e imprima <a href=\"\/modules\/summaries\/es\/planeacion-para-los-dias-festivos-resumen.pdf\" target=\"_blank\" rel=\"noopener\">un resumen detallado<\/a> de este m\u00f3dulo.<\/p>\n<\/div>\n<div class=\"clearboth\"><\/div>\n<\/div>\n<div class=\"one_half last\">\n<div style=\"margin-top:20px;\"><\/div>\n<div class=\"customFloatLeftImage\" style=\"margin-top:7px;width:75px;height:auto;\"><a href=\"\/plsurvey\" target=\"_blank\" rel=\"noopener\"><img decoding=\"async\" src=\"\/files\/question-icon-002.png\" alt=\"Una encuesta de M\u00f3dulo de Aprendizaje\"><\/a><\/div>\n<div style=\"width: auto; overflow: hidden;\">\n<p style=\"margin-top:0px;\">Gracias por ver nuestros m\u00f3dulos de aprendizaje usted. \u00bfPor favor ayudarnos a mejorar la serie completando este <a href=\"\/plsurvey\" target=\"_blank\" rel=\"noopener\">encuesta corta<\/a>?<\/p>\n<\/div>\n<div class=\"clearboth\"><\/div>\n<\/div>\n<\/div>\n","protected":false},"excerpt":{"rendered":"<p>Planeaci\u00f3n para los D\u00edas Festivos En este m\u00f3dulo, usted aprender\u00e1 sobre lo que puede hacer para que la temporada de fiestas sea un \u00e9xito para su hijo con autismo. Adem\u00e1s, hemos incluido v\u00ednculos a varias organizaciones que pueden proveer informaci\u00f3n adicional. Hacer clic o tocar en el gr\u00e1fico de arriba para ver este m\u00f3dulo Vea, [&hellip;]<\/p>\n","protected":false},"author":2,"featured_media":0,"parent":0,"menu_order":0,"comment_status":"closed","ping_status":"closed","template":"","meta":{"_et_pb_use_builder":"","_et_pb_old_content":"","_et_gb_content_width":"","footnotes":""},"categories":[1083],"tags":[970,1745,1549,1013,1723,1721,1736,1720,1084,1726,1749,1165,1727,1741,1728,1729,1730,1740,1737,1021,931,1755,1260,1735,1734,1751,1752,1163,1166,1744,1080,1205,1732,1349,1743,1742,1731,1722,1725,1733,1494,1026,1027,1724,1746,1757,1747,1647,1738,1748,1706,1072,1739,3066,1750,1004,1753,1265,3097,1754,1756,1758],"class_list":["post-1457","page","type-page","status-publish","hentry","category-learning-es","tag-abrumado","tag-abrumar","tag-actividad","tag-actividades","tag-aeropuertos","tag-afecto","tag-amigos","tag-avance","tag-capaz","tag-celebracion","tag-comercial","tag-comida","tag-confortable","tag-de-acogida","tag-de-comunicacion","tag-de-cooperacion","tag-de-hacinamiento","tag-de-vacaciones","tag-diversion","tag-el-autismo","tag-el-comportamiento","tag-el-viajar","tag-en-voz-alta","tag-encontraron","tag-entretenimiento","tag-especiales","tag-estresantes","tag-familia","tag-frecuente","tag-fusion","tag-incomodo","tag-juguete","tag-la-conduccion","tag-la-dieta","tag-la-hora-de-comer","tag-las-comidas","tag-las-multitudes","tag-linea-aerea","tag-manta","tag-mas-facil","tag-musica","tag-nino","tag-ninos","tag-permiten","tag-planos","tag-poco-familiar","tag-preparacion","tag-preparar","tag-reuniones","tag-rituales","tag-saludos","tag-sensorial","tag-servicial","tag-social-es","tag-socializacion","tag-terapeutas","tag-tradiciones","tag-tranquilo","tag-tsa-es","tag-viaje","tag-viajes","tag-visitando"],"_links":{"self":[{"href":"https:\/\/www.porchlighteducation.org\/es\/wp-json\/wp\/v2\/pages\/1457","targetHints":{"allow":["GET"]}}],"collection":[{"href":"https:\/\/www.porchlighteducation.org\/es\/wp-json\/wp\/v2\/pages"}],"about":[{"href":"https:\/\/www.porchlighteducation.org\/es\/wp-json\/wp\/v2\/types\/page"}],"author":[{"embeddable":true,"href":"https:\/\/www.porchlighteducation.org\/es\/wp-json\/wp\/v2\/users\/2"}],"replies":[{"embeddable":true,"href":"https:\/\/www.porchlighteducation.org\/es\/wp-json\/wp\/v2\/comments?post=1457"}],"version-history":[{"count":6,"href":"https:\/\/www.porchlighteducation.org\/es\/wp-json\/wp\/v2\/pages\/1457\/revisions"}],"predecessor-version":[{"id":3365,"href":"https:\/\/www.porchlighteducation.org\/es\/wp-json\/wp\/v2\/pages\/1457\/revisions\/3365"}],"wp:attachment":[{"href":"https:\/\/www.porchlighteducation.org\/es\/wp-json\/wp\/v2\/media?parent=1457"}],"wp:term":[{"taxonomy":"category","embeddable":true,"href":"https:\/\/www.porchlighteducation.org\/es\/wp-json\/wp\/v2\/categories?post=1457"},{"taxonomy":"post_tag","embeddable":true,"href":"https:\/\/www.porchlighteducation.org\/es\/wp-json\/wp\/v2\/tags?post=1457"}],"curies":[{"name":"wp","href":"https:\/\/api.w.org\/{rel}","templated":true}]}}