{"id":1455,"date":"2015-10-23T02:57:41","date_gmt":"2015-10-23T09:57:41","guid":{"rendered":"https:\/\/www.porchlighteducation.org\/es\/?page_id=1455"},"modified":"2015-10-31T15:13:22","modified_gmt":"2015-10-31T22:13:22","slug":"planeacion-para-los-dias-festivos-modulo","status":"publish","type":"page","link":"https:\/\/www.porchlighteducation.org\/es\/planeacion-para-los-dias-festivos-modulo\/","title":{"rendered":"Planeaci\u00f3n para los D\u00edas Festivos M\u00f3dulo"},"content":{"rendered":"<div class=\"moduleDiv\">\n<div class=\"three_fourth\">\n<iframe class=\"moduleFrame\" src=\"\/modules\/articulate\/PlanningfortheHolidays\/story.html\"><\/iframe>\n<\/div>\n<div class=\"one_fourth last\">\n<p class=\"surveyStyleOne\"><a href=\"\/plsurveyes\" target=\"_blank\"><span class=\"surveyLink\">&#x69;<\/span><\/a>&nbsp;Muchas gracias por ver nuestros m\u00f3dulos de aprendizaje. \u00bfPodr\u00eda ayudarnos a mejorar esta serie completando esta <a href=\"\/plsurveyes\" target=\"_blank\">breve encuesta<\/a>?<\/p>\n<\/div>\n<\/div>\n","protected":false},"excerpt":{"rendered":"<p>&#x69;&nbsp;Muchas gracias por ver nuestros m\u00f3dulos de aprendizaje. \u00bfPodr\u00eda ayudarnos a mejorar esta serie completando esta breve encuesta?<\/p>\n","protected":false},"author":2,"featured_media":0,"parent":0,"menu_order":0,"comment_status":"closed","ping_status":"closed","template":"","meta":{"_et_pb_use_builder":"","_et_pb_old_content":"","_et_gb_content_width":"","footnotes":""},"categories":[],"tags":[],"class_list":["post-1455","page","type-page","status-publish","hentry"],"_links":{"self":[{"href":"https:\/\/www.porchlighteducation.org\/es\/wp-json\/wp\/v2\/pages\/1455","targetHints":{"allow":["GET"]}}],"collection":[{"href":"https:\/\/www.porchlighteducation.org\/es\/wp-json\/wp\/v2\/pages"}],"about":[{"href":"https:\/\/www.porchlighteducation.org\/es\/wp-json\/wp\/v2\/types\/page"}],"author":[{"embeddable":true,"href":"https:\/\/www.porchlighteducation.org\/es\/wp-json\/wp\/v2\/users\/2"}],"replies":[{"embeddable":true,"href":"https:\/\/www.porchlighteducation.org\/es\/wp-json\/wp\/v2\/comments?post=1455"}],"version-history":[{"count":2,"href":"https:\/\/www.porchlighteducation.org\/es\/wp-json\/wp\/v2\/pages\/1455\/revisions"}],"predecessor-version":[{"id":1545,"href":"https:\/\/www.porchlighteducation.org\/es\/wp-json\/wp\/v2\/pages\/1455\/revisions\/1545"}],"wp:attachment":[{"href":"https:\/\/www.porchlighteducation.org\/es\/wp-json\/wp\/v2\/media?parent=1455"}],"wp:term":[{"taxonomy":"category","embeddable":true,"href":"https:\/\/www.porchlighteducation.org\/es\/wp-json\/wp\/v2\/categories?post=1455"},{"taxonomy":"post_tag","embeddable":true,"href":"https:\/\/www.porchlighteducation.org\/es\/wp-json\/wp\/v2\/tags?post=1455"}],"curies":[{"name":"wp","href":"https:\/\/api.w.org\/{rel}","templated":true}]}}