{"id":1453,"date":"2015-10-23T02:54:52","date_gmt":"2015-10-23T09:54:52","guid":{"rendered":"https:\/\/www.porchlighteducation.org\/es\/?page_id=1453"},"modified":"2024-01-11T04:09:13","modified_gmt":"2024-01-11T12:09:13","slug":"saludar-a-las-personas","status":"publish","type":"page","link":"https:\/\/www.porchlighteducation.org\/es\/saludar-a-las-personas\/","title":{"rendered":"Saludar a las Personas"},"content":{"rendered":"<div class=\"learningModuleDiv\">\n<h1 class=\"learningModuleFirstPage\" style=\"margin-top:-20px;margin-bottom:0px;padding-top:0px;padding-bottom:0px;\">Saludar a las Personas<\/h1>\n<p><a href=\"https:\/\/www.porchlighteducation.org\/es\/saludar-a-las-personas-modulo\/\"><br \/>\n<img decoding=\"async\" style=\"margin-bottom: 0px;\" alt=\"Saludar a las Personas\" src=\"\/modules\/images\/saludar-a-las-personas.jpg\" \/><br \/>\n<\/a><\/p>\n<p style=\"margin-top:0px;\">Este m\u00f3dulo habla sobre los saludos, y c\u00f3mo puede usted mejorar las habilidades de su hijo para saludar. Hacer clic o tocar en el gr\u00e1fico de arriba para ver este m\u00f3dulo<\/p>\n<div class=\"one_half\">\n<div style=\"margin-top:20px;\"><\/div>\n<div class=\"customFloatLeftImage\" style=\"margin-top:7px;width:75px;height:auto;\"><a href=\"\/modules\/summaries\/es\/saludar-a-las-personas-resumen.pdf\" target=\"_blank\" rel=\"noopener\"><img decoding=\"async\" src=\"\/files\/book-icon-003.png\" alt=\"Un resumen de M\u00f3dulo de Aprendizaje\"><\/a><\/div>\n<div style=\"width: auto; overflow: hidden;\">\n<p style=\"margin-top:0px;\">Vea, descargue e imprima <a href=\"\/modules\/summaries\/es\/saludar-a-las-personas-resumen.pdf\" target=\"_blank\" rel=\"noopener\">un resumen detallado<\/a> de este m\u00f3dulo.<\/p>\n<\/div>\n<div class=\"clearboth\"><\/div>\n<\/div>\n<div class=\"one_half last\">\n<div style=\"margin-top:20px;\"><\/div>\n<div class=\"customFloatLeftImage\" style=\"margin-top:7px;width:75px;height:auto;\"><a href=\"\/plsurvey\" target=\"_blank\" rel=\"noopener\"><img decoding=\"async\" src=\"\/files\/question-icon-002.png\" alt=\"Una encuesta de M\u00f3dulo de Aprendizaje\"><\/a><\/div>\n<div style=\"width: auto; overflow: hidden;\">\n<p style=\"margin-top:0px;\">Gracias por ver nuestros m\u00f3dulos de aprendizaje usted. \u00bfPor favor ayudarnos a mejorar la serie completando este <a href=\"\/plsurvey\" target=\"_blank\" rel=\"noopener\">encuesta corta<\/a>?<\/p>\n<\/div>\n<div class=\"clearboth\"><\/div>\n<\/div>\n<\/div>\n","protected":false},"excerpt":{"rendered":"<p>Saludar a las Personas Este m\u00f3dulo habla sobre los saludos, y c\u00f3mo puede usted mejorar las habilidades de su hijo para saludar. Hacer clic o tocar en el gr\u00e1fico de arriba para ver este m\u00f3dulo Vea, descargue e imprima un resumen detallado de este m\u00f3dulo. Gracias por ver nuestros m\u00f3dulos de aprendizaje usted. \u00bfPor favor [&hellip;]<\/p>\n","protected":false},"author":2,"featured_media":0,"parent":0,"menu_order":0,"comment_status":"closed","ping_status":"closed","template":"","meta":{"_et_pb_use_builder":"","_et_pb_old_content":"","_et_gb_content_width":"","footnotes":""},"categories":[1083],"tags":[1709,1466,1708,1258,1698,1144,1699,928,1653,1084,1663,934,933,1700,1702,1668,1034,1036,1701,1485,1565,3103,1679,1712,1703,952,1343,1718,1717,1719,1707,1332,1181,1711,1710,1026,1027,1367,1713,1714,1715,1716,1704,1705,1706,1697,3066,3059],"class_list":["post-1453","page","type-page","status-publish","hentry","category-learning-es","tag-a-juego","tag-anime","tag-aprende","tag-aprender","tag-asistir","tag-atencion","tag-autentico","tag-autismo","tag-capacidad","tag-capaz","tag-complejo","tag-comunicacion","tag-comunicarse","tag-conciencia","tag-desarrolla","tag-desarrollar","tag-desarrollo","tag-diferente","tag-el-desafio","tag-el-idioma","tag-ensenar","tag-familiar-es","tag-fingir","tag-gente","tag-gesto","tag-gestos","tag-la-conducta","tag-la-creacion","tag-la-escritura","tag-la-habilidad","tag-la-interaccion","tag-la-rutina","tag-las-oportunidades","tag-modelado","tag-modelo","tag-nino","tag-ninos","tag-no-verbal","tag-persona","tag-practica","tag-practicaron","tag-reconocen","tag-salude","tag-saludo","tag-saludos","tag-sobre","tag-social-es","tag-verbal-es"],"_links":{"self":[{"href":"https:\/\/www.porchlighteducation.org\/es\/wp-json\/wp\/v2\/pages\/1453","targetHints":{"allow":["GET"]}}],"collection":[{"href":"https:\/\/www.porchlighteducation.org\/es\/wp-json\/wp\/v2\/pages"}],"about":[{"href":"https:\/\/www.porchlighteducation.org\/es\/wp-json\/wp\/v2\/types\/page"}],"author":[{"embeddable":true,"href":"https:\/\/www.porchlighteducation.org\/es\/wp-json\/wp\/v2\/users\/2"}],"replies":[{"embeddable":true,"href":"https:\/\/www.porchlighteducation.org\/es\/wp-json\/wp\/v2\/comments?post=1453"}],"version-history":[{"count":11,"href":"https:\/\/www.porchlighteducation.org\/es\/wp-json\/wp\/v2\/pages\/1453\/revisions"}],"predecessor-version":[{"id":3371,"href":"https:\/\/www.porchlighteducation.org\/es\/wp-json\/wp\/v2\/pages\/1453\/revisions\/3371"}],"wp:attachment":[{"href":"https:\/\/www.porchlighteducation.org\/es\/wp-json\/wp\/v2\/media?parent=1453"}],"wp:term":[{"taxonomy":"category","embeddable":true,"href":"https:\/\/www.porchlighteducation.org\/es\/wp-json\/wp\/v2\/categories?post=1453"},{"taxonomy":"post_tag","embeddable":true,"href":"https:\/\/www.porchlighteducation.org\/es\/wp-json\/wp\/v2\/tags?post=1453"}],"curies":[{"name":"wp","href":"https:\/\/api.w.org\/{rel}","templated":true}]}}