{"id":1449,"date":"2015-10-23T02:47:16","date_gmt":"2015-10-23T09:47:16","guid":{"rendered":"https:\/\/www.porchlighteducation.org\/es\/?page_id=1449"},"modified":"2024-01-11T03:46:51","modified_gmt":"2024-01-11T11:46:51","slug":"habilidades-de-juego-independiente","status":"publish","type":"page","link":"https:\/\/www.porchlighteducation.org\/es\/habilidades-de-juego-independiente\/","title":{"rendered":"Habilidades de Juego Independiente"},"content":{"rendered":"<div class=\"learningModuleDiv\">\n<h1 class=\"learningModuleFirstPage\" style=\"margin-top:-20px;margin-bottom:0px;padding-top:0px;padding-bottom:0px;\">Habilidades de Juego Independiente<\/h1>\n<p><a href=\"https:\/\/www.porchlighteducation.org\/es\/habilidades-de-juego-independiente-modulo\/\"><br \/>\n<img decoding=\"async\" style=\"margin-bottom: 0px;\" alt=\"Habilidades de Juego Independiente\" src=\"\/modules\/images\/juego-independiente.jpg\" \/><br \/>\n<\/a><\/p>\n<p style=\"margin-top:0px;\">En este m\u00f3dulo, aprender\u00e1 c\u00f3mo puede ense\u00f1ar a su hijo con autismo a desarrollar habilidades de juego independiente. Para los ni\u00f1os con autismo, jugar en forma independiente puede ser un reto porque tienen habilidades sociales y de comunicaci\u00f3n limitadas, y muchas veces muestran conductas repetitivas que restringen su capacidad para jugar creativamente con otros ni\u00f1os. Hacer clic o tocar en el gr\u00e1fico de arriba para ver este m\u00f3dulo<\/p>\n<div class=\"one_half\">\n<div style=\"margin-top:20px;\"><\/div>\n<div class=\"customFloatLeftImage\" style=\"margin-top:7px;width:75px;height:auto;\"><a href=\"\/modules\/summaries\/es\/habilidades-de-juego-independiente-resumen.pdf\" target=\"_blank\" rel=\"noopener\"><img decoding=\"async\" src=\"\/files\/book-icon-003.png\" alt=\"Un resumen de M\u00f3dulo de Aprendizaje\"><\/a><\/div>\n<div style=\"width: auto; overflow: hidden;\">\n<p style=\"margin-top:0px;\">Vea, descargue e imprima <a href=\"\/modules\/summaries\/es\/habilidades-de-juego-independiente-resumen.pdf\" target=\"_blank\" rel=\"noopener\">un resumen detallado<\/a> de este m\u00f3dulo.<\/p>\n<\/div>\n<div class=\"clearboth\"><\/div>\n<\/div>\n<div class=\"one_half last\">\n<div style=\"margin-top:20px;\"><\/div>\n<div class=\"customFloatLeftImage\" style=\"margin-top:7px;width:75px;height:auto;\"><a href=\"\/plsurvey\" target=\"_blank\" rel=\"noopener\"><img decoding=\"async\" src=\"\/files\/question-icon-002.png\" alt=\"Una encuesta de M\u00f3dulo de Aprendizaje\"><\/a><\/div>\n<div style=\"width: auto; overflow: hidden;\">\n<p style=\"margin-top:0px;\">Gracias por ver nuestros m\u00f3dulos de aprendizaje usted. \u00bfPor favor ayudarnos a mejorar la serie completando este <a href=\"\/plsurvey\" target=\"_blank\" rel=\"noopener\">encuesta corta<\/a>?<\/p>\n<\/div>\n<div class=\"clearboth\"><\/div>\n<\/div>\n<\/div>\n","protected":false},"excerpt":{"rendered":"<p>Habilidades de Juego Independiente En este m\u00f3dulo, aprender\u00e1 c\u00f3mo puede ense\u00f1ar a su hijo con autismo a desarrollar habilidades de juego independiente. Para los ni\u00f1os con autismo, jugar en forma independiente puede ser un reto porque tienen habilidades sociales y de comunicaci\u00f3n limitadas, y muchas veces muestran conductas repetitivas que restringen su capacidad para jugar [&hellip;]<\/p>\n","protected":false},"author":2,"featured_media":0,"parent":0,"menu_order":0,"comment_status":"closed","ping_status":"closed","template":"","meta":{"_et_pb_use_builder":"","_et_pb_old_content":"","_et_gb_content_width":"","footnotes":""},"categories":[1083],"tags":[1247,1655,1549,1013,1693,1669,1258,1656,1674,928,1657,1659,1685,1695,1653,1084,1662,1443,1671,1690,1663,1090,934,1664,1583,1665,1666,1667,1451,1276,1654,1318,1668,1424,1036,1415,1272,1676,1245,1565,1516,1679,1694,993,1686,1673,1172,1173,1175,958,1503,1205,1117,1678,1677,1302,1027,1660,1684,1675,1670,1186,1504,1039,1658,1381,1681,1330,1267,984,1682,1692,1683,1680,1661,1687,1688,1672,1689,1691,1078,1696],"class_list":["post-1449","page","type-page","status-publish","hentry","category-learning-es","tag-accion","tag-acciones","tag-actividad","tag-actividades","tag-algo","tag-animan","tag-aprender","tag-asociativas","tag-aumento","tag-autismo","tag-bloques","tag-caja","tag-calendario","tag-camion","tag-capacidad","tag-capaz","tag-caracter","tag-causa","tag-centrandose","tag-compartir","tag-complejo","tag-comportamientos","tag-comunicacion","tag-confianza","tag-consistente","tag-construccion","tag-constructiva","tag-cooperativa","tag-crear","tag-de-acceso","tag-de-la-ley","tag-desafiante","tag-desarrollar","tag-destrezas","tag-diferente","tag-el-jugar","tag-el-tiempo","tag-en-particular","tag-ensenanza","tag-ensenar","tag-estructura","tag-fingir","tag-fuertes","tag-habilidades","tag-horarios","tag-imaginario","tag-independencia","tag-independiente","tag-indicaciones","tag-interactuar","tag-juegos","tag-juguete","tag-la-alabanza","tag-la-planificacion","tag-las-imagenes","tag-lo-que-provoco","tag-ninos","tag-ocupado","tag-opinion","tag-paralelo","tag-participar","tag-positiva","tag-predecible","tag-problemas","tag-rebotando","tag-recompensa","tag-recuerdan","tag-redireccionamiento","tag-refuerzo","tag-repetitivo","tag-requerir","tag-resolver","tag-restringir","tag-rompecabezas","tag-seguro","tag-sentido","tag-separadas","tag-siguen","tag-sistema","tag-solitario","tag-terapeuta","tag-visuales"],"_links":{"self":[{"href":"https:\/\/www.porchlighteducation.org\/es\/wp-json\/wp\/v2\/pages\/1449","targetHints":{"allow":["GET"]}}],"collection":[{"href":"https:\/\/www.porchlighteducation.org\/es\/wp-json\/wp\/v2\/pages"}],"about":[{"href":"https:\/\/www.porchlighteducation.org\/es\/wp-json\/wp\/v2\/types\/page"}],"author":[{"embeddable":true,"href":"https:\/\/www.porchlighteducation.org\/es\/wp-json\/wp\/v2\/users\/2"}],"replies":[{"embeddable":true,"href":"https:\/\/www.porchlighteducation.org\/es\/wp-json\/wp\/v2\/comments?post=1449"}],"version-history":[{"count":8,"href":"https:\/\/www.porchlighteducation.org\/es\/wp-json\/wp\/v2\/pages\/1449\/revisions"}],"predecessor-version":[{"id":3357,"href":"https:\/\/www.porchlighteducation.org\/es\/wp-json\/wp\/v2\/pages\/1449\/revisions\/3357"}],"wp:attachment":[{"href":"https:\/\/www.porchlighteducation.org\/es\/wp-json\/wp\/v2\/media?parent=1449"}],"wp:term":[{"taxonomy":"category","embeddable":true,"href":"https:\/\/www.porchlighteducation.org\/es\/wp-json\/wp\/v2\/categories?post=1449"},{"taxonomy":"post_tag","embeddable":true,"href":"https:\/\/www.porchlighteducation.org\/es\/wp-json\/wp\/v2\/tags?post=1449"}],"curies":[{"name":"wp","href":"https:\/\/api.w.org\/{rel}","templated":true}]}}