{"id":1445,"date":"2015-10-23T02:39:39","date_gmt":"2015-10-23T09:39:39","guid":{"rendered":"https:\/\/www.porchlighteducation.org\/es\/?page_id=1445"},"modified":"2024-01-11T04:07:58","modified_gmt":"2024-01-11T12:07:58","slug":"rutinas-diarias","status":"publish","type":"page","link":"https:\/\/www.porchlighteducation.org\/es\/rutinas-diarias\/","title":{"rendered":"Rutinas Diarias"},"content":{"rendered":"<div class=\"learningModuleDiv\">\n<h1 class=\"learningModuleFirstPage\" style=\"margin-top:-20px;margin-bottom:0px;padding-top:0px;padding-bottom:0px;\">Rutinas Diarias<\/h1>\n<p><a href=\"https:\/\/www.porchlighteducation.org\/es\/rutinas-diarias-modulo\/\"><br \/>\n<img decoding=\"async\" style=\"margin-bottom: 0px;\" alt=\"Rutinas Diarias\" src=\"\/modules\/images\/rutinas-diarias.jpg\" \/><br \/>\n<\/a><\/p>\n<p style=\"margin-top:0px;\">Este m\u00f3dulo explora c\u00f3mo las rutinas pueden ayudar a un ni\u00f1o con autismo, y c\u00f3mo puede usted crear una rutina para su hijo. Hacer clic o tocar en el gr\u00e1fico de arriba para ver este m\u00f3dulo<\/p>\n<div class=\"one_half\">\n<div style=\"margin-top:20px;\"><\/div>\n<div class=\"customFloatLeftImage\" style=\"margin-top:7px;width:75px;height:auto;\"><a href=\"\/modules\/summaries\/es\/rutinas-diarias-resumen.pdf\" target=\"_blank\" rel=\"noopener\"><img decoding=\"async\" src=\"\/files\/book-icon-003.png\" alt=\"Un resumen de M\u00f3dulo de Aprendizaje\"><\/a><\/div>\n<div style=\"width: auto; overflow: hidden;\">\n<p style=\"margin-top:0px;\">Vea, descargue e imprima <a href=\"\/modules\/summaries\/es\/rutinas-diarias-resumen.pdf\" target=\"_blank\" rel=\"noopener\">un resumen detallado<\/a> de este m\u00f3dulo.<\/p>\n<\/div>\n<div class=\"clearboth\"><\/div>\n<\/div>\n<div class=\"one_half last\">\n<div style=\"margin-top:20px;\"><\/div>\n<div class=\"customFloatLeftImage\" style=\"margin-top:7px;width:75px;height:auto;\"><a href=\"\/plsurvey\" target=\"_blank\" rel=\"noopener\"><img decoding=\"async\" src=\"\/files\/question-icon-002.png\" alt=\"Una encuesta de M\u00f3dulo de Aprendizaje\"><\/a><\/div>\n<div style=\"width: auto; overflow: hidden;\">\n<p style=\"margin-top:0px;\">Gracias por ver nuestros m\u00f3dulos de aprendizaje usted. \u00bfPor favor ayudarnos a mejorar la serie completando este <a href=\"\/plsurvey\" target=\"_blank\" rel=\"noopener\">encuesta corta<\/a>?<\/p>\n<\/div>\n<div class=\"clearboth\"><\/div>\n<\/div>\n<\/div>\n","protected":false},"excerpt":{"rendered":"<p>Rutinas Diarias Este m\u00f3dulo explora c\u00f3mo las rutinas pueden ayudar a un ni\u00f1o con autismo, y c\u00f3mo puede usted crear una rutina para su hijo. Hacer clic o tocar en el gr\u00e1fico de arriba para ver este m\u00f3dulo Vea, descargue e imprima un resumen detallado de este m\u00f3dulo. Gracias por ver nuestros m\u00f3dulos de aprendizaje [&hellip;]<\/p>\n","protected":false},"author":2,"featured_media":0,"parent":0,"menu_order":0,"comment_status":"closed","ping_status":"closed","template":"","meta":{"_et_pb_use_builder":"","_et_pb_old_content":"","_et_gb_content_width":"","footnotes":""},"categories":[1083],"tags":[1549,1013,1084,1640,1643,1641,1036,1021,1252,1649,1191,1163,1172,1652,1651,1180,1332,1650,1642,1302,1285,1559,1026,1027,1262,1645,1644,1299,1504,1646,1647,1188,1648,1078,1533,3059,3068],"class_list":["post-1445","page","type-page","status-publish","hentry","category-learning-es","tag-actividad","tag-actividades","tag-capaz","tag-cree","tag-dia-de-fiesta","tag-diario","tag-diferente","tag-el-autismo","tag-el-cambio","tag-el-estres","tag-el-horario","tag-familia","tag-independencia","tag-inesperada","tag-la-estructura","tag-la-noche","tag-la-rutina","tag-la-tension","tag-le-espera","tag-lo-que-provoco","tag-malestar","tag-motivar","tag-nino","tag-ninos","tag-ocurrir","tag-pictorica","tag-por-la-manana","tag-positivo","tag-predecible","tag-predicen","tag-preparar","tag-rapida","tag-reforzador","tag-terapeuta","tag-util","tag-verbal-es","tag-visual-es"],"_links":{"self":[{"href":"https:\/\/www.porchlighteducation.org\/es\/wp-json\/wp\/v2\/pages\/1445","targetHints":{"allow":["GET"]}}],"collection":[{"href":"https:\/\/www.porchlighteducation.org\/es\/wp-json\/wp\/v2\/pages"}],"about":[{"href":"https:\/\/www.porchlighteducation.org\/es\/wp-json\/wp\/v2\/types\/page"}],"author":[{"embeddable":true,"href":"https:\/\/www.porchlighteducation.org\/es\/wp-json\/wp\/v2\/users\/2"}],"replies":[{"embeddable":true,"href":"https:\/\/www.porchlighteducation.org\/es\/wp-json\/wp\/v2\/comments?post=1445"}],"version-history":[{"count":10,"href":"https:\/\/www.porchlighteducation.org\/es\/wp-json\/wp\/v2\/pages\/1445\/revisions"}],"predecessor-version":[{"id":3370,"href":"https:\/\/www.porchlighteducation.org\/es\/wp-json\/wp\/v2\/pages\/1445\/revisions\/3370"}],"wp:attachment":[{"href":"https:\/\/www.porchlighteducation.org\/es\/wp-json\/wp\/v2\/media?parent=1445"}],"wp:term":[{"taxonomy":"category","embeddable":true,"href":"https:\/\/www.porchlighteducation.org\/es\/wp-json\/wp\/v2\/categories?post=1445"},{"taxonomy":"post_tag","embeddable":true,"href":"https:\/\/www.porchlighteducation.org\/es\/wp-json\/wp\/v2\/tags?post=1445"}],"curies":[{"name":"wp","href":"https:\/\/api.w.org\/{rel}","templated":true}]}}