{"id":1441,"date":"2015-10-23T02:30:48","date_gmt":"2015-10-23T09:30:48","guid":{"rendered":"https:\/\/www.porchlighteducation.org\/es\/?page_id=1441"},"modified":"2024-01-11T04:23:59","modified_gmt":"2024-01-11T12:23:59","slug":"los-abc-de-aba","status":"publish","type":"page","link":"https:\/\/www.porchlighteducation.org\/es\/los-abc-de-aba\/","title":{"rendered":"Los ABC de ABA"},"content":{"rendered":"<div class=\"learningModuleDiv\">\n<h1 class=\"learningModuleFirstPage\" style=\"margin-top:-20px;margin-bottom:0px;padding-top:0px;padding-bottom:0px;\">Los ABC de ABA<\/h1>\n<p><a href=\"https:\/\/www.porchlighteducation.org\/es\/los-abc-de-aba-modulo\/\"><br \/>\n<img decoding=\"async\" style=\"margin-bottom: 0px;\" alt=\"Los ABC de ABA\" src=\"\/modules\/images\/los-abc-de-aba.jpg\" \/><br \/>\n<\/a><\/p>\n<p style=\"margin-top:0px;\">Este m\u00f3dulo presenta una introducci\u00f3n al An\u00e1lisis conductual aplicado (Applied Behavior Analysis, ABA). Usted aprender\u00e1 sobre las t\u00e9cnicas b\u00e1sicas de ABA, tales como reforzamiento, castigo y extinci\u00f3n. Adem\u00e1s, hemos incluido detalles sobre c\u00f3mo encontrar a un buen terapeuta de ABA y v\u00ednculos a varias organizaciones que se enfocan en ayudar a quienes tienen autismo. Hacer clic o tocar en el gr\u00e1fico de arriba para ver este m\u00f3dulo<\/p>\n<div class=\"one_half\">\n<div style=\"margin-top:20px;\"><\/div>\n<div class=\"customFloatLeftImage\" style=\"margin-top:7px;width:75px;height:auto;\"><a href=\"\/modules\/summaries\/es\/los-abc-de-aba-resumen.pdf\" target=\"_blank\" rel=\"noopener\"><img decoding=\"async\" src=\"\/files\/book-icon-003.png\" alt=\"Un resumen de M\u00f3dulo de Aprendizaje\"><\/a><\/div>\n<div style=\"width: auto; overflow: hidden;\">\n<p style=\"margin-top:0px;\">Vea, descargue e imprima <a href=\"\/modules\/summaries\/es\/los-abc-de-aba-resumen.pdf\" target=\"_blank\" rel=\"noopener\">un resumen detallado<\/a> de este m\u00f3dulo.<\/p>\n<\/div>\n<div class=\"clearboth\"><\/div>\n<\/div>\n<div class=\"one_half last\">\n<div style=\"margin-top:20px;\"><\/div>\n<div class=\"customFloatLeftImage\" style=\"margin-top:7px;width:75px;height:auto;\"><a href=\"\/plsurvey\" target=\"_blank\" rel=\"noopener\"><img decoding=\"async\" src=\"\/files\/question-icon-002.png\" alt=\"Una encuesta de M\u00f3dulo de Aprendizaje\"><\/a><\/div>\n<div style=\"width: auto; overflow: hidden;\">\n<p style=\"margin-top:0px;\">Gracias por ver nuestros m\u00f3dulos de aprendizaje usted. \u00bfPor favor ayudarnos a mejorar la serie completando este <a href=\"\/plsurvey\" target=\"_blank\" rel=\"noopener\">encuesta corta<\/a>?<\/p>\n<\/div>\n<div class=\"clearboth\"><\/div>\n<\/div>\n<\/div>\n","protected":false},"excerpt":{"rendered":"<p>Los ABC de ABA Este m\u00f3dulo presenta una introducci\u00f3n al An\u00e1lisis conductual aplicado (Applied Behavior Analysis, ABA). Usted aprender\u00e1 sobre las t\u00e9cnicas b\u00e1sicas de ABA, tales como reforzamiento, castigo y extinci\u00f3n. Adem\u00e1s, hemos incluido detalles sobre c\u00f3mo encontrar a un buen terapeuta de ABA y v\u00ednculos a varias organizaciones que se enfocan en ayudar a [&hellip;]<\/p>\n","protected":false},"author":2,"featured_media":0,"parent":0,"menu_order":0,"comment_status":"closed","ping_status":"closed","template":"","meta":{"_et_pb_use_builder":"","_et_pb_old_content":"","_et_gb_content_width":"","footnotes":""},"categories":[1083],"tags":[3074,1246,1340,1571,1341,1258,1608,1596,1528,1574,1169,1597,1622,1151,1620,1149,1630,1577,1578,1582,1579,1583,1125,1584,1585,1623,1095,1570,1154,1590,1631,1593,1633,3075,1321,1101,1021,931,1485,1595,1621,1008,1636,1207,1629,1632,1542,1598,3076,1467,993,1221,1604,1311,1257,1607,1603,1580,1581,1587,1599,1600,1601,1295,1614,1602,1270,1572,1615,1624,1609,1576,1575,1254,1588,1573,1115,1616,1605,1610,1594,1592,1611,1235,1559,1494,1560,1026,1027,1638,1367,1612,3077,1262,1618,1374,1619,981,1201,1625,1381,1626,1627,1267,1628,1067,1589,1606,1617,1586,1634,1078,1635,1313,1591,1637,1613,1639,3078],"class_list":["post-1441","page","type-page","status-publish","hentry","category-learning-es","tag-aba-es","tag-agua","tag-analisis","tag-analista","tag-aplicada","tag-aprender","tag-aprendizaje","tag-aprobado","tag-apropiada","tag-aula","tag-ayuda","tag-basada-en-la-evidencia","tag-calificaciones","tag-cambio","tag-castigo","tag-certificado","tag-cientificos","tag-clinica","tag-cognitiva","tag-coherente","tag-coleccion","tag-consistente","tag-consulte","tag-credenciales","tag-criticos","tag-cualificado","tag-datos","tag-de-adaptacion","tag-de-desarrollo","tag-deseables","tag-detener","tag-distrito","tag-docente","tag-doctor-es","tag-efectiva","tag-ejemplo","tag-el-autismo","tag-el-comportamiento","tag-el-idioma","tag-eliminando","tag-empujar","tag-entender","tag-entrenado","tag-entrenamiento","tag-escuela","tag-estudios","tag-etiqueta-engomada","tag-exhaustiva","tag-fda-es","tag-garantizar","tag-habilidades","tag-identificar","tag-importante","tag-indeseable","tag-inmediatamente","tag-intensiva","tag-la-audicion","tag-la-comunicacion","tag-la-consecuencia","tag-la-entrega","tag-la-experiencia","tag-la-extincion","tag-la-familia","tag-la-intervencion","tag-la-oportunidad","tag-la-salud","tag-lanzar","tag-las-conductas","tag-las-organizaciones","tag-lectura","tag-licencia","tag-limpieza","tag-limpio","tag-llorar","tag-lo-que-demuestra","tag-los-cuidadores","tag-los-padres","tag-los-resultados","tag-mejora","tag-metodico","tag-molestar","tag-mostrando","tag-motiva","tag-motivacion","tag-motivar","tag-musica","tag-negativo","tag-nino","tag-ninos","tag-no-deseado","tag-no-verbal","tag-objetiva","tag-observable-es","tag-ocurrir","tag-positivos","tag-principios","tag-profesionales","tag-psicologos","tag-rabieta","tag-receptivo","tag-recompensa","tag-reconocido","tag-reduciendo","tag-refuerzo","tag-removidos","tag-responde","tag-segun","tag-seguros","tag-senalando","tag-taza","tag-tecnica","tag-terapeuta","tag-toque","tag-trabajo","tag-trastornos","tag-tratamiento","tag-uno-a-uno","tag-verificar","tag-video-es"],"_links":{"self":[{"href":"https:\/\/www.porchlighteducation.org\/es\/wp-json\/wp\/v2\/pages\/1441","targetHints":{"allow":["GET"]}}],"collection":[{"href":"https:\/\/www.porchlighteducation.org\/es\/wp-json\/wp\/v2\/pages"}],"about":[{"href":"https:\/\/www.porchlighteducation.org\/es\/wp-json\/wp\/v2\/types\/page"}],"author":[{"embeddable":true,"href":"https:\/\/www.porchlighteducation.org\/es\/wp-json\/wp\/v2\/users\/2"}],"replies":[{"embeddable":true,"href":"https:\/\/www.porchlighteducation.org\/es\/wp-json\/wp\/v2\/comments?post=1441"}],"version-history":[{"count":10,"href":"https:\/\/www.porchlighteducation.org\/es\/wp-json\/wp\/v2\/pages\/1441\/revisions"}],"predecessor-version":[{"id":3374,"href":"https:\/\/www.porchlighteducation.org\/es\/wp-json\/wp\/v2\/pages\/1441\/revisions\/3374"}],"wp:attachment":[{"href":"https:\/\/www.porchlighteducation.org\/es\/wp-json\/wp\/v2\/media?parent=1441"}],"wp:term":[{"taxonomy":"category","embeddable":true,"href":"https:\/\/www.porchlighteducation.org\/es\/wp-json\/wp\/v2\/categories?post=1441"},{"taxonomy":"post_tag","embeddable":true,"href":"https:\/\/www.porchlighteducation.org\/es\/wp-json\/wp\/v2\/tags?post=1441"}],"curies":[{"name":"wp","href":"https:\/\/api.w.org\/{rel}","templated":true}]}}