{"id":1437,"date":"2015-10-23T02:15:18","date_gmt":"2015-10-23T09:15:18","guid":{"rendered":"https:\/\/www.porchlighteducation.org\/es\/?page_id=1437"},"modified":"2024-01-11T04:06:25","modified_gmt":"2024-01-11T12:06:25","slug":"reforzamiento","status":"publish","type":"page","link":"https:\/\/www.porchlighteducation.org\/es\/reforzamiento\/","title":{"rendered":"Reforzamiento"},"content":{"rendered":"<div class=\"learningModuleDiv\">\n<h1 class=\"learningModuleFirstPage\" style=\"margin-top:-20px;margin-bottom:0px;padding-top:0px;padding-bottom:0px;\">Reforzamiento<\/h1>\n<p><a href=\"https:\/\/www.porchlighteducation.org\/es\/reforzamiento-modulo\/\"><br \/>\n<img decoding=\"async\" style=\"margin-bottom: 0px;\" alt=\"Reforzamiento\" src=\"\/modules\/images\/reinforcement.jpg\" \/><br \/>\n<\/a><\/p>\n<p style=\"margin-top:0px;\">En este m\u00f3dulo, hablaremos sobre lo que es el reforzamiento positivo, y c\u00f3mo puede usted usar reforzamiento positivo para ense\u00f1ar una conducta deseada. El reforzamiento positivo involucra obtener algo deseable inmediatamente despu\u00e9s de mostrar una conducta. Hacer clic o tocar en el gr\u00e1fico de arriba para ver este m\u00f3dulo<\/p>\n<div class=\"one_half\">\n<div style=\"margin-top:20px;\"><\/div>\n<div class=\"customFloatLeftImage\" style=\"margin-top:7px;width:75px;height:auto;\"><a href=\"\/modules\/summaries\/es\/reforzamiento-resumen.pdf\" target=\"_blank\" rel=\"noopener\"><img decoding=\"async\" src=\"\/files\/book-icon-003.png\" alt=\"Un resumen de M\u00f3dulo de Aprendizaje\"><\/a><\/div>\n<div style=\"width: auto; overflow: hidden;\">\n<p style=\"margin-top:0px;\">Vea, descargue e imprima <a href=\"\/modules\/summaries\/es\/reforzamiento-resumen.pdf\" target=\"_blank\" rel=\"noopener\">un resumen detallado<\/a> de este m\u00f3dulo.<\/p>\n<\/div>\n<div class=\"clearboth\"><\/div>\n<\/div>\n<div class=\"one_half last\">\n<div style=\"margin-top:20px;\"><\/div>\n<div class=\"customFloatLeftImage\" style=\"margin-top:7px;width:75px;height:auto;\"><a href=\"\/plsurvey\" target=\"_blank\" rel=\"noopener\"><img decoding=\"async\" src=\"\/files\/question-icon-002.png\" alt=\"Una encuesta de M\u00f3dulo de Aprendizaje\"><\/a><\/div>\n<div style=\"width: auto; overflow: hidden;\">\n<p style=\"margin-top:0px;\">Gracias por ver nuestros m\u00f3dulos de aprendizaje usted. \u00bfPor favor ayudarnos a mejorar la serie completando este <a href=\"\/plsurvey\" target=\"_blank\" rel=\"noopener\">encuesta corta<\/a>?<\/p>\n<\/div>\n<div class=\"clearboth\"><\/div>\n<\/div>\n<\/div>\n","protected":false},"excerpt":{"rendered":"<p>Reforzamiento En este m\u00f3dulo, hablaremos sobre lo que es el reforzamiento positivo, y c\u00f3mo puede usted usar reforzamiento positivo para ense\u00f1ar una conducta deseada. El reforzamiento positivo involucra obtener algo deseable inmediatamente despu\u00e9s de mostrar una conducta. Hacer clic o tocar en el gr\u00e1fico de arriba para ver este m\u00f3dulo Vea, descargue e imprima un [&hellip;]<\/p>\n","protected":false},"author":2,"featured_media":0,"parent":0,"menu_order":0,"comment_status":"closed","ping_status":"closed","template":"","meta":{"_et_pb_use_builder":"","_et_pb_old_content":"","_et_gb_content_width":"","footnotes":""},"categories":[1083],"tags":[1247,1549,1550,1563,1144,3069,1553,1555,1089,1090,1554,1566,3100,1558,1557,1556,1036,1552,1565,1564,1277,1568,1561,3101,3073,1559,1560,1026,1027,1262,1299,1569,1190,1267,1240,1562,1551,1072,1567,3102],"class_list":["post-1437","page","type-page","status-publish","hentry","category-learning-es","tag-accion","tag-actividad","tag-actos","tag-armado","tag-atencion","tag-bcba-es","tag-coche","tag-coherencia","tag-comportamiento","tag-comportamientos","tag-consecuencia","tag-consejos","tag-danny-es","tag-de-inmediato","tag-de-manera-efectiva","tag-demuestran","tag-diferente","tag-dulces","tag-ensenar","tag-especifico","tag-evitar","tag-indeseables","tag-jugando","tag-kim-es","tag-meredith-es","tag-motivar","tag-negativo","tag-nino","tag-ninos","tag-ocurrir","tag-positivo","tag-que","tag-reforzar","tag-refuerzo","tag-responder","tag-rojo","tag-se-comportan","tag-sensorial","tag-tacto","tag-tangible-es"],"_links":{"self":[{"href":"https:\/\/www.porchlighteducation.org\/es\/wp-json\/wp\/v2\/pages\/1437","targetHints":{"allow":["GET"]}}],"collection":[{"href":"https:\/\/www.porchlighteducation.org\/es\/wp-json\/wp\/v2\/pages"}],"about":[{"href":"https:\/\/www.porchlighteducation.org\/es\/wp-json\/wp\/v2\/types\/page"}],"author":[{"embeddable":true,"href":"https:\/\/www.porchlighteducation.org\/es\/wp-json\/wp\/v2\/users\/2"}],"replies":[{"embeddable":true,"href":"https:\/\/www.porchlighteducation.org\/es\/wp-json\/wp\/v2\/comments?post=1437"}],"version-history":[{"count":5,"href":"https:\/\/www.porchlighteducation.org\/es\/wp-json\/wp\/v2\/pages\/1437\/revisions"}],"predecessor-version":[{"id":3369,"href":"https:\/\/www.porchlighteducation.org\/es\/wp-json\/wp\/v2\/pages\/1437\/revisions\/3369"}],"wp:attachment":[{"href":"https:\/\/www.porchlighteducation.org\/es\/wp-json\/wp\/v2\/media?parent=1437"}],"wp:term":[{"taxonomy":"category","embeddable":true,"href":"https:\/\/www.porchlighteducation.org\/es\/wp-json\/wp\/v2\/categories?post=1437"},{"taxonomy":"post_tag","embeddable":true,"href":"https:\/\/www.porchlighteducation.org\/es\/wp-json\/wp\/v2\/tags?post=1437"}],"curies":[{"name":"wp","href":"https:\/\/api.w.org\/{rel}","templated":true}]}}