{"id":1433,"date":"2015-10-23T02:06:35","date_gmt":"2015-10-23T09:06:35","guid":{"rendered":"https:\/\/www.porchlighteducation.org\/es\/?page_id=1433"},"modified":"2024-01-11T03:48:54","modified_gmt":"2024-01-11T11:48:54","slug":"incentivos","status":"publish","type":"page","link":"https:\/\/www.porchlighteducation.org\/es\/incentivos\/","title":{"rendered":"Incentivos"},"content":{"rendered":"<div class=\"learningModuleDiv\">\n<h1 class=\"learningModuleFirstPage\" style=\"margin-top:-20px;margin-bottom:0px;padding-top:0px;padding-bottom:0px;\">Incentivos<\/h1>\n<p><a href=\"https:\/\/www.porchlighteducation.org\/es\/incentivos-modulo\/\"><br \/>\n<img decoding=\"async\" style=\"margin-bottom: 0px;\" alt=\"Incentivos\" src=\"\/modules\/images\/prompting.jpg\" \/><br \/>\n<\/a><\/p>\n<p style=\"margin-top:0px;\">En este m\u00f3dulo, usted aprender\u00e1 que los incentivos son la manera de ayudar a quien est\u00e1 aprendiendo para que adquiera o mejore una cierta habilidad. Los incentivos son indicaciones que usted le brinda al ni\u00f1o para ayudarle a responder correctamente. Hacer clic o tocar en el gr\u00e1fico de arriba para ver este m\u00f3dulo<\/p>\n<div class=\"one_half\">\n<div style=\"margin-top:20px;\"><\/div>\n<div class=\"customFloatLeftImage\" style=\"margin-top:7px;width:75px;height:auto;\"><a href=\"\/modules\/summaries\/es\/incentivos-resumen.pdf\" target=\"_blank\" rel=\"noopener\"><img decoding=\"async\" src=\"\/files\/book-icon-003.png\" alt=\"Un resumen de M\u00f3dulo de Aprendizaje\"><\/a><\/div>\n<div style=\"width: auto; overflow: hidden;\">\n<p style=\"margin-top:0px;\">Vea, descargue e imprima <a href=\"\/modules\/summaries\/es\/incentivos-resumen.pdf\" target=\"_blank\" rel=\"noopener\">un resumen detallado<\/a> de este m\u00f3dulo.<\/p>\n<\/div>\n<div class=\"clearboth\"><\/div>\n<\/div>\n<div class=\"one_half last\">\n<div style=\"margin-top:20px;\"><\/div>\n<div class=\"customFloatLeftImage\" style=\"margin-top:7px;width:75px;height:auto;\"><a href=\"\/plsurvey\" target=\"_blank\" rel=\"noopener\"><img decoding=\"async\" src=\"\/files\/question-icon-002.png\" alt=\"Una encuesta de M\u00f3dulo de Aprendizaje\"><\/a><\/div>\n<div style=\"width: auto; overflow: hidden;\">\n<p style=\"margin-top:0px;\">Gracias por ver nuestros m\u00f3dulos de aprendizaje usted. \u00bfPor favor ayudarnos a mejorar la serie completando este <a href=\"\/plsurvey\" target=\"_blank\" rel=\"noopener\">encuesta corta<\/a>?<\/p>\n<\/div>\n<div class=\"clearboth\"><\/div>\n<\/div>\n<\/div>\n","protected":false},"excerpt":{"rendered":"<p>Incentivos En este m\u00f3dulo, usted aprender\u00e1 que los incentivos son la manera de ayudar a quien est\u00e1 aprendiendo para que adquiera o mejore una cierta habilidad. Los incentivos son indicaciones que usted le brinda al ni\u00f1o para ayudarle a responder correctamente. Hacer clic o tocar en el gr\u00e1fico de arriba para ver este m\u00f3dulo Vea, [&hellip;]<\/p>\n","protected":false},"author":2,"featured_media":0,"parent":0,"menu_order":0,"comment_status":"closed","ping_status":"closed","template":"","meta":{"_et_pb_use_builder":"","_et_pb_old_content":"","_et_gb_content_width":"","footnotes":""},"categories":[1083],"tags":[1526,3072,1527,1528,1169,1535,1531,1530,1547,1529,1541,1546,1158,1021,931,1532,1121,1245,1244,1256,1542,1372,1534,2962,1237,1544,1545,3073,1026,1027,1548,1536,1538,1537,1540,1267,1240,1539,1543,1078,1533,3059],"class_list":["post-1433","page","type-page","status-publish","hentry","category-learning-es","tag-adquirir","tag-amanda-es","tag-aplicar","tag-apropiada","tag-ayuda","tag-boca","tag-caso","tag-cepillo","tag-cepillo-de-dientes","tag-conductistas","tag-de-pie","tag-diente","tag-eficaz","tag-el-autismo","tag-el-comportamiento","tag-el-contexto","tag-el-progreso","tag-ensenanza","tag-ensene","tag-esperanza","tag-etiqueta-engomada","tag-fisica","tag-imitar","tag-incentivos","tag-inmediata","tag-las-tecnicas","tag-los-dientes","tag-meredith-es","tag-nino","tag-ninos","tag-pasta-de-dientes","tag-puntos","tag-que-provoco","tag-rapido","tag-recuerde","tag-refuerzo","tag-responder","tag-se-le-solicita","tag-tarea","tag-terapeuta","tag-util","tag-verbal-es"],"_links":{"self":[{"href":"https:\/\/www.porchlighteducation.org\/es\/wp-json\/wp\/v2\/pages\/1433","targetHints":{"allow":["GET"]}}],"collection":[{"href":"https:\/\/www.porchlighteducation.org\/es\/wp-json\/wp\/v2\/pages"}],"about":[{"href":"https:\/\/www.porchlighteducation.org\/es\/wp-json\/wp\/v2\/types\/page"}],"author":[{"embeddable":true,"href":"https:\/\/www.porchlighteducation.org\/es\/wp-json\/wp\/v2\/users\/2"}],"replies":[{"embeddable":true,"href":"https:\/\/www.porchlighteducation.org\/es\/wp-json\/wp\/v2\/comments?post=1433"}],"version-history":[{"count":6,"href":"https:\/\/www.porchlighteducation.org\/es\/wp-json\/wp\/v2\/pages\/1433\/revisions"}],"predecessor-version":[{"id":3359,"href":"https:\/\/www.porchlighteducation.org\/es\/wp-json\/wp\/v2\/pages\/1433\/revisions\/3359"}],"wp:attachment":[{"href":"https:\/\/www.porchlighteducation.org\/es\/wp-json\/wp\/v2\/media?parent=1433"}],"wp:term":[{"taxonomy":"category","embeddable":true,"href":"https:\/\/www.porchlighteducation.org\/es\/wp-json\/wp\/v2\/categories?post=1433"},{"taxonomy":"post_tag","embeddable":true,"href":"https:\/\/www.porchlighteducation.org\/es\/wp-json\/wp\/v2\/tags?post=1433"}],"curies":[{"name":"wp","href":"https:\/\/api.w.org\/{rel}","templated":true}]}}