{"id":1429,"date":"2015-10-23T01:56:22","date_gmt":"2015-10-23T08:56:22","guid":{"rendered":"https:\/\/www.porchlighteducation.org\/es\/?page_id=1429"},"modified":"2024-01-10T05:04:06","modified_gmt":"2024-01-10T13:04:06","slug":"crear-un-ambiente-de-apoyo","status":"publish","type":"page","link":"https:\/\/www.porchlighteducation.org\/es\/crear-un-ambiente-de-apoyo\/","title":{"rendered":"Crear un Ambiente de Apoyo"},"content":{"rendered":"<div class=\"learningModuleDiv\">\n<h1 class=\"learningModuleFirstPage\" style=\"margin-top:-20px;margin-bottom:0px;padding-top:0px;padding-bottom:0px;\">Crear un Ambiente de Apoyo<\/h1>\n<p><a href=\"https:\/\/www.porchlighteducation.org\/es\/crear-un-ambiente-de-apoyo-modulo\/\"><br \/>\n<img decoding=\"async\" style=\"margin-bottom: 0px;\" alt=\"Crear un Ambiente de Apoyo\" src=\"\/modules\/images\/Crear-un-ambiente-de-apoyo.jpg\" \/><br \/>\n<\/a><\/p>\n<p style=\"margin-top:0px;\">Este m\u00f3dulo presenta informaci\u00f3n valiosa sobre c\u00f3mo crear un ambiente de apoyo para alguien que tiene autismo. Aprender\u00e1 sobre visuales, sonidos y olores, pautas para crear una organizaci\u00f3n \u00f3ptima de la habitaci\u00f3n, y c\u00f3mo crear una esquina sensorial. Adem\u00e1s, le ayudaremos a aprender lo que NO deber\u00eda tener en la habitaci\u00f3n. Hacer clic o tocar en el gr\u00e1fico de arriba para ver este m\u00f3dulo<\/p>\n<div class=\"one_half\">\n<div style=\"margin-top:20px;\"><\/div>\n<div class=\"customFloatLeftImage\" style=\"margin-top:7px;width:75px;height:auto;\"><a href=\"\/modules\/summaries\/es\/crear-un-ambiente-de-apoyo-resumen.pdf\" target=\"_blank\" rel=\"noopener\"><img decoding=\"async\" src=\"\/files\/book-icon-003.png\" alt=\"Un resumen de M\u00f3dulo de Aprendizaje\"><\/a><\/div>\n<div style=\"width: auto; overflow: hidden;\">\n<p style=\"margin-top:0px;\">Vea, descargue e imprima <a href=\"\/modules\/summaries\/es\/crear-un-ambiente-de-apoyo-resumen.pdf\" target=\"_blank\" rel=\"noopener\">un resumen detallado<\/a> de este m\u00f3dulo.<\/p>\n<\/div>\n<div class=\"clearboth\"><\/div>\n<\/div>\n<div class=\"one_half last\">\n<div style=\"margin-top:20px;\"><\/div>\n<div class=\"customFloatLeftImage\" style=\"margin-top:7px;width:75px;height:auto;\"><a href=\"\/plsurvey\" target=\"_blank\" rel=\"noopener\"><img decoding=\"async\" src=\"\/files\/question-icon-002.png\" alt=\"Una encuesta de M\u00f3dulo de Aprendizaje\"><\/a><\/div>\n<div style=\"width: auto; overflow: hidden;\">\n<p style=\"margin-top:0px;\">Gracias por ver nuestros m\u00f3dulos de aprendizaje usted. \u00bfPor favor ayudarnos a mejorar la serie completando este <a href=\"\/plsurvey\" target=\"_blank\" rel=\"noopener\">encuesta corta<\/a>?<\/p>\n<\/div>\n<div class=\"clearboth\"><\/div>\n<\/div>\n<\/div>\n","protected":false},"excerpt":{"rendered":"<p>Crear un Ambiente de Apoyo Este m\u00f3dulo presenta informaci\u00f3n valiosa sobre c\u00f3mo crear un ambiente de apoyo para alguien que tiene autismo. Aprender\u00e1 sobre visuales, sonidos y olores, pautas para crear una organizaci\u00f3n \u00f3ptima de la habitaci\u00f3n, y c\u00f3mo crear una esquina sensorial. Adem\u00e1s, le ayudaremos a aprender lo que NO deber\u00eda tener en la [&hellip;]<\/p>\n","protected":false},"author":2,"featured_media":0,"parent":0,"menu_order":0,"comment_status":"closed","ping_status":"closed","template":"","meta":{"_et_pb_use_builder":"","_et_pb_old_content":"","_et_gb_content_width":"","footnotes":""},"categories":[1083],"tags":[970,1499,1447,1510,1461,1466,1341,1509,1439,1442,1480,1446,1481,1443,1473,1444,1025,1445,3060,1440,934,1152,3061,1448,1449,1451,1452,932,1469,1454,1455,1457,1456,1458,1460,1459,1437,1438,1464,1463,1021,1519,1485,995,1506,1497,1079,1057,1465,1436,1450,1076,1516,1468,1470,1471,1472,1475,1488,1467,1200,1479,3062,1502,1482,1080,1172,3063,1462,1503,1310,1476,1478,1486,1498,1520,1477,1513,959,1484,1483,1056,1487,1285,1489,1490,1491,943,1407,1492,1493,1494,1496,1026,1027,1501,1453,3064,1500,1504,1300,1505,1039,1062,1508,1507,1189,1441,1511,1515,1072,1070,945,1495,3065,3066,996,1517,1514,1512,1518,1078,1523,1522,1521,1524,1265,3067,1525,1474,3059,3068],"class_list":["post-1429","page","type-page","status-publish","hentry","category-learning-es","tag-abrumado","tag-abrumadora","tag-acondicionador","tag-ambiente","tag-angustia","tag-anime","tag-aplicada","tag-balanceo","tag-beneficiosos","tag-brillante","tag-caballos","tag-cambiar","tag-casa","tag-causa","tag-cayendo","tag-centro","tag-cerebro","tag-ciertos-cambios","tag-color-es","tag-compartimiento","tag-comunicacion","tag-comunicar","tag-confusion-es","tag-consideran","tag-continua","tag-crear","tag-cubos","tag-cuidador","tag-de-escape","tag-decoraciones","tag-desalentar","tag-desorganizado","tag-discutido","tag-disipar","tag-distraccion","tag-distraen","tag-dormido","tag-dormitorio","tag-efectivamente","tag-efecto","tag-el-autismo","tag-el-gusto","tag-el-idioma","tag-el-olfato","tag-el-proceso","tag-el-ruido","tag-el-tacto","tag-el-trabajo","tag-electrica","tag-electrodomesticos","tag-esquina","tag-estimulos","tag-estructura","tag-evaluadas","tag-experimentando","tag-explorar","tag-extendida","tag-fluorescente","tag-fuerte","tag-garantizar","tag-hablar","tag-hogar","tag-hum-es","tag-imagenes","tag-incandescente","tag-incomodo","tag-independencia","tag-individual-es","tag-inquietante","tag-juegos","tag-juguetes","tag-la-comida","tag-la-frustracion","tag-la-lava","tag-la-organizacion","tag-la-television","tag-las-fragancias","tag-las-habilidades","tag-las-interacciones","tag-las-lamparas","tag-los-insumos","tag-los-objetos","tag-luz","tag-malestar","tag-manejable","tag-masajeadores","tag-materiales","tag-medio-ambiente","tag-meta","tag-minimizando","tag-movimiento","tag-musica","tag-naturales","tag-nino","tag-ninos","tag-pasteles","tag-peligrosos","tag-perfumes-es","tag-pintura","tag-predecible","tag-preferido","tag-presento","tag-problemas","tag-promover","tag-quitar","tag-reaccionan","tag-reducir","tag-rompibles","tag-seguridad","tag-sembrado","tag-sensorial","tag-sentidos","tag-sentimientos","tag-silenciado","tag-similar-es","tag-social-es","tag-sonidos","tag-soporte","tag-suave","tag-tamizado","tag-tareas","tag-terapeuta","tag-terapeutica","tag-textura","tag-tienda","tag-tipica","tag-tranquilo","tag-tv-es","tag-unico","tag-ventilador","tag-verbal-es","tag-visual-es"],"_links":{"self":[{"href":"https:\/\/www.porchlighteducation.org\/es\/wp-json\/wp\/v2\/pages\/1429","targetHints":{"allow":["GET"]}}],"collection":[{"href":"https:\/\/www.porchlighteducation.org\/es\/wp-json\/wp\/v2\/pages"}],"about":[{"href":"https:\/\/www.porchlighteducation.org\/es\/wp-json\/wp\/v2\/types\/page"}],"author":[{"embeddable":true,"href":"https:\/\/www.porchlighteducation.org\/es\/wp-json\/wp\/v2\/users\/2"}],"replies":[{"embeddable":true,"href":"https:\/\/www.porchlighteducation.org\/es\/wp-json\/wp\/v2\/comments?post=1429"}],"version-history":[{"count":11,"href":"https:\/\/www.porchlighteducation.org\/es\/wp-json\/wp\/v2\/pages\/1429\/revisions"}],"predecessor-version":[{"id":3353,"href":"https:\/\/www.porchlighteducation.org\/es\/wp-json\/wp\/v2\/pages\/1429\/revisions\/3353"}],"wp:attachment":[{"href":"https:\/\/www.porchlighteducation.org\/es\/wp-json\/wp\/v2\/media?parent=1429"}],"wp:term":[{"taxonomy":"category","embeddable":true,"href":"https:\/\/www.porchlighteducation.org\/es\/wp-json\/wp\/v2\/categories?post=1429"},{"taxonomy":"post_tag","embeddable":true,"href":"https:\/\/www.porchlighteducation.org\/es\/wp-json\/wp\/v2\/tags?post=1429"}],"curies":[{"name":"wp","href":"https:\/\/api.w.org\/{rel}","templated":true}]}}