{"id":1414,"date":"2015-10-23T01:09:06","date_gmt":"2015-10-23T08:09:06","guid":{"rendered":"https:\/\/www.porchlighteducation.org\/es\/?page_id=1414"},"modified":"2024-01-11T03:47:42","modified_gmt":"2024-01-11T11:47:42","slug":"historias-sociales","status":"publish","type":"page","link":"https:\/\/www.porchlighteducation.org\/es\/historias-sociales\/","title":{"rendered":"Historias Sociales"},"content":{"rendered":"<div class=\"learningModuleDiv\">\n<h1 class=\"learningModuleFirstPage\" style=\"margin-top:-20px;margin-bottom:0px;padding-top:0px;padding-bottom:0px;\">Historias Sociales<\/h1>\n<p><a href=\"https:\/\/www.porchlighteducation.org\/es\/historias-sociales-modulo\/\"><br \/>\n<img decoding=\"async\" style=\"margin-bottom: 0px;\" alt=\"Historias Sociales\" src=\"\/modules\/images\/social-stories.jpg\" \/><br \/>\n<\/a><\/p>\n<p style=\"margin-top:0px;\">Las historias sociales son historias cortas que presentan al ni\u00f1o una situaci\u00f3n com\u00fan, con sugerencias sobre c\u00f3mo comportarse o comunicarse en esa situaci\u00f3n. Las historias sociales ayudan a reforzar conductas deseables, y pueden ser personalizadas para la situaci\u00f3n individual del un ni\u00f1o. Hacer clic o tocar en el gr\u00e1fico de arriba para ver este m\u00f3dulo<\/p>\n<div class=\"one_half\">\n<div style=\"margin-top:20px;\"><\/div>\n<div class=\"customFloatLeftImage\" style=\"margin-top:7px;width:75px;height:auto;\"><a href=\"\/modules\/summaries\/es\/historias-sociales-resumen.pdf\" target=\"_blank\" rel=\"noopener\"><img decoding=\"async\" src=\"\/files\/book-icon-003.png\" alt=\"Un resumen de M\u00f3dulo de Aprendizaje\"><\/a><\/div>\n<div style=\"width: auto; overflow: hidden;\">\n<p style=\"margin-top:0px;\">Vea, descargue e imprima <a href=\"\/modules\/summaries\/es\/historias-sociales-resumen.pdf\" target=\"_blank\" rel=\"noopener\">un resumen detallado<\/a> de este m\u00f3dulo.<\/p>\n<\/div>\n<div class=\"clearboth\"><\/div>\n<\/div>\n<div class=\"one_half last\">\n<div style=\"margin-top:20px;\"><\/div>\n<div class=\"customFloatLeftImage\" style=\"margin-top:7px;width:75px;height:auto;\"><a href=\"\/plsurvey\" target=\"_blank\" rel=\"noopener\"><img decoding=\"async\" src=\"\/files\/question-icon-002.png\" alt=\"Una encuesta de M\u00f3dulo de Aprendizaje\"><\/a><\/div>\n<div style=\"width: auto; overflow: hidden;\">\n<p style=\"margin-top:0px;\">Gracias por ver nuestros m\u00f3dulos de aprendizaje usted. \u00bfPor favor ayudarnos a mejorar la serie completando este <a href=\"\/plsurvey\" target=\"_blank\" rel=\"noopener\">encuesta corta<\/a>?<\/p>\n<\/div>\n<div class=\"clearboth\"><\/div>\n<\/div>\n<\/div>\n","protected":false},"excerpt":{"rendered":"<p>Historias Sociales Las historias sociales son historias cortas que presentan al ni\u00f1o una situaci\u00f3n com\u00fan, con sugerencias sobre c\u00f3mo comportarse o comunicarse en esa situaci\u00f3n. Las historias sociales ayudan a reforzar conductas deseables, y pueden ser personalizadas para la situaci\u00f3n individual del un ni\u00f1o. Hacer clic o tocar en el gr\u00e1fico de arriba para ver [&hellip;]<\/p>\n","protected":false},"author":2,"featured_media":0,"parent":0,"menu_order":0,"comment_status":"closed","ping_status":"closed","template":"","meta":{"_et_pb_use_builder":"","_et_pb_old_content":"","_et_gb_content_width":"","footnotes":""},"categories":[1083],"tags":[1118,1169,1151,1421,934,1416,1023,1401,1424,1158,1021,931,1415,1406,1435,1434,1427,1432,1256,1405,1408,1412,993,1132,1429,1428,1409,1410,1414,1400,1402,1403,1407,1411,1026,1027,1431,1413,1299,1433,1190,1420,1417,1380,1068,1418,1404,988,1419,1422,1423,1426,1430,1078,1425],"class_list":["post-1414","page","type-page","status-publish","hentry","category-learning-es","tag-anterior","tag-ayuda","tag-cambio","tag-cantar","tag-comunicacion","tag-con-anterioridad","tag-conductas","tag-cumpleanos","tag-destrezas","tag-eficaz","tag-el-autismo","tag-el-comportamiento","tag-el-jugar","tag-enfoque","tag-escrito","tag-escritura","tag-especificos","tag-espera","tag-esperanza","tag-esperar","tag-feliz","tag-fiesta","tag-habilidades","tag-herramienta","tag-historia","tag-historias","tag-inapropiado","tag-incluir","tag-juego","tag-la-ansiedad","tag-libro","tag-libros","tag-meta","tag-necesidades","tag-nino","tag-ninos","tag-ordenado","tag-perspectiva","tag-positivo","tag-quiero","tag-reforzar","tag-reglas","tag-relevante","tag-respuesta","tag-respuestas","tag-revisar","tag-ropa","tag-rutinas","tag-sala","tag-situacion","tag-situaciones","tag-sociales","tag-teniendo","tag-terapeuta","tag-tobogan"],"_links":{"self":[{"href":"https:\/\/www.porchlighteducation.org\/es\/wp-json\/wp\/v2\/pages\/1414","targetHints":{"allow":["GET"]}}],"collection":[{"href":"https:\/\/www.porchlighteducation.org\/es\/wp-json\/wp\/v2\/pages"}],"about":[{"href":"https:\/\/www.porchlighteducation.org\/es\/wp-json\/wp\/v2\/types\/page"}],"author":[{"embeddable":true,"href":"https:\/\/www.porchlighteducation.org\/es\/wp-json\/wp\/v2\/users\/2"}],"replies":[{"embeddable":true,"href":"https:\/\/www.porchlighteducation.org\/es\/wp-json\/wp\/v2\/comments?post=1414"}],"version-history":[{"count":5,"href":"https:\/\/www.porchlighteducation.org\/es\/wp-json\/wp\/v2\/pages\/1414\/revisions"}],"predecessor-version":[{"id":3358,"href":"https:\/\/www.porchlighteducation.org\/es\/wp-json\/wp\/v2\/pages\/1414\/revisions\/3358"}],"wp:attachment":[{"href":"https:\/\/www.porchlighteducation.org\/es\/wp-json\/wp\/v2\/media?parent=1414"}],"wp:term":[{"taxonomy":"category","embeddable":true,"href":"https:\/\/www.porchlighteducation.org\/es\/wp-json\/wp\/v2\/categories?post=1414"},{"taxonomy":"post_tag","embeddable":true,"href":"https:\/\/www.porchlighteducation.org\/es\/wp-json\/wp\/v2\/tags?post=1414"}],"curies":[{"name":"wp","href":"https:\/\/api.w.org\/{rel}","templated":true}]}}