{"id":1410,"date":"2015-10-23T00:01:28","date_gmt":"2015-10-23T07:01:28","guid":{"rendered":"https:\/\/www.porchlighteducation.org\/es\/?page_id=1410"},"modified":"2024-01-11T03:53:45","modified_gmt":"2024-01-11T11:53:45","slug":"opciones-de-tratamiento","status":"publish","type":"page","link":"https:\/\/www.porchlighteducation.org\/es\/opciones-de-tratamiento\/","title":{"rendered":"Opciones de Tratamiento"},"content":{"rendered":"<div class=\"learningModuleDiv\">\n<h1 class=\"learningModuleFirstPage\" style=\"margin-top:-20px;margin-bottom:0px;padding-top:0px;padding-bottom:0px;\">Opciones de Tratamiento<\/h1>\n<p><a href=\"https:\/\/www.porchlighteducation.org\/es\/opciones-de-tratamiento-modulo\/\"><br \/>\n<img decoding=\"async\" style=\"margin-bottom: 0px;\" alt=\"Opciones de Tratamiento\" src=\"\/modules\/images\/opciones-de-tratamiento-para-el-autismo.jpg\" \/><br \/>\n<\/a><\/p>\n<p style=\"margin-top:0px;\">Este m\u00f3dulo incluye informaci\u00f3n \u00fatil sobre las diversas opciones de tratamiento para el autismo. Usted aprender\u00e1 sobre terapia conductual, terapias basadas en relaciones, tratamientos de comunicaci\u00f3n, movimiento y desarrollo f\u00edsico y motor, y tratamientos biom\u00e9dicos. Adem\u00e1s, hemos incluido enlaces a varias organizaciones que le pueden ayudar a aprender m\u00e1s sobre opciones de tratamiento. Hacer clic o tocar en el gr\u00e1fico de arriba para ver este m\u00f3dulo<\/p>\n<div class=\"one_half\">\n<div style=\"margin-top:20px;\"><\/div>\n<div class=\"customFloatLeftImage\" style=\"margin-top:7px;width:75px;height:auto;\"><a href=\"\/modules\/summaries\/es\/opciones-de-tratamiento-para-el-autismo-resumen.pdf\" target=\"_blank\" rel=\"noopener\"><img decoding=\"async\" src=\"\/files\/book-icon-003.png\" alt=\"Un resumen de M\u00f3dulo de Aprendizaje\"><\/a><\/div>\n<div style=\"width: auto; overflow: hidden;\">\n<p style=\"margin-top:0px;\">Vea, descargue e imprima <a href=\"\/modules\/summaries\/es\/opciones-de-tratamiento-para-el-autismo-resumen.pdf\" target=\"_blank\" rel=\"noopener\">un resumen detallado<\/a> de este m\u00f3dulo.<\/p>\n<\/div>\n<div class=\"clearboth\"><\/div>\n<\/div>\n<div class=\"one_half last\">\n<div style=\"margin-top:20px;\"><\/div>\n<div class=\"customFloatLeftImage\" style=\"margin-top:7px;width:75px;height:auto;\"><a href=\"\/plsurvey\" target=\"_blank\" rel=\"noopener\"><img decoding=\"async\" src=\"\/files\/question-icon-002.png\" alt=\"Una encuesta de M\u00f3dulo de Aprendizaje\"><\/a><\/div>\n<div style=\"width: auto; overflow: hidden;\">\n<p style=\"margin-top:0px;\">Gracias por ver nuestros m\u00f3dulos de aprendizaje usted. \u00bfPor favor ayudarnos a mejorar la serie completando este <a href=\"\/plsurvey\" target=\"_blank\" rel=\"noopener\">encuesta corta<\/a>?<\/p>\n<\/div>\n<div class=\"clearboth\"><\/div>\n<\/div>\n<\/div>\n","protected":false},"excerpt":{"rendered":"<p>Opciones de Tratamiento Este m\u00f3dulo incluye informaci\u00f3n \u00fatil sobre las diversas opciones de tratamiento para el autismo. Usted aprender\u00e1 sobre terapia conductual, terapias basadas en relaciones, tratamientos de comunicaci\u00f3n, movimiento y desarrollo f\u00edsico y motor, y tratamientos biom\u00e9dicos. Adem\u00e1s, hemos incluido enlaces a varias organizaciones que le pueden ayudar a aprender m\u00e1s sobre opciones de [&hellip;]<\/p>\n","protected":false},"author":2,"featured_media":0,"parent":0,"menu_order":0,"comment_status":"closed","ping_status":"closed","template":"","meta":{"_et_pb_use_builder":"","_et_pb_old_content":"","_et_gb_content_width":"","footnotes":""},"categories":[1083],"tags":[3074,1339,1340,1341,1342,1383,1353,1350,1373,1344,1345,1387,934,1152,1023,1347,1091,1022,1356,3079,941,1384,1360,1021,937,998,1385,1228,1363,995,1371,1388,1079,1394,1395,3076,1372,1351,1397,952,3080,993,1386,1354,3063,1355,1358,958,1337,1343,1349,1389,1050,1295,1359,1364,1390,1352,1338,1370,1346,1000,1361,963,1362,1365,1366,1367,1368,976,1369,3081,3082,3083,1299,1374,1375,3084,1376,3085,1066,1381,1267,1378,1377,1357,1379,1380,1068,1348,1382,1069,992,1335,996,1391,1004,1393,1392,1396,1398,1399],"class_list":["post-1410","page","type-page","status-publish","hentry","category-learning-es","tag-aba-es","tag-alternativa","tag-analisis","tag-aplicada","tag-aumentativos","tag-auto-gestion-cientifica","tag-basada-en-casa","tag-basada-en-la-evidencia-efectiva","tag-basado-en-el-juego","tag-biomedica","tag-caseina","tag-complementario","tag-comunicacion","tag-comunicar","tag-conductas","tag-coordinacion-deficiente","tag-cuidadores","tag-de-comportamiento","tag-de-seguro","tag-denver-es","tag-desorden","tag-dormir","tag-el-aprendizaje","tag-el-autismo","tag-el-desarrollo","tag-el-habla","tag-el-hijo-ascenso-social","tag-el-lenguaje","tag-el-modelo","tag-el-olfato","tag-el-rendimiento","tag-el-sistema","tag-el-tacto","tag-el-tono","tag-el-tratamiento","tag-fda-es","tag-fisica","tag-floortime-dir","tag-gatillo","tag-gestos","tag-gluten-es","tag-habilidades","tag-hablando","tag-homeopatia","tag-individual-es","tag-inmune","tag-interacciones","tag-interactuar","tag-la-capacidad","tag-la-conducta","tag-la-dieta","tag-la-ensenanza","tag-la-integracion","tag-la-intervencion","tag-la-irritabilidad","tag-la-motivacion","tag-la-tecnica","tag-libre-de-gluten","tag-los-alergenos","tag-los-companeros","tag-los-ninos","tag-los-sintomas","tag-medicamentos","tag-medicina","tag-metodo","tag-muscular","tag-nervioso","tag-no-verbal","tag-ocupacional","tag-omnipresente","tag-opciones","tag-pace-es","tag-pecs-es","tag-pivotal-es","tag-positivo","tag-principios","tag-procesos","tag-prt-es","tag-psiquiatra","tag-rdi-es","tag-reacciona","tag-recompensa","tag-refuerzo","tag-relacion","tag-relacionales","tag-relacionarse","tag-repetitivos","tag-respuesta","tag-respuestas","tag-retrasos","tag-ritmos","tag-sensibles","tag-sensoriales","tag-sonido","tag-sonidos","tag-teoria","tag-terapeutas","tag-terapia","tag-terapias","tag-tratamientos","tag-validados","tag-vitaminas"],"_links":{"self":[{"href":"https:\/\/www.porchlighteducation.org\/es\/wp-json\/wp\/v2\/pages\/1410","targetHints":{"allow":["GET"]}}],"collection":[{"href":"https:\/\/www.porchlighteducation.org\/es\/wp-json\/wp\/v2\/pages"}],"about":[{"href":"https:\/\/www.porchlighteducation.org\/es\/wp-json\/wp\/v2\/types\/page"}],"author":[{"embeddable":true,"href":"https:\/\/www.porchlighteducation.org\/es\/wp-json\/wp\/v2\/users\/2"}],"replies":[{"embeddable":true,"href":"https:\/\/www.porchlighteducation.org\/es\/wp-json\/wp\/v2\/comments?post=1410"}],"version-history":[{"count":7,"href":"https:\/\/www.porchlighteducation.org\/es\/wp-json\/wp\/v2\/pages\/1410\/revisions"}],"predecessor-version":[{"id":3362,"href":"https:\/\/www.porchlighteducation.org\/es\/wp-json\/wp\/v2\/pages\/1410\/revisions\/3362"}],"wp:attachment":[{"href":"https:\/\/www.porchlighteducation.org\/es\/wp-json\/wp\/v2\/media?parent=1410"}],"wp:term":[{"taxonomy":"category","embeddable":true,"href":"https:\/\/www.porchlighteducation.org\/es\/wp-json\/wp\/v2\/categories?post=1410"},{"taxonomy":"post_tag","embeddable":true,"href":"https:\/\/www.porchlighteducation.org\/es\/wp-json\/wp\/v2\/tags?post=1410"}],"curies":[{"name":"wp","href":"https:\/\/api.w.org\/{rel}","templated":true}]}}