{"id":1406,"date":"2015-10-22T23:48:34","date_gmt":"2015-10-23T06:48:34","guid":{"rendered":"https:\/\/www.porchlighteducation.org\/es\/?page_id=1406"},"modified":"2024-01-11T03:44:16","modified_gmt":"2024-01-11T11:44:16","slug":"evocar-conductas-positivas","status":"publish","type":"page","link":"https:\/\/www.porchlighteducation.org\/es\/evocar-conductas-positivas\/","title":{"rendered":"Evocar Conductas Positivas"},"content":{"rendered":"<div class=\"learningModuleDiv\">\n<h1 class=\"learningModuleFirstPage\" style=\"margin-top:-20px;margin-bottom:0px;padding-top:0px;padding-bottom:0px;\">Evocar Conductas Positivas<\/h1>\n<p><a href=\"https:\/\/www.porchlighteducation.org\/es\/evocar-conductas-positivas-modulo\/\"><br \/>\n<img decoding=\"async\" style=\"margin-bottom: 0px;\" alt=\"Evocar Conductas Positivas\" src=\"\/modules\/images\/evoking-positive-behavior.jpg\" \/><br \/>\n<\/a><\/p>\n<p style=\"margin-top:0px;\">Cuidar a cualquier ni\u00f1o puede ser un reto en ocasiones, y estos retos cambian conforme el ni\u00f1o se desarrolla. Este m\u00f3dulo de brinda consejos para estimular las conductas positivas de su hijo. Hacer clic o tocar en el gr\u00e1fico de arriba para ver este m\u00f3dulo<\/p>\n<div class=\"one_half\">\n<div style=\"margin-top:20px;\"><\/div>\n<div class=\"customFloatLeftImage\" style=\"margin-top:7px;width:75px;height:auto;\"><a href=\"\/modules\/summaries\/es\/evocar-conductas-positivas-resumen.pdf\" target=\"_blank\" rel=\"noopener\"><img decoding=\"async\" src=\"\/files\/book-icon-003.png\" alt=\"Un resumen de M\u00f3dulo de Aprendizaje\"><\/a><\/div>\n<div style=\"width: auto; overflow: hidden;\">\n<p style=\"margin-top:0px;\">Vea, descargue e imprima <a href=\"\/modules\/summaries\/es\/evocar-conductas-positivas-resumen.pdf\" target=\"_blank\" rel=\"noopener\">un resumen detallado<\/a> de este m\u00f3dulo.<\/p>\n<\/div>\n<div class=\"clearboth\"><\/div>\n<\/div>\n<div class=\"one_half last\">\n<div style=\"margin-top:20px;\"><\/div>\n<div class=\"customFloatLeftImage\" style=\"margin-top:7px;width:75px;height:auto;\"><a href=\"\/plsurvey\" target=\"_blank\" rel=\"noopener\"><img decoding=\"async\" src=\"\/files\/question-icon-002.png\" alt=\"Una encuesta de M\u00f3dulo de Aprendizaje\"><\/a><\/div>\n<div style=\"width: auto; overflow: hidden;\">\n<p style=\"margin-top:0px;\">Gracias por ver nuestros m\u00f3dulos de aprendizaje usted. \u00bfPor favor ayudarnos a mejorar la serie completando este <a href=\"\/plsurvey\" target=\"_blank\" rel=\"noopener\">encuesta corta<\/a>?<\/p>\n<\/div>\n<div class=\"clearboth\"><\/div>\n<\/div>\n<\/div>\n","protected":false},"excerpt":{"rendered":"<p>Evocar Conductas Positivas Cuidar a cualquier ni\u00f1o puede ser un reto en ocasiones, y estos retos cambian conforme el ni\u00f1o se desarrolla. Este m\u00f3dulo de brinda consejos para estimular las conductas positivas de su hijo. Hacer clic o tocar en el gr\u00e1fico de arriba para ver este m\u00f3dulo Vea, descargue e imprima un resumen detallado [&hellip;]<\/p>\n","protected":false},"author":2,"featured_media":0,"parent":0,"menu_order":0,"comment_status":"closed","ping_status":"closed","template":"","meta":{"_et_pb_use_builder":"","_et_pb_old_content":"","_et_gb_content_width":"","footnotes":""},"categories":[1083],"tags":[1315,1325,1334,1333,1023,1328,1336,1326,1318,1319,1320,1037,1135,1321,1158,1021,1252,931,1191,1331,1130,1322,1040,1323,1324,1200,1327,3071,1311,1316,1332,1302,943,1329,1026,1330,1190,1317,3066,1335,1078,3068],"class_list":["post-1406","page","type-page","status-publish","hentry","category-learning-es","tag-adecuadas","tag-aumentan","tag-autorregularse","tag-chillar","tag-conductas","tag-consciente","tag-de-trabajo-positivo","tag-derretir-down","tag-desafiante","tag-diferencia","tag-diferencial","tag-dificil","tag-disparadores","tag-efectiva","tag-eficaz","tag-el-autismo","tag-el-cambio","tag-el-comportamiento","tag-el-horario","tag-el-refuerzo","tag-entonces","tag-esfuerzo","tag-evoque","tag-golpe","tag-golpes","tag-hablar","tag-hitos","tag-hormonal-es","tag-indeseable","tag-la-atencion","tag-la-rutina","tag-lo-que-provoco","tag-medio-ambiente","tag-modulo","tag-nino","tag-redireccionamiento","tag-reforzar","tag-retos","tag-social-es","tag-sonido","tag-terapeuta","tag-visual-es"],"_links":{"self":[{"href":"https:\/\/www.porchlighteducation.org\/es\/wp-json\/wp\/v2\/pages\/1406","targetHints":{"allow":["GET"]}}],"collection":[{"href":"https:\/\/www.porchlighteducation.org\/es\/wp-json\/wp\/v2\/pages"}],"about":[{"href":"https:\/\/www.porchlighteducation.org\/es\/wp-json\/wp\/v2\/types\/page"}],"author":[{"embeddable":true,"href":"https:\/\/www.porchlighteducation.org\/es\/wp-json\/wp\/v2\/users\/2"}],"replies":[{"embeddable":true,"href":"https:\/\/www.porchlighteducation.org\/es\/wp-json\/wp\/v2\/comments?post=1406"}],"version-history":[{"count":7,"href":"https:\/\/www.porchlighteducation.org\/es\/wp-json\/wp\/v2\/pages\/1406\/revisions"}],"predecessor-version":[{"id":3356,"href":"https:\/\/www.porchlighteducation.org\/es\/wp-json\/wp\/v2\/pages\/1406\/revisions\/3356"}],"wp:attachment":[{"href":"https:\/\/www.porchlighteducation.org\/es\/wp-json\/wp\/v2\/media?parent=1406"}],"wp:term":[{"taxonomy":"category","embeddable":true,"href":"https:\/\/www.porchlighteducation.org\/es\/wp-json\/wp\/v2\/categories?post=1406"},{"taxonomy":"post_tag","embeddable":true,"href":"https:\/\/www.porchlighteducation.org\/es\/wp-json\/wp\/v2\/tags?post=1406"}],"curies":[{"name":"wp","href":"https:\/\/api.w.org\/{rel}","templated":true}]}}