{"id":1402,"date":"2015-10-22T23:36:40","date_gmt":"2015-10-23T06:36:40","guid":{"rendered":"https:\/\/www.porchlighteducation.org\/es\/?page_id=1402"},"modified":"2024-01-11T04:02:52","modified_gmt":"2024-01-11T12:02:52","slug":"que-causa-la-conducta","status":"publish","type":"page","link":"https:\/\/www.porchlighteducation.org\/es\/que-causa-la-conducta\/","title":{"rendered":"Qu\u00e9 Causa la Conducta"},"content":{"rendered":"<div class=\"learningModuleDiv\">\n<h1 class=\"learningModuleFirstPage\" style=\"margin-top:-20px;margin-bottom:0px;padding-top:0px;padding-bottom:0px;\">Qu\u00e9 Causa la Conducta<\/h1>\n<p><a href=\"https:\/\/www.porchlighteducation.org\/es\/que-causa-la-conducta-modulo\/\"><br \/>\n<img decoding=\"async\" style=\"margin-bottom: 0px;\" alt=\"Qu\u00e9 Causa la Conducta\" src=\"\/modules\/images\/what-causes-behavior.jpg\" \/><br \/>\n<\/a><\/p>\n<p style=\"margin-top:0px;\">Este m\u00f3dulo revisa <em>por qu\u00e9<\/em> se comportan los ni\u00f1os como lo hacen. La conducta se define como una acci\u00f3n espec\u00edfica que realiza una persona, y que puede ser observada. Hacer clic o tocar en el gr\u00e1fico de arriba para ver este m\u00f3dulo<\/p>\n<div class=\"one_half\">\n<div style=\"margin-top:20px;\"><\/div>\n<div class=\"customFloatLeftImage\" style=\"margin-top:7px;width:75px;height:auto;\"><a href=\"\/modules\/summaries\/es\/que-causa-la-conducta-resumen.pdf\" target=\"_blank\" rel=\"noopener\"><img decoding=\"async\" src=\"\/files\/book-icon-003.png\" alt=\"Un resumen de M\u00f3dulo de Aprendizaje\"><\/a><\/div>\n<div style=\"width: auto; overflow: hidden;\">\n<p style=\"margin-top:0px;\">Vea, descargue e imprima <a href=\"\/modules\/summaries\/es\/que-causa-la-conducta-resumen.pdf\" target=\"_blank\" rel=\"noopener\">un resumen detallado<\/a> de este m\u00f3dulo.<\/p>\n<\/div>\n<div class=\"clearboth\"><\/div>\n<\/div>\n<div class=\"one_half last\">\n<div style=\"margin-top:20px;\"><\/div>\n<div class=\"customFloatLeftImage\" style=\"margin-top:7px;width:75px;height:auto;\"><a href=\"\/plsurvey\" target=\"_blank\" rel=\"noopener\"><img decoding=\"async\" src=\"\/files\/question-icon-002.png\" alt=\"Una encuesta de M\u00f3dulo de Aprendizaje\"><\/a><\/div>\n<div style=\"width: auto; overflow: hidden;\">\n<p style=\"margin-top:0px;\">Gracias por ver nuestros m\u00f3dulos de aprendizaje usted. \u00bfPor favor ayudarnos a mejorar la serie completando este <a href=\"\/plsurvey\" target=\"_blank\" rel=\"noopener\">encuesta corta<\/a>?<\/p>\n<\/div>\n<div class=\"clearboth\"><\/div>\n<\/div>\n<\/div>\n","protected":false},"excerpt":{"rendered":"<p>Qu\u00e9 Causa la Conducta Este m\u00f3dulo revisa por qu\u00e9 se comportan los ni\u00f1os como lo hacen. La conducta se define como una acci\u00f3n espec\u00edfica que realiza una persona, y que puede ser observada. Hacer clic o tocar en el gr\u00e1fico de arriba para ver este m\u00f3dulo Vea, descargue e imprima un resumen detallado de este [&hellip;]<\/p>\n","protected":false},"author":2,"featured_media":0,"parent":0,"menu_order":0,"comment_status":"closed","ping_status":"closed","template":"","meta":{"_et_pb_use_builder":"","_et_pb_old_content":"","_et_gb_content_width":"","footnotes":""},"categories":[1083],"tags":[1144,1290,1089,1090,1281,1280,1276,1312,1303,1159,1288,1304,1287,3099,1278,1277,1289,1163,1283,1292,1279,1314,1297,1306,1311,1310,1294,1295,1293,1307,1045,1284,1302,1308,1261,1285,1282,1309,1026,1262,1217,1296,1286,1298,1299,1300,1301,1189,1267,982,1305,1072,1291,1078,1313],"class_list":["post-1402","page","type-page","status-publish","hentry","category-learning-es","tag-atencion","tag-cara","tag-comportamiento","tag-comportamientos","tag-comportandose","tag-comportarse","tag-de-acceso","tag-desagradable","tag-el-castigo","tag-eliminar","tag-emocion","tag-en-repetidas-ocasiones","tag-enganche","tag-escape-es","tag-evitacion","tag-evitar","tag-extinguir","tag-familia","tag-frente","tag-funcion","tag-golpeando","tag-gritan","tag-hacer","tag-hermano","tag-indeseable","tag-juguetes","tag-la-cabeza","tag-la-intervencion","tag-la-tienda-de-comestibles","tag-las-luchas","tag-las-manos","tag-llorando","tag-lo-que-provoco","tag-los-estudiantes","tag-madre","tag-malestar","tag-masticar","tag-nadar","tag-nino","tag-ocurrir","tag-padre","tag-patear","tag-perturbador","tag-planificar","tag-positivo","tag-preferido","tag-prefiere","tag-reducir","tag-refuerzo","tag-regular","tag-se-repite","tag-sensorial","tag-sentimiento","tag-terapeuta","tag-trabajo"],"_links":{"self":[{"href":"https:\/\/www.porchlighteducation.org\/es\/wp-json\/wp\/v2\/pages\/1402","targetHints":{"allow":["GET"]}}],"collection":[{"href":"https:\/\/www.porchlighteducation.org\/es\/wp-json\/wp\/v2\/pages"}],"about":[{"href":"https:\/\/www.porchlighteducation.org\/es\/wp-json\/wp\/v2\/types\/page"}],"author":[{"embeddable":true,"href":"https:\/\/www.porchlighteducation.org\/es\/wp-json\/wp\/v2\/users\/2"}],"replies":[{"embeddable":true,"href":"https:\/\/www.porchlighteducation.org\/es\/wp-json\/wp\/v2\/comments?post=1402"}],"version-history":[{"count":6,"href":"https:\/\/www.porchlighteducation.org\/es\/wp-json\/wp\/v2\/pages\/1402\/revisions"}],"predecessor-version":[{"id":3367,"href":"https:\/\/www.porchlighteducation.org\/es\/wp-json\/wp\/v2\/pages\/1402\/revisions\/3367"}],"wp:attachment":[{"href":"https:\/\/www.porchlighteducation.org\/es\/wp-json\/wp\/v2\/media?parent=1402"}],"wp:term":[{"taxonomy":"category","embeddable":true,"href":"https:\/\/www.porchlighteducation.org\/es\/wp-json\/wp\/v2\/categories?post=1402"},{"taxonomy":"post_tag","embeddable":true,"href":"https:\/\/www.porchlighteducation.org\/es\/wp-json\/wp\/v2\/tags?post=1402"}],"curies":[{"name":"wp","href":"https:\/\/api.w.org\/{rel}","templated":true}]}}