{"id":1398,"date":"2015-10-22T23:26:26","date_gmt":"2015-10-23T06:26:26","guid":{"rendered":"https:\/\/www.porchlighteducation.org\/es\/?page_id=1398"},"modified":"2024-01-11T04:01:04","modified_gmt":"2024-01-11T12:01:04","slug":"puntos-basicos-sobre-la-conducta","status":"publish","type":"page","link":"https:\/\/www.porchlighteducation.org\/es\/puntos-basicos-sobre-la-conducta\/","title":{"rendered":"Puntos B\u00e1sicos sobre la Conducta"},"content":{"rendered":"<div class=\"learningModuleDiv\">\n<h1 class=\"learningModuleFirstPage\" style=\"margin-top:-20px;margin-bottom:0px;padding-top:0px;padding-bottom:0px;\">Puntos B\u00e1sicos sobre la Conducta<\/h1>\n<p><a href=\"https:\/\/www.porchlighteducation.org\/es\/puntos-basicos-sobre-la-conducta-modulo\/\"><br \/>\n<img decoding=\"async\" style=\"margin-bottom: 0px;\" alt=\"Puntos B\u00e1sicos sobre la Conducta\" src=\"\/modules\/images\/basics-of-behavior.jpg\" \/><br \/>\n<\/a><\/p>\n<p style=\"margin-top:0px;\">Este m\u00f3dulo revisa lo que es conducta y lo que no lo es, c\u00f3mo aprenden las personas a comportarse de cierta manera y c\u00f3mo puede identificar lo que causa ciertos tipos de conductas. Con el objeto de cambiar una conducta, usted debe primero identificar de forma correcta la conducta, y distinguir entre sentimientos y conductas. Hacer clic o tocar en el gr\u00e1fico de arriba para ver este m\u00f3dulo<\/p>\n<div class=\"one_half\">\n<div style=\"margin-top:20px;\"><\/div>\n<div class=\"customFloatLeftImage\" style=\"margin-top:7px;width:75px;height:auto;\"><a href=\"\/modules\/summaries\/es\/puntos-basicos-sobre-la-conducta-resumen.pdf\" target=\"_blank\" rel=\"noopener\"><img decoding=\"async\" src=\"\/files\/book-icon-003.png\" alt=\"Un resumen de M\u00f3dulo de Aprendizaje\"><\/a><\/div>\n<div style=\"width: auto; overflow: hidden;\">\n<p style=\"margin-top:0px;\">Vea, descargue e imprima <a href=\"\/modules\/summaries\/es\/puntos-basicos-sobre-la-conducta-resumen.pdf\" target=\"_blank\" rel=\"noopener\">un resumen detallado<\/a> de este m\u00f3dulo.<\/p>\n<\/div>\n<div class=\"clearboth\"><\/div>\n<\/div>\n<div class=\"one_half last\">\n<div style=\"margin-top:20px;\"><\/div>\n<div class=\"customFloatLeftImage\" style=\"margin-top:7px;width:75px;height:auto;\"><a href=\"\/plsurvey\" target=\"_blank\" rel=\"noopener\"><img decoding=\"async\" src=\"\/files\/question-icon-002.png\" alt=\"Una encuesta de M\u00f3dulo de Aprendizaje\"><\/a><\/div>\n<div style=\"width: auto; overflow: hidden;\">\n<p style=\"margin-top:0px;\">Gracias por ver nuestros m\u00f3dulos de aprendizaje usted. \u00bfPor favor ayudarnos a mejorar la serie completando este <a href=\"\/plsurvey\" target=\"_blank\" rel=\"noopener\">encuesta corta<\/a>?<\/p>\n<\/div>\n<div class=\"clearboth\"><\/div>\n<\/div>\n<\/div>\n","protected":false},"excerpt":{"rendered":"<p>Puntos B\u00e1sicos sobre la Conducta Este m\u00f3dulo revisa lo que es conducta y lo que no lo es, c\u00f3mo aprenden las personas a comportarse de cierta manera y c\u00f3mo puede identificar lo que causa ciertos tipos de conductas. Con el objeto de cambiar una conducta, usted debe primero identificar de forma correcta la conducta, y [&hellip;]<\/p>\n","protected":false},"author":2,"featured_media":0,"parent":0,"menu_order":0,"comment_status":"closed","ping_status":"closed","template":"","meta":{"_et_pb_use_builder":"","_et_pb_old_content":"","_et_gb_content_width":"","footnotes":""},"categories":[1083],"tags":[1247,1248,1263,1086,1258,1169,1250,1251,1089,1252,1273,1272,1057,1253,1260,1245,1244,1256,1255,1269,1268,1221,1257,1271,1270,1275,1254,1261,1230,1026,1274,3077,1114,1262,1217,1249,1264,1266,1267,1259,3098,1078,1265],"class_list":["post-1398","page","type-page","status-publish","hentry","category-learning-es","tag-accion","tag-agresivo","tag-alabanzas","tag-antecedente","tag-aprender","tag-ayuda","tag-causas","tag-cierto","tag-comportamiento","tag-el-cambio","tag-el-gatillo","tag-el-tiempo","tag-el-trabajo","tag-en-consecuencia","tag-en-voz-alta","tag-ensenanza","tag-ensene","tag-esperanza","tag-golpear","tag-gritos","tag-grosero","tag-identificar","tag-inmediatamente","tag-lanza","tag-lanzar","tag-las-verduras","tag-llorar","tag-madre","tag-mira","tag-nino","tag-no-deseable","tag-observable-es","tag-observar","tag-ocurrir","tag-padre","tag-pan","tag-provocando","tag-recaudar","tag-refuerzo","tag-solo","tag-television-es","tag-terapeuta","tag-tranquilo"],"_links":{"self":[{"href":"https:\/\/www.porchlighteducation.org\/es\/wp-json\/wp\/v2\/pages\/1398","targetHints":{"allow":["GET"]}}],"collection":[{"href":"https:\/\/www.porchlighteducation.org\/es\/wp-json\/wp\/v2\/pages"}],"about":[{"href":"https:\/\/www.porchlighteducation.org\/es\/wp-json\/wp\/v2\/types\/page"}],"author":[{"embeddable":true,"href":"https:\/\/www.porchlighteducation.org\/es\/wp-json\/wp\/v2\/users\/2"}],"replies":[{"embeddable":true,"href":"https:\/\/www.porchlighteducation.org\/es\/wp-json\/wp\/v2\/comments?post=1398"}],"version-history":[{"count":6,"href":"https:\/\/www.porchlighteducation.org\/es\/wp-json\/wp\/v2\/pages\/1398\/revisions"}],"predecessor-version":[{"id":3366,"href":"https:\/\/www.porchlighteducation.org\/es\/wp-json\/wp\/v2\/pages\/1398\/revisions\/3366"}],"wp:attachment":[{"href":"https:\/\/www.porchlighteducation.org\/es\/wp-json\/wp\/v2\/media?parent=1398"}],"wp:term":[{"taxonomy":"category","embeddable":true,"href":"https:\/\/www.porchlighteducation.org\/es\/wp-json\/wp\/v2\/categories?post=1398"},{"taxonomy":"post_tag","embeddable":true,"href":"https:\/\/www.porchlighteducation.org\/es\/wp-json\/wp\/v2\/tags?post=1398"}],"curies":[{"name":"wp","href":"https:\/\/api.w.org\/{rel}","templated":true}]}}