{"id":1394,"date":"2015-10-22T23:15:22","date_gmt":"2015-10-23T06:15:22","guid":{"rendered":"https:\/\/www.porchlighteducation.org\/es\/?page_id=1394"},"modified":"2024-01-11T03:51:26","modified_gmt":"2024-01-11T11:51:26","slug":"mandos","status":"publish","type":"page","link":"https:\/\/www.porchlighteducation.org\/es\/mandos\/","title":{"rendered":"Mandos"},"content":{"rendered":"<div class=\"learningModuleDiv\">\n<h1 class=\"learningModuleFirstPage\" style=\"margin-top:-20px;margin-bottom:0px;padding-top:0px;padding-bottom:0px;\">Mandos<\/h1>\n<p><a href=\"https:\/\/www.porchlighteducation.org\/es\/mandos-modulo\/\"><br \/>\n<img decoding=\"async\" style=\"margin-bottom: 0px;\" alt=\"Mandos\" src=\"\/modules\/images\/manding.jpg\" \/><br \/>\n<\/a><\/p>\n<p style=\"margin-top:0px;\">Este m\u00f3dulo explora \"mandos\", que se origina en la palabra \"comando\", y es una manera de solicitar algo. Explicamos c\u00f3mo puede ense\u00f1arle a un ni\u00f1o con autismo a usar mandos para comunicarse con usted. Hacer clic o tocar en el gr\u00e1fico de arriba para ver este m\u00f3dulo<\/p>\n<div class=\"one_half\">\n<div style=\"margin-top:20px;\"><\/div>\n<div class=\"customFloatLeftImage\" style=\"margin-top:7px;width:75px;height:auto;\"><a href=\"\/modules\/summaries\/es\/mandos-resumen.pdf\" target=\"_blank\" rel=\"noopener\"><img decoding=\"async\" src=\"\/files\/book-icon-003.png\" alt=\"Un resumen de M\u00f3dulo de Aprendizaje\"><\/a><\/div>\n<div style=\"width: auto; overflow: hidden;\">\n<p style=\"margin-top:0px;\">Vea, descargue e imprima <a href=\"\/modules\/summaries\/es\/mandos-resumen.pdf\" target=\"_blank\" rel=\"noopener\">un resumen detallado<\/a> de este m\u00f3dulo.<\/p>\n<\/div>\n<div class=\"clearboth\"><\/div>\n<\/div>\n<div class=\"one_half last\">\n<div style=\"margin-top:20px;\"><\/div>\n<div class=\"customFloatLeftImage\" style=\"margin-top:7px;width:75px;height:auto;\"><a href=\"\/plsurvey\" target=\"_blank\" rel=\"noopener\"><img decoding=\"async\" src=\"\/files\/question-icon-002.png\" alt=\"Una encuesta de M\u00f3dulo de Aprendizaje\"><\/a><\/div>\n<div style=\"width: auto; overflow: hidden;\">\n<p style=\"margin-top:0px;\">Gracias por ver nuestros m\u00f3dulos de aprendizaje usted. \u00bfPor favor ayudarnos a mejorar la serie completando este <a href=\"\/plsurvey\" target=\"_blank\" rel=\"noopener\">encuesta corta<\/a>?<\/p>\n<\/div>\n<div class=\"clearboth\"><\/div>\n<\/div>\n<\/div>\n","protected":false},"excerpt":{"rendered":"<p>Mandos Este m\u00f3dulo explora &#8220;mandos&#8221;, que se origina en la palabra &#8220;comando&#8221;, y es una manera de solicitar algo. Explicamos c\u00f3mo puede ense\u00f1arle a un ni\u00f1o con autismo a usar mandos para comunicarse con usted. Hacer clic o tocar en el gr\u00e1fico de arriba para ver este m\u00f3dulo Vea, descargue e imprima un resumen detallado [&hellip;]<\/p>\n","protected":false},"author":2,"featured_media":0,"parent":0,"menu_order":0,"comment_status":"closed","ping_status":"closed","template":"","meta":{"_et_pb_use_builder":"","_et_pb_old_content":"","_et_gb_content_width":"","footnotes":""},"categories":[1083],"tags":[1246,1231,1242,1223,1224,1084,933,1218,1219,1232,1234,1215,1216,1212,1021,1214,1228,1227,1245,1244,1241,1222,1221,1226,1237,1229,1213,1233,1230,1235,1236,1026,1027,1217,1225,1238,1190,1240,1239,1243,1078,1220],"class_list":["post-1394","page","type-page","status-publish","hentry","category-learning-es","tag-agua","tag-ama","tag-aperitivos","tag-aumenta","tag-aumentando","tag-capaz","tag-comunicarse","tag-conseguir","tag-dar","tag-demanda","tag-demandas","tag-desea","tag-deseos","tag-el-acceso","tag-el-autismo","tag-el-deseo","tag-el-lenguaje","tag-elemento","tag-ensenanza","tag-ensene","tag-escenario","tag-identificacion","tag-identificar","tag-informacion","tag-inmediata","tag-lo-que-limita","tag-los-pepinos","tag-mandinga","tag-mira","tag-motivacion","tag-necesidad","tag-nino","tag-ninos","tag-padre","tag-personas","tag-peticion","tag-reforzar","tag-responder","tag-solicitando","tag-sucesion","tag-terapeuta","tag-vidrio"],"_links":{"self":[{"href":"https:\/\/www.porchlighteducation.org\/es\/wp-json\/wp\/v2\/pages\/1394","targetHints":{"allow":["GET"]}}],"collection":[{"href":"https:\/\/www.porchlighteducation.org\/es\/wp-json\/wp\/v2\/pages"}],"about":[{"href":"https:\/\/www.porchlighteducation.org\/es\/wp-json\/wp\/v2\/types\/page"}],"author":[{"embeddable":true,"href":"https:\/\/www.porchlighteducation.org\/es\/wp-json\/wp\/v2\/users\/2"}],"replies":[{"embeddable":true,"href":"https:\/\/www.porchlighteducation.org\/es\/wp-json\/wp\/v2\/comments?post=1394"}],"version-history":[{"count":6,"href":"https:\/\/www.porchlighteducation.org\/es\/wp-json\/wp\/v2\/pages\/1394\/revisions"}],"predecessor-version":[{"id":3361,"href":"https:\/\/www.porchlighteducation.org\/es\/wp-json\/wp\/v2\/pages\/1394\/revisions\/3361"}],"wp:attachment":[{"href":"https:\/\/www.porchlighteducation.org\/es\/wp-json\/wp\/v2\/media?parent=1394"}],"wp:term":[{"taxonomy":"category","embeddable":true,"href":"https:\/\/www.porchlighteducation.org\/es\/wp-json\/wp\/v2\/categories?post=1394"},{"taxonomy":"post_tag","embeddable":true,"href":"https:\/\/www.porchlighteducation.org\/es\/wp-json\/wp\/v2\/tags?post=1394"}],"curies":[{"name":"wp","href":"https:\/\/api.w.org\/{rel}","templated":true}]}}