{"id":1392,"date":"2015-10-22T22:53:38","date_gmt":"2015-10-23T05:53:38","guid":{"rendered":"https:\/\/www.porchlighteducation.org\/es\/?page_id=1392"},"modified":"2024-01-11T03:33:29","modified_gmt":"2024-01-11T11:33:29","slug":"dejar-el-panal","status":"publish","type":"page","link":"https:\/\/www.porchlighteducation.org\/es\/dejar-el-panal\/","title":{"rendered":"Dejar el Pa\u00f1al"},"content":{"rendered":"<div class=\"learningModuleDiv\">\n<h1 class=\"learningModuleFirstPage\" style=\"margin-top:-20px;margin-bottom:0px;padding-top:0px;padding-bottom:0px;\">Dejar el Pa\u00f1al<\/h1>\n<p><a href=\"https:\/\/www.porchlighteducation.org\/es\/dejar-el-panal-modulo\/\"><br \/>\n<img decoding=\"async\" style=\"margin-bottom: 0px;\" alt=\"Dejar el Pa\u00f1al\" src=\"\/modules\/images\/toilet-training.jpg\" \/><br \/>\n<\/a><\/p>\n<p style=\"margin-top:0px;\">Este m\u00f3dulo presenta una visi\u00f3n general de las t\u00e9cnicas comunes para dejar el pa\u00f1al que usted puede usar con su hijo. Los temas que se cubren incluyen: Prepararse (usted y su hijo) para el \u00e9xito, Defecaci\u00f3n, Entrenamiento nocturno, Retos al dejar el pa\u00f1al, Los aspectos b\u00e1sicos de dejar el pa\u00f1al. Proveemos tambi\u00e9n detalles espec\u00edficos sobre la importancia de la consistencia y de tener un plan. Hacer clic o tocar en el gr\u00e1fico de arriba para ver este m\u00f3dulo<\/p>\n<div class=\"one_half\">\n<div style=\"margin-top:20px;\"><\/div>\n<div class=\"customFloatLeftImage\" style=\"margin-top:7px;width:75px;height:auto;\"><a href=\"\/modules\/summaries\/es\/dejar-el-panal-resumen.pdf\" target=\"_blank\" rel=\"noopener\"><img decoding=\"async\" src=\"\/files\/book-icon-003.png\" alt=\"Un resumen de M\u00f3dulo de Aprendizaje\"><\/a><\/div>\n<div style=\"width: auto; overflow: hidden;\">\n<p style=\"margin-top:0px;\">Vea, descargue e imprima <a href=\"\/modules\/summaries\/es\/dejar-el-panal-resumen.pdf\" target=\"_blank\" rel=\"noopener\">un resumen detallado<\/a> de este m\u00f3dulo.<\/p>\n<\/div>\n<div class=\"clearboth\"><\/div>\n<\/div>\n<div class=\"one_half last\">\n<div style=\"margin-top:20px;\"><\/div>\n<div class=\"customFloatLeftImage\" style=\"margin-top:7px;width:75px;height:auto;\"><a href=\"\/plsurvey\" target=\"_blank\" rel=\"noopener\"><img decoding=\"async\" src=\"\/files\/question-icon-002.png\" alt=\"Una encuesta de M\u00f3dulo de Aprendizaje\"><\/a><\/div>\n<div style=\"width: auto; overflow: hidden;\">\n<p style=\"margin-top:0px;\">Gracias por ver nuestros m\u00f3dulos de aprendizaje usted. \u00bfPor favor ayudarnos a mejorar la serie completando este <a href=\"\/plsurvey\" target=\"_blank\" rel=\"noopener\">encuesta corta<\/a>?<\/p>\n<\/div>\n<div class=\"clearboth\"><\/div>\n<\/div>\n<\/div>\n","protected":false},"excerpt":{"rendered":"<p>Dejar el Pa\u00f1al Este m\u00f3dulo presenta una visi\u00f3n general de las t\u00e9cnicas comunes para dejar el pa\u00f1al que usted puede usar con su hijo. Los temas que se cubren incluyen: Prepararse (usted y su hijo) para el \u00e9xito, Defecaci\u00f3n, Entrenamiento nocturno, Retos al dejar el pa\u00f1al, Los aspectos b\u00e1sicos de dejar el pa\u00f1al. Proveemos tambi\u00e9n [&hellip;]<\/p>\n","protected":false},"author":2,"featured_media":0,"parent":0,"menu_order":0,"comment_status":"closed","ping_status":"closed","template":"","meta":{"_et_pb_use_builder":"","_et_pb_old_content":"","_et_gb_content_width":"","footnotes":""},"categories":[1083],"tags":[1137,1138,1203,1144,1171,928,1169,1204,3069,1157,1151,1149,3060,1165,1152,1153,932,1154,1167,1176,1150,1158,1140,1148,931,1141,1191,1147,1146,1156,1161,1053,995,1195,1159,1008,1207,1196,1199,1163,1164,3070,1166,1168,1200,1145,1185,1170,1208,1172,1173,1175,1174,1197,1205,1117,1142,1139,1184,1180,1183,1192,1181,1177,1178,1115,1182,1194,1179,1026,1187,1211,1155,1198,1186,1039,1162,1201,1188,1189,1190,1210,1160,1072,1193,1209,1202,1143,1078,1131,1206,3068],"class_list":["post-1392","page","type-page","status-publish","hentry","category-learning-es","tag-acceso","tag-accidente","tag-aseo","tag-atencion","tag-aumentar","tag-autismo","tag-ayuda","tag-bano","tag-bcba-es","tag-beben","tag-cambio","tag-certificado","tag-color-es","tag-comida","tag-comunicar","tag-consistencia","tag-cuidador","tag-de-desarrollo","tag-de-gestos","tag-de-interaccion","tag-desafios","tag-eficaz","tag-el-analista","tag-el-caramelo","tag-el-comportamiento","tag-el-enfoque","tag-el-horario","tag-el-intestino","tag-el-libro","tag-el-malestar","tag-el-medio-ambiente","tag-el-movimiento","tag-el-olfato","tag-el-rencor","tag-eliminar","tag-entender","tag-entrenamiento","tag-etapas","tag-exito","tag-familia","tag-favorito","tag-fecal-es","tag-frecuente","tag-habitos","tag-hablar","tag-hora-de-acostarse","tag-imagen","tag-importantes","tag-incapaz","tag-independencia","tag-independiente","tag-indicaciones","tag-indicar","tag-inicio","tag-juguete","tag-la-alabanza","tag-la-ayuda","tag-la-cantidad","tag-la-fisica","tag-la-noche","tag-la-paciencia","tag-la-sensacion","tag-las-oportunidades","tag-lenguaje","tag-liquidos","tag-los-padres","tag-los-pantalones","tag-manchas","tag-medica","tag-nino","tag-orinal","tag-orinar","tag-panal","tag-pegatinas","tag-positiva","tag-problemas","tag-que-se-espera","tag-rabieta","tag-rapida","tag-reducir","tag-reforzar","tag-ropa-interior","tag-se-involucra","tag-sensorial","tag-sentarse","tag-subyacente","tag-tecnicas","tag-tentativa","tag-terapeuta","tag-tiempo","tag-tren","tag-visual-es"],"_links":{"self":[{"href":"https:\/\/www.porchlighteducation.org\/es\/wp-json\/wp\/v2\/pages\/1392","targetHints":{"allow":["GET"]}}],"collection":[{"href":"https:\/\/www.porchlighteducation.org\/es\/wp-json\/wp\/v2\/pages"}],"about":[{"href":"https:\/\/www.porchlighteducation.org\/es\/wp-json\/wp\/v2\/types\/page"}],"author":[{"embeddable":true,"href":"https:\/\/www.porchlighteducation.org\/es\/wp-json\/wp\/v2\/users\/2"}],"replies":[{"embeddable":true,"href":"https:\/\/www.porchlighteducation.org\/es\/wp-json\/wp\/v2\/comments?post=1392"}],"version-history":[{"count":6,"href":"https:\/\/www.porchlighteducation.org\/es\/wp-json\/wp\/v2\/pages\/1392\/revisions"}],"predecessor-version":[{"id":3354,"href":"https:\/\/www.porchlighteducation.org\/es\/wp-json\/wp\/v2\/pages\/1392\/revisions\/3354"}],"wp:attachment":[{"href":"https:\/\/www.porchlighteducation.org\/es\/wp-json\/wp\/v2\/media?parent=1392"}],"wp:term":[{"taxonomy":"category","embeddable":true,"href":"https:\/\/www.porchlighteducation.org\/es\/wp-json\/wp\/v2\/categories?post=1392"},{"taxonomy":"post_tag","embeddable":true,"href":"https:\/\/www.porchlighteducation.org\/es\/wp-json\/wp\/v2\/tags?post=1392"}],"curies":[{"name":"wp","href":"https:\/\/api.w.org\/{rel}","templated":true}]}}