{"id":1372,"date":"2015-10-22T19:59:59","date_gmt":"2015-10-23T02:59:59","guid":{"rendered":"https:\/\/www.porchlighteducation.org\/es\/?page_id=1372"},"modified":"2024-01-11T04:04:52","modified_gmt":"2024-01-11T12:04:52","slug":"recoleccion-de-datos","status":"publish","type":"page","link":"https:\/\/www.porchlighteducation.org\/es\/recoleccion-de-datos\/","title":{"rendered":"Recolecci\u00f3n de Datos"},"content":{"rendered":"<div class=\"learningModuleDiv\">\n<h1 class=\"learningModuleFirstPage\" style=\"margin-top:-20px;margin-bottom:0px;padding-top:0px;padding-bottom:0px;\">Recolecci\u00f3n de Datos<\/h1>\n<p><a href=\"https:\/\/www.porchlighteducation.org\/es\/recoleccion-de-datos-modulo\/\"><br \/>\n<img decoding=\"async\" style=\"margin-bottom: 0px;\" alt=\"Recolecci\u00f3n de Datos\" src=\"\/modules\/images\/data-collection.jpg\" \/><br \/>\n<\/a><\/p>\n<p style=\"margin-top:0px;\">Este m\u00f3dulo revisa las respuestas sensoriales en ni\u00f1os con autismo y c\u00f3mo los trastornos de procesamiento sensorial pueden estar afectando su conducta. Hacer clic o tocar en el gr\u00e1fico de arriba para ver este m\u00f3dulo<\/p>\n<div class=\"one_half\">\n<div style=\"margin-top:20px;\"><\/div>\n<div class=\"customFloatLeftImage\" style=\"margin-top:7px;width:75px;height:auto;\"><a href=\"\/modules\/summaries\/es\/recoleccion-de-datos-resumen.pdf\" target=\"_blank\" rel=\"noopener\"><img decoding=\"async\" src=\"\/files\/book-icon-003.png\" alt=\"Un resumen de M\u00f3dulo de Aprendizaje\"><\/a><\/div>\n<div style=\"width: auto; overflow: hidden;\">\n<p style=\"margin-top:0px;\">Vea, descargue e imprima <a href=\"\/modules\/summaries\/es\/recoleccion-de-datos-resumen.pdf\" target=\"_blank\" rel=\"noopener\">un resumen detallado<\/a> de este m\u00f3dulo.<\/p>\n<\/div>\n<div class=\"clearboth\"><\/div>\n<\/div>\n<div class=\"one_half last\">\n<div style=\"margin-top:20px;\"><\/div>\n<div class=\"customFloatLeftImage\" style=\"margin-top:7px;width:75px;height:auto;\"><a href=\"\/plsurvey\" target=\"_blank\" rel=\"noopener\"><img decoding=\"async\" src=\"\/files\/question-icon-002.png\" alt=\"Una encuesta de M\u00f3dulo de Aprendizaje\"><\/a><\/div>\n<div style=\"width: auto; overflow: hidden;\">\n<p style=\"margin-top:0px;\">Gracias por ver nuestros m\u00f3dulos de aprendizaje usted. \u00bfPor favor ayudarnos a mejorar la serie completando este <a href=\"\/plsurvey\" target=\"_blank\" rel=\"noopener\">encuesta corta<\/a>?<\/p>\n<\/div>\n<div class=\"clearboth\"><\/div>\n<\/div>\n<\/div>\n","protected":false},"excerpt":{"rendered":"<p>Recolecci\u00f3n de Datos Este m\u00f3dulo revisa las respuestas sensoriales en ni\u00f1os con autismo y c\u00f3mo los trastornos de procesamiento sensorial pueden estar afectando su conducta. Hacer clic o tocar en el gr\u00e1fico de arriba para ver este m\u00f3dulo Vea, descargue e imprima un resumen detallado de este m\u00f3dulo. Gracias por ver nuestros m\u00f3dulos de aprendizaje [&hellip;]<\/p>\n","protected":false},"author":2,"featured_media":0,"parent":0,"menu_order":0,"comment_status":"closed","ping_status":"closed","template":"","meta":{"_et_pb_use_builder":"","_et_pb_old_content":"","_et_gb_content_width":"","footnotes":""},"categories":[1083],"tags":[1085,1086,1118,1084,1089,1090,1128,1125,1091,1095,1129,1112,1096,1135,1101,1021,1121,1130,1087,1122,1124,1092,1127,1132,1106,1105,1117,1097,1103,1104,1088,1109,1108,1126,1098,1102,1115,1116,1107,1111,1110,1026,1113,1114,1099,1133,1119,1120,1094,1093,1123,1100,1134,1078,1131,1136],"class_list":["post-1372","page","type-page","status-publish","hentry","category-learning-es","tag-analizar","tag-antecedente","tag-anterior","tag-capaz","tag-comportamiento","tag-comportamientos","tag-confiable","tag-consulte","tag-cuidadores","tag-datos","tag-de-dispersion","tag-de-manera-objetiva","tag-definir","tag-disparadores","tag-ejemplo","tag-el-autismo","tag-el-progreso","tag-entonces","tag-evaluar","tag-ficha","tag-grabacion","tag-grafico","tag-haciendo-referencia","tag-herramienta","tag-intervencion","tag-intervienen","tag-la-alabanza","tag-la-duracion","tag-la-frecuencia","tag-la-informacion","tag-la-linea-de-base","tag-la-medicacion","tag-la-medicion","tag-la-referencia","tag-los-educadores","tag-los-hechos","tag-los-padres","tag-los-patrones","tag-mala-adaptacion","tag-mensual","tag-modificar","tag-nino","tag-observacion","tag-observar","tag-permite","tag-pista","tag-previo-proceso","tag-producen","tag-recogida","tag-recoja","tag-registran","tag-se-dedica","tag-seguimiento","tag-terapeuta","tag-tiempo","tag-trabajando"],"_links":{"self":[{"href":"https:\/\/www.porchlighteducation.org\/es\/wp-json\/wp\/v2\/pages\/1372","targetHints":{"allow":["GET"]}}],"collection":[{"href":"https:\/\/www.porchlighteducation.org\/es\/wp-json\/wp\/v2\/pages"}],"about":[{"href":"https:\/\/www.porchlighteducation.org\/es\/wp-json\/wp\/v2\/types\/page"}],"author":[{"embeddable":true,"href":"https:\/\/www.porchlighteducation.org\/es\/wp-json\/wp\/v2\/users\/2"}],"replies":[{"embeddable":true,"href":"https:\/\/www.porchlighteducation.org\/es\/wp-json\/wp\/v2\/comments?post=1372"}],"version-history":[{"count":8,"href":"https:\/\/www.porchlighteducation.org\/es\/wp-json\/wp\/v2\/pages\/1372\/revisions"}],"predecessor-version":[{"id":3368,"href":"https:\/\/www.porchlighteducation.org\/es\/wp-json\/wp\/v2\/pages\/1372\/revisions\/3368"}],"wp:attachment":[{"href":"https:\/\/www.porchlighteducation.org\/es\/wp-json\/wp\/v2\/media?parent=1372"}],"wp:term":[{"taxonomy":"category","embeddable":true,"href":"https:\/\/www.porchlighteducation.org\/es\/wp-json\/wp\/v2\/categories?post=1372"},{"taxonomy":"post_tag","embeddable":true,"href":"https:\/\/www.porchlighteducation.org\/es\/wp-json\/wp\/v2\/tags?post=1372"}],"curies":[{"name":"wp","href":"https:\/\/api.w.org\/{rel}","templated":true}]}}