{"id":1362,"date":"2015-10-22T19:32:15","date_gmt":"2015-10-23T02:32:15","guid":{"rendered":"https:\/\/www.porchlighteducation.org\/es\/?page_id=1362"},"modified":"2024-01-11T03:57:21","modified_gmt":"2024-01-11T11:57:21","slug":"para-entender-las-respuestas-sensoriales","status":"publish","type":"page","link":"https:\/\/www.porchlighteducation.org\/es\/para-entender-las-respuestas-sensoriales\/","title":{"rendered":"Para Entender las Respuestas Sensoriales"},"content":{"rendered":"<div class=\"learningModuleDiv\">\n<h1 class=\"learningModuleFirstPage\" style=\"margin-top:-20px;margin-bottom:0px;padding-top:0px;padding-bottom:0px;\">Para Entender las Respuestas Sensoriales<\/h1>\n<p><a href=\"https:\/\/www.porchlighteducation.org\/es\/para-entender-las-respuestas-sensoriales-modulo\/\"><br \/>\n<img decoding=\"async\" style=\"margin-bottom: 0px;\" alt=\"Para Entender las Respuestas Sensoriales\" src=\"\/modules\/images\/understanding-sensory-responses.jpg\" \/><br \/>\n<\/a><\/p>\n<p style=\"margin-top:0px;\">Este m\u00f3dulo revisa las respuestas sensoriales en ni\u00f1os con autismo y c\u00f3mo los trastornos de procesamiento sensorial pueden estar afectando su conducta. Hacer clic o tocar en el gr\u00e1fico de arriba para ver este m\u00f3dulo<\/p>\n<div class=\"one_half\">\n<div style=\"margin-top:20px;\"><\/div>\n<div class=\"customFloatLeftImage\" style=\"margin-top:7px;width:75px;height:auto;\"><a href=\"\/modules\/summaries\/es\/para-entender-las-respuestas-sensoriales-resumen.pdf\" target=\"_blank\" rel=\"noopener\"><img decoding=\"async\" src=\"\/files\/book-icon-003.png\" alt=\"Un resumen de M\u00f3dulo de Aprendizaje\"><\/a><\/div>\n<div style=\"width: auto; overflow: hidden;\">\n<p style=\"margin-top:0px;\">Vea, descargue e imprima <a href=\"\/modules\/summaries\/es\/para-entender-las-respuestas-sensoriales-resumen.pdf\" target=\"_blank\" rel=\"noopener\">un resumen detallado<\/a> de este m\u00f3dulo.<\/p>\n<\/div>\n<div class=\"clearboth\"><\/div>\n<\/div>\n<div class=\"one_half last\">\n<div style=\"margin-top:20px;\"><\/div>\n<div class=\"customFloatLeftImage\" style=\"margin-top:7px;width:75px;height:auto;\"><a href=\"\/plsurvey\" target=\"_blank\" rel=\"noopener\"><img decoding=\"async\" src=\"\/files\/question-icon-002.png\" alt=\"Una encuesta de M\u00f3dulo de Aprendizaje\"><\/a><\/div>\n<div style=\"width: auto; overflow: hidden;\">\n<p style=\"margin-top:0px;\">Gracias por ver nuestros m\u00f3dulos de aprendizaje usted. \u00bfPor favor ayudarnos a mejorar la serie completando este <a href=\"\/plsurvey\" target=\"_blank\" rel=\"noopener\">encuesta corta<\/a>?<\/p>\n<\/div>\n<div class=\"clearboth\"><\/div>\n<\/div>\n<\/div>\n","protected":false},"excerpt":{"rendered":"<p>Para Entender las Respuestas Sensoriales Este m\u00f3dulo revisa las respuestas sensoriales en ni\u00f1os con autismo y c\u00f3mo los trastornos de procesamiento sensorial pueden estar afectando su conducta. Hacer clic o tocar en el gr\u00e1fico de arriba para ver este m\u00f3dulo Vea, descargue e imprima un resumen detallado de este m\u00f3dulo. Gracias por ver nuestros m\u00f3dulos [&hellip;]<\/p>\n","protected":false},"author":2,"featured_media":0,"parent":0,"menu_order":0,"comment_status":"closed","ping_status":"closed","template":"","meta":{"_et_pb_use_builder":"","_et_pb_old_content":"","_et_gb_content_width":"","footnotes":""},"categories":[1083],"tags":[970,1013,1019,1020,1017,1025,1028,1029,1044,1023,1031,1032,1024,1022,1073,1048,1034,941,1035,1036,1037,1038,1082,1014,1021,1074,1052,1053,995,1079,1057,1075,1076,927,1018,1040,1059,1080,1081,1016,1015,1050,1041,1051,1045,1049,1046,1043,1047,1056,1042,1033,1054,1055,1026,1027,1039,1061,1060,1062,1063,1066,1064,1065,1067,1068,1030,1071,1069,1072,1070,1058,1078,1077,3096],"class_list":["post-1362","page","type-page","status-publish","hentry","category-learning-es","tag-abrumado","tag-actividades","tag-asistencia","tag-asociado","tag-aspectos","tag-cerebro","tag-comun","tag-comunmente","tag-con-frecuencia","tag-conductas","tag-constante","tag-constantemente","tag-cuerpo","tag-de-comportamiento","tag-de-la-senal","tag-de-manera-independiente","tag-desarrollo","tag-desorden","tag-diagnosticado","tag-diferente","tag-dificil","tag-dificultades","tag-diverso","tag-el-afecto","tag-el-autismo","tag-el-estimular","tag-el-motor","tag-el-movimiento","tag-el-olfato","tag-el-tacto","tag-el-trabajo","tag-estimulacion","tag-estimulos","tag-evaluacion","tag-evaluada","tag-evoque","tag-excesivamente","tag-incomodo","tag-inusual","tag-la-adecuada","tag-la-agresion","tag-la-integracion","tag-las-experiencias","tag-las-intervenciones","tag-las-manos","tag-las-personas","tag-los-abrazos","tag-los-alimentos","tag-los-desequilibrios","tag-los-objetos","tag-los-sentimientos","tag-mimos","tag-neurobiologicos","tag-neurologicos","tag-nino","tag-ninos","tag-problemas","tag-procesamiento","tag-procesar","tag-promover","tag-propioceptiva","tag-reacciona","tag-reaccionar","tag-reactiva","tag-responde","tag-respuestas","tag-se-comunican","tag-sensible","tag-sensibles","tag-sensorial","tag-sentidos","tag-sobrecarga","tag-terapeuta","tag-texturas","tag-vestibular-es"],"_links":{"self":[{"href":"https:\/\/www.porchlighteducation.org\/es\/wp-json\/wp\/v2\/pages\/1362","targetHints":{"allow":["GET"]}}],"collection":[{"href":"https:\/\/www.porchlighteducation.org\/es\/wp-json\/wp\/v2\/pages"}],"about":[{"href":"https:\/\/www.porchlighteducation.org\/es\/wp-json\/wp\/v2\/types\/page"}],"author":[{"embeddable":true,"href":"https:\/\/www.porchlighteducation.org\/es\/wp-json\/wp\/v2\/users\/2"}],"replies":[{"embeddable":true,"href":"https:\/\/www.porchlighteducation.org\/es\/wp-json\/wp\/v2\/comments?post=1362"}],"version-history":[{"count":11,"href":"https:\/\/www.porchlighteducation.org\/es\/wp-json\/wp\/v2\/pages\/1362\/revisions"}],"predecessor-version":[{"id":3364,"href":"https:\/\/www.porchlighteducation.org\/es\/wp-json\/wp\/v2\/pages\/1362\/revisions\/3364"}],"wp:attachment":[{"href":"https:\/\/www.porchlighteducation.org\/es\/wp-json\/wp\/v2\/media?parent=1362"}],"wp:term":[{"taxonomy":"category","embeddable":true,"href":"https:\/\/www.porchlighteducation.org\/es\/wp-json\/wp\/v2\/categories?post=1362"},{"taxonomy":"post_tag","embeddable":true,"href":"https:\/\/www.porchlighteducation.org\/es\/wp-json\/wp\/v2\/tags?post=1362"}],"curies":[{"name":"wp","href":"https:\/\/api.w.org\/{rel}","templated":true}]}}