{"id":1339,"date":"2015-10-22T04:30:48","date_gmt":"2015-10-22T11:30:48","guid":{"rendered":"https:\/\/www.porchlighteducation.org\/es\/?page_id=1339"},"modified":"2021-04-11T02:40:47","modified_gmt":"2021-04-11T09:40:47","slug":"contactenos","status":"publish","type":"page","link":"https:\/\/www.porchlighteducation.org\/es\/contactenos\/","title":{"rendered":"Cont\u00e1ctenos"},"content":{"rendered":"<div class=\"one_half\" style=\"margin-top: 5px;\">\n<p style=\"width:93%;\">Estamos aqu\u00ed para responder cualquier pregunta que pueda tener sobre Porchlight. Si\u00e9ntase en libertad de ponerse en contacto con nosotros y le responderemos tan pronto como nos sea posible.<\/p>\n<div style=\"margin-top: 15px;margin-bottom:25px;\">\n<div class=\"wpcf7 no-js\" id=\"wpcf7-f1477-o1\" lang=\"es-ES\" dir=\"ltr\" data-wpcf7-id=\"1477\">\n<div class=\"screen-reader-response\"><p role=\"status\" aria-live=\"polite\" aria-atomic=\"true\"><\/p> <ul><\/ul><\/div>\n<form action=\"\/es\/wp-json\/wp\/v2\/pages\/1339#wpcf7-f1477-o1\" method=\"post\" class=\"wpcf7-form init\" aria-label=\"Contact form\" novalidate=\"novalidate\" data-status=\"init\">\n<fieldset class=\"hidden-fields-container\"><input type=\"hidden\" name=\"_wpcf7\" value=\"1477\" \/><input type=\"hidden\" name=\"_wpcf7_version\" value=\"6.1.5\" \/><input type=\"hidden\" name=\"_wpcf7_locale\" value=\"es_ES\" \/><input type=\"hidden\" name=\"_wpcf7_unit_tag\" value=\"wpcf7-f1477-o1\" \/><input type=\"hidden\" name=\"_wpcf7_container_post\" value=\"0\" \/><input type=\"hidden\" name=\"_wpcf7_posted_data_hash\" value=\"\" \/><input type=\"hidden\" name=\"_wpcf7_recaptcha_response\" value=\"\" \/>\n<\/fieldset>\n<div class=\"contactUsForm\">\n\t<p><label>Nombre (requerido)<br \/>\n<span class=\"wpcf7-form-control-wrap\" data-name=\"Name\"><input size=\"40\" maxlength=\"400\" class=\"wpcf7-form-control wpcf7-text wpcf7-validates-as-required\" aria-required=\"true\" aria-invalid=\"false\" value=\"\" type=\"text\" name=\"Name\" \/><\/span> <\/label>\n\t<\/p>\n\t<p><label>Direcci\u00f3n de Correo Electr\u00f3nico (requerido)<br \/>\n<span class=\"wpcf7-form-control-wrap\" data-name=\"Email\"><input size=\"40\" maxlength=\"400\" class=\"wpcf7-form-control wpcf7-email wpcf7-validates-as-required wpcf7-text wpcf7-validates-as-email\" aria-required=\"true\" aria-invalid=\"false\" value=\"\" type=\"email\" name=\"Email\" \/><\/span> <\/label>\n\t<\/p>\n\t<p><label>N\u00famero de Tel\u00e9fono<br \/>\n<span class=\"wpcf7-form-control-wrap\" data-name=\"Phone\"><input size=\"40\" maxlength=\"400\" class=\"wpcf7-form-control wpcf7-text\" aria-invalid=\"false\" value=\"\" type=\"text\" name=\"Phone\" \/><\/span> <\/label>\n\t<\/p>\n\t<p><label>Sujeto<br \/>\n<span class=\"wpcf7-form-control-wrap\" data-name=\"Subject\"><input size=\"40\" maxlength=\"400\" class=\"wpcf7-form-control wpcf7-text\" aria-invalid=\"false\" value=\"\" type=\"text\" name=\"Subject\" \/><\/span> <\/label>\n\t<\/p>\n\t<p><label>Mensaje<br \/>\n<span class=\"wpcf7-form-control-wrap\" data-name=\"Message\"><textarea cols=\"40\" rows=\"10\" maxlength=\"2000\" class=\"wpcf7-form-control wpcf7-textarea\" aria-invalid=\"false\" name=\"Message\"><\/textarea><\/span> <\/label>\n\t<\/p>\n\t<p style=\"margin-top:5px;\"><input class=\"wpcf7-form-control wpcf7-submit has-spinner\" type=\"submit\" value=\"Enviar Mensaje\" \/>\n\t<\/p>\n<\/div><div class=\"wpcf7-response-output\" aria-hidden=\"true\"><\/div>\n<\/form>\n<\/div>\n<\/div>\n<\/div>\n<div class=\"one_half last\" style=\"margin-top: 5px;margin-bottom: 20px;\">\n<p><span class=\"highlightedText\" style=\"font-weight:600;font-size:115%;\">Porchlight<\/span> es un programa ofrecido por el Pacific Autism Center for Education.<\/p>\n<p>La misi\u00f3n de PACE se mejorar las vidas de las personas que afectadas por autismo, mediante innovaci\u00f3n, educaci\u00f3n excepcional y cuidados excepcionales. Nuestros valores centrales&mdash;Conexi\u00f3n, Apoyo, y Educaci\u00f3n&mdash;nos gu\u00edan en nuestro servicio a la comunidad de personas autistas. Damos la bienvenida a sus llamadas telef\u00f3nicas, correos electr\u00f3nicos, y cartas.<\/p>\n<p class=\"contactUsAddress\" style=\"margin-top:18px;\"><a class=\"boldLink\" href=\"http:\/\/www.pacificautism.org\/\" target=\"_blank\" rel=\"noopener\">Pacific Autism Center for Education<\/a><\/p>\n<p class=\"contactUsAddress\">1880 Pruneridge Avenue<\/p>\n<p class=\"contactUsAddress\">Santa Clara, CA 95050<\/p>\n<p class=\"contactUsAddress\"><span id=\"eeb-203219-121575\"><\/span><script type=\"text\/javascript\">(function() {var ml=\"245.083\",mi=\"145301236144\",o=\"\";for(var j=0,l=mi.length;j<l;j++) {o+=ml.charAt(mi.charCodeAt(j)-48);}document.getElementById(\"eeb-203219-121575\").innerHTML = decodeURIComponent(o);}());<\/script><noscript>*protected email*<\/noscript><\/p>\n<p class=\"contactUsAddress\"><a class=\"boldLink\" href=\"mailto:info@pacificautism.org?subject=Message%20from%20www.porchlighteducation.org%20Visitor\">info@pacificautism.org<\/a><\/p>\n<p><iframe style=\"width: 98%; height: 350px; frameborder: 0; scrolling: no; marginheight: 0; marginwidth: 0; margin: 20px 0px 30px 0px;\" src=\"https:\/\/www.google.com\/maps\/embed?pb=!1m14!1m8!1m3!1d3172.5538310483967!2d-121.95174100000001!3d37.329395!3m2!1i1024!2i768!4f13.1!3m3!1m2!1s0x808fcae340d4e883%3A0x9f22260ea2bf4599!2s1880+Pruneridge+Ave%2C+Santa+Clara%2C+CA+95050!5e0!3m2!1sen!2sus!4v1416791494216\" frameborder=\"0\" style=\"border:0\"><\/iframe>\n<\/div>\n","protected":false},"excerpt":{"rendered":"<p>Estamos aqu\u00ed para responder cualquier pregunta que pueda tener sobre Porchlight. Si\u00e9ntase en libertad de ponerse en contacto con nosotros y le responderemos tan pronto como nos sea posible. Porchlight es un programa ofrecido por el Pacific Autism Center for Education. La misi\u00f3n de PACE se mejorar las vidas de las personas que afectadas por [&hellip;]<\/p>\n","protected":false},"author":2,"featured_media":0,"parent":0,"menu_order":0,"comment_status":"closed","ping_status":"closed","template":"","meta":{"_et_pb_use_builder":"off","_et_pb_old_content":"<p>Contact Us Page content goes here<\/p>","_et_gb_content_width":"","footnotes":""},"categories":[],"tags":[],"class_list":["post-1339","page","type-page","status-publish","hentry"],"_links":{"self":[{"href":"https:\/\/www.porchlighteducation.org\/es\/wp-json\/wp\/v2\/pages\/1339","targetHints":{"allow":["GET"]}}],"collection":[{"href":"https:\/\/www.porchlighteducation.org\/es\/wp-json\/wp\/v2\/pages"}],"about":[{"href":"https:\/\/www.porchlighteducation.org\/es\/wp-json\/wp\/v2\/types\/page"}],"author":[{"embeddable":true,"href":"https:\/\/www.porchlighteducation.org\/es\/wp-json\/wp\/v2\/users\/2"}],"replies":[{"embeddable":true,"href":"https:\/\/www.porchlighteducation.org\/es\/wp-json\/wp\/v2\/comments?post=1339"}],"version-history":[{"count":7,"href":"https:\/\/www.porchlighteducation.org\/es\/wp-json\/wp\/v2\/pages\/1339\/revisions"}],"predecessor-version":[{"id":3181,"href":"https:\/\/www.porchlighteducation.org\/es\/wp-json\/wp\/v2\/pages\/1339\/revisions\/3181"}],"wp:attachment":[{"href":"https:\/\/www.porchlighteducation.org\/es\/wp-json\/wp\/v2\/media?parent=1339"}],"wp:term":[{"taxonomy":"category","embeddable":true,"href":"https:\/\/www.porchlighteducation.org\/es\/wp-json\/wp\/v2\/categories?post=1339"},{"taxonomy":"post_tag","embeddable":true,"href":"https:\/\/www.porchlighteducation.org\/es\/wp-json\/wp\/v2\/tags?post=1339"}],"curies":[{"name":"wp","href":"https:\/\/api.w.org\/{rel}","templated":true}]}}