{"id":1326,"date":"2015-10-22T03:36:34","date_gmt":"2015-10-22T10:36:34","guid":{"rendered":"https:\/\/www.porchlighteducation.org\/es\/?page_id=1326"},"modified":"2024-01-11T03:55:32","modified_gmt":"2024-01-11T11:55:32","slug":"para-entender-el-autismo","status":"publish","type":"page","link":"https:\/\/www.porchlighteducation.org\/es\/para-entender-el-autismo\/","title":{"rendered":"Para Entender el Autismo"},"content":{"rendered":"<div class=\"learningModuleDiv\">\n<h1 class=\"learningModuleFirstPage\" style=\"margin-top:-20px;margin-bottom:0px;padding-top:0px;padding-bottom:0px;\">Para entender el Autismo<\/h1>\n<p><a href=\"https:\/\/www.porchlighteducation.org\/es\/para-entender-el-autismo-modulo\/\"><br \/>\n<img decoding=\"async\" style=\"margin-bottom: 0px;\" alt=\"Para entender el Autismo\" src=\"\/modules\/images\/entendiendo-el-autismo.jpg\" \/><br \/>\n<\/a><\/p>\n<p style=\"margin-top:0px;\">En este m\u00f3dulo, usted aprender\u00e1 acerca de qu\u00e9 es el autismo, las causas del autismo, los s\u00edntomas del autismo, c\u00f3mo se diagnostica el autismo, y lo que se siente al tener autismo. Adem\u00e1s, hemos incluido enlaces a varias organizaciones que le pueden proporcionar m\u00e1s informaci\u00f3n. Hacer clic o tocar en el gr\u00e1fico de arriba para ver este m\u00f3dulo<\/p>\n<div class=\"one_half\">\n<div style=\"margin-top:20px;\"><\/div>\n<div class=\"customFloatLeftImage\" style=\"margin-top:7px;width:75px;height:auto;\"><a href=\"\/modules\/summaries\/es\/para-entender-el-autismo-resumen.pdf\" target=\"_blank\" rel=\"noopener\"><img decoding=\"async\" src=\"\/files\/book-icon-003.png\" alt=\"Un resumen de M\u00f3dulo de Aprendizaje\"><\/a><\/div>\n<div style=\"width: auto; overflow: hidden;\">\n<p style=\"margin-top:0px;\">Vea, descargue e imprima <a href=\"\/modules\/summaries\/es\/para-entender-el-autismo-resumen.pdf\" target=\"_blank\" rel=\"noopener\">un resumen detallado<\/a> de este m\u00f3dulo.<\/p>\n<\/div>\n<div class=\"clearboth\"><\/div>\n<\/div>\n<div class=\"one_half last\">\n<div style=\"margin-top:20px;\"><\/div>\n<div class=\"customFloatLeftImage\" style=\"margin-top:7px;width:75px;height:auto;\"><a href=\"\/plsurvey\" target=\"_blank\" rel=\"noopener\"><img decoding=\"async\" src=\"\/files\/question-icon-002.png\" alt=\"Una encuesta de M\u00f3dulo de Aprendizaje\"><\/a><\/div>\n<div style=\"width: auto; overflow: hidden;\">\n<p style=\"margin-top:0px;\">Gracias por ver nuestros m\u00f3dulos de aprendizaje usted. \u00bfPor favor ayudarnos a mejorar la serie completando este <a href=\"\/plsurvey\" target=\"_blank\" rel=\"noopener\">encuesta corta<\/a>?<\/p>\n<\/div>\n<div class=\"clearboth\"><\/div>\n<\/div>\n<\/div>\n","protected":false},"excerpt":{"rendered":"<p>Para entender el Autismo En este m\u00f3dulo, usted aprender\u00e1 acerca de qu\u00e9 es el autismo, las causas del autismo, los s\u00edntomas del autismo, c\u00f3mo se diagnostica el autismo, y lo que se siente al tener autismo. Adem\u00e1s, hemos incluido enlaces a varias organizaciones que le pueden proporcionar m\u00e1s informaci\u00f3n. Hacer clic o tocar en el [&hellip;]<\/p>\n","protected":false},"author":2,"featured_media":0,"parent":0,"menu_order":0,"comment_status":"closed","ping_status":"closed","template":"","meta":{"_et_pb_use_builder":"","_et_pb_old_content":"","_et_gb_content_width":"","footnotes":""},"categories":[1083],"tags":[964,970,971,925,946,944,954,3086,928,929,991,990,3087,934,933,938,980,932,926,3088,1011,941,989,939,940,3089,994,942,930,931,937,947,949,998,995,935,979,1008,997,927,951,952,993,955,956,957,958,950,985,961,936,1003,959,1001,999,1002,960,948,1000,987,963,962,943,965,966,967,968,969,976,953,972,3090,973,974,975,3091,977,978,981,982,983,984,986,988,992,945,3066,996,3092,3093,3094,1004,1005,1007,1006,1009,1010,3095],"class_list":["post-1326","page","type-page","status-publish","hentry","category-learning-es","tag-a-base-de-mercurio","tag-abrumado","tag-abrumadoras","tag-alergias","tag-aleteo","tag-alimentacion","tag-alto-funcionamiento","tag-asd-es","tag-autismo","tag-autistico","tag-auto-estimulantes","tag-auto-injurioso","tag-cdc-es","tag-comunicacion","tag-comunicarse","tag-con-diagnostico","tag-conservante","tag-cuidador","tag-de-asperger","tag-deficit-es","tag-del-nino-sano","tag-desorden","tag-deteccion","tag-diagnostico","tag-digestivo","tag-dsm-es","tag-durmiendo","tag-ecolalia","tag-el-balbuceo","tag-el-comportamiento","tag-el-desarrollo","tag-el-funcionamiento","tag-el-genero","tag-el-habla","tag-el-olfato","tag-el-retraso","tag-embarazo","tag-entender","tag-espectro","tag-evaluacion","tag-genetica","tag-gestos","tag-habilidades","tag-hiperactividad","tag-instituto","tag-integracion","tag-interactuar","tag-la-genetica","tag-la-investigacion","tag-la-lengua","tag-la-privacion","tag-las-burlas","tag-las-interacciones","tag-las-rabietas","tag-los-estudios","tag-los-gustos","tag-los-intereses","tag-los-juegos","tag-los-sintomas","tag-mecedora","tag-medicina","tag-medico","tag-medio-ambiente","tag-mitos","tag-neuro-desarrollo","tag-numerosos","tag-obsesivo","tag-ocupacionales","tag-omnipresente","tag-oyen","tag-patologos","tag-pdd-nos-es","tag-pediatras","tag-pediatria","tag-persistente","tag-porchlight-es","tag-predispuesta","tag-prefiriendo","tag-psicologos","tag-regular","tag-repeticion","tag-repetitivo","tag-restrictiva","tag-rutinas","tag-sensoriales","tag-sentimientos","tag-social-es","tag-sonidos","tag-spinning-es","tag-stimming-es","tag-temper-es","tag-terapeutas","tag-timerosal","tag-tipico","tag-toxinas","tag-vacunas","tag-verbalmente","tag-viral-es"],"_links":{"self":[{"href":"https:\/\/www.porchlighteducation.org\/es\/wp-json\/wp\/v2\/pages\/1326","targetHints":{"allow":["GET"]}}],"collection":[{"href":"https:\/\/www.porchlighteducation.org\/es\/wp-json\/wp\/v2\/pages"}],"about":[{"href":"https:\/\/www.porchlighteducation.org\/es\/wp-json\/wp\/v2\/types\/page"}],"author":[{"embeddable":true,"href":"https:\/\/www.porchlighteducation.org\/es\/wp-json\/wp\/v2\/users\/2"}],"replies":[{"embeddable":true,"href":"https:\/\/www.porchlighteducation.org\/es\/wp-json\/wp\/v2\/comments?post=1326"}],"version-history":[{"count":33,"href":"https:\/\/www.porchlighteducation.org\/es\/wp-json\/wp\/v2\/pages\/1326\/revisions"}],"predecessor-version":[{"id":3363,"href":"https:\/\/www.porchlighteducation.org\/es\/wp-json\/wp\/v2\/pages\/1326\/revisions\/3363"}],"wp:attachment":[{"href":"https:\/\/www.porchlighteducation.org\/es\/wp-json\/wp\/v2\/media?parent=1326"}],"wp:term":[{"taxonomy":"category","embeddable":true,"href":"https:\/\/www.porchlighteducation.org\/es\/wp-json\/wp\/v2\/categories?post=1326"},{"taxonomy":"post_tag","embeddable":true,"href":"https:\/\/www.porchlighteducation.org\/es\/wp-json\/wp\/v2\/tags?post=1326"}],"curies":[{"name":"wp","href":"https:\/\/api.w.org\/{rel}","templated":true}]}}