{"id":1323,"date":"2015-10-22T03:07:28","date_gmt":"2015-10-22T10:07:28","guid":{"rendered":"https:\/\/www.porchlighteducation.org\/es\/?page_id=1323"},"modified":"2024-08-07T02:13:21","modified_gmt":"2024-08-07T09:13:21","slug":"recursos","status":"publish","type":"page","link":"https:\/\/www.porchlighteducation.org\/es\/recursos\/","title":{"rendered":"Recursos"},"content":{"rendered":"<div class=\"pace_col_one\" style=\"margin: 10px 20px 10px 0px;\">\n<a href=\"https:\/\/www.pacificautism.org\/\" target=\"_blank\" rel=\"noopener noreferrer\"><img decoding=\"async\" class=\"paceLogo\" src=\"\/files\/PACE_Logo-Large-103.jpg\" alt=\"PACE\"><\/a>\n<\/div>\n<div class=\"pace_col_two last\" style=\"margin-top: 10px; margin-bottom:20px;margin-left:0px!important;\">\n<p class=\"other-resources-para\"><a class=\"boldLink\" href=\"https:\/\/www.pacificautism.org\/\" target=\"_blank\" rel=\"noopener noreferrer\">Pacific Autism Center for Education<\/a> (PACE) [Centro para la Educaci\u00f3n del Autismo del Pac\u00edfico] provee programas de alta calidad para personas con autismo que viven en la Bay Area de San Francisco. Los programas incluyen: La PACE School, que da servicio a estudiantes entre 6 y 22 a\u00f1os que viven con autismo de moderado a severo; Servicios Infantiles, que provee opciones integrales cr\u00edticas en intervenci\u00f3n temprana para ni\u00f1os peque\u00f1os diagnosticados con autismo; y Hogares de Grupo Residencial, hogares para grupos de 2 ni\u00f1os y 4 adultos en el Condado de Santa Clara, que tienen licencia para prestar servicio a residentes entre 6 y 59 a\u00f1os o m\u00e1s. Porchlight es un proyecto del Pacific Autism Center for Education y ha sido posible gracias a una subvenci\u00f3n de United Way Bay Area.<\/p>\n<\/div>\n<div class=\"clearboth\"><\/div>\n<hr class=\"hrStyle1\" \/>\n<div class=\"one_fourth\">\n<a href=\"http:\/\/www.autism-society.org\/\" target=\"_blank\" rel=\"noopener noreferrer\"><br \/>\n<img decoding=\"async\" class=\"other-resources-image\" style=\"padding-bottom: 0px;\" src=\"\/files\/AutismSocietyAmerica_Logo-003.jpg\" alt=\"The Autism Society of America\" \/><\/a><\/p>\n<p class=\"other-resources-para\">La visi\u00f3n de <a class=\"boldLink\" href=\"http:\/\/www.autism-society.org\/\" target=\"_blank\" rel=\"noopener noreferrer\">The Autism Society<\/a> [La Sociedad del Autismo] es aumentar la calidad de vida de todos los que viven con autismo y asegurar que sean tratados con el mayor nivel de dignidad y vivan en una sociedad en donde sus talentos y habilidades sean apreciados y valorados. La organizaci\u00f3n trabaja para lograr estas metas mediante defensor\u00eda, educaci\u00f3n apoyo, servicios e investigaci\u00f3n.<\/p>\n<\/div>\n<div class=\"one_fourth\">\n<a href=\"https:\/\/www.autismspeaks.org\/\" target=\"_blank\" rel=\"noopener noreferrer\"><br \/>\n<img decoding=\"async\" class=\"other-resources-image\" style=\"padding-bottom: 0px;\" src=\"\/files\/AutismSpeaks_Logo-003.jpg\" alt=\"Autism Speaks\" \/><\/a><\/p>\n<p class=\"other-resources-para\"><a class=\"boldLink\" href=\"https:\/\/www.autismspeaks.org\/\" target=\"_blank\" rel=\"noopener noreferrer\">Autism Speaks<\/a> [El Autismo Habla] es la organizaci\u00f3n m\u00e1s importante en el mundo dedicada a la ciencia y defensor\u00eda del autismo, dedicada a financiar investigaci\u00f3n sobre las causas, prevenci\u00f3n, tratamientos y una cura para el autismo; aumentar la conciencia sobre los trastornos del espectro autista; y abogar por las necesidades de las personas con autismo y sus familias.<\/p>\n<\/div>\n<div class=\"one_fourth\">\n<a href=\"https:\/\/www.cdc.gov\/autism\/\" target=\"_blank\" rel=\"noopener noreferrer\"><br \/>\n<img decoding=\"async\" class=\"other-resources-image\" style=\"padding-bottom: 0px;\" src=\"\/files\/CDC_Logo-003.jpg\" alt=\"Centers for Disease Control and Prevention\" \/><\/a><\/p>\n<p class=\"other-resources-para\"><a class=\"boldLink\" href=\"https:\/\/www.cdc.gov\/autism\/\" target=\"_blank\" rel=\"noopener noreferrer\">The Centers for Disease Control and Prevention<\/a> (CDC) [Centros para Control y Prevenci\u00f3n de las Enfermedades] est\u00e1 comprometido a seguir proporcionando datos esenciales sobre el Trastorno del espectro autista (Autism Spectrum Disorder, ASD), busca los factores que ponen a los ni\u00f1os en riesgo de ASD y sus posibles causas, y desarrollan recursos que ayudan a identificar a los ni\u00f1os con ASD tan pronto como sea posible.<\/p>\n<\/div>\n<div class=\"one_fourth last\">\n<a href=\"https:\/\/www.chconline.org\/\" target=\"_blank\" rel=\"noopener noreferrer\"><br \/>\n<img decoding=\"async\" class=\"other-resources-image\" style=\"padding-bottom: 0px;\" src=\"\/files\/CHC_Logo-003.jpg\" alt=\"Childrens Health Council\" \/><\/a><\/p>\n<p class=\"other-resources-para\"><a class=\"boldLink\" href=\"https:\/\/www.chconline.org\/\" target=\"_blank\" rel=\"noopener noreferrer\">The Children's Health Council<\/a> (CHC) [Consejo para la Salud Infantil] se especializa en ayudar a ni\u00f1os y adolescentes con ADHD, ansiedad y depresi\u00f3n, diferencias de aprendizaje y autismo a encontrar las habilidades y resiliencia que necesitan para salir adelante. Ofrecen consultas, evaluaci\u00f3n y terapia en ingl\u00e9s y espa\u00f1ol, dos escuelas y educaci\u00f3n para padres y profesionales.<\/p>\n<\/div>\n<div class=\"clearboth\"><\/div>\n<hr class=\"hrStyle1\" \/>\n<div class=\"one_fourth\">\n<a href=\"http:\/\/www.php.com\/\" target=\"_blank\" rel=\"noopener noreferrer\"><br \/>\n<img decoding=\"async\" class=\"other-resources-image\" style=\"padding-bottom: 0px;\" src=\"\/files\/PHP_Logo-003.jpg\" alt=\"Parents Helping Parents\" \/><\/a><\/p>\n<p class=\"other-resources-para\"><a class=\"boldLink\" href=\"http:\/\/www.php.com\/\" target=\"_blank\" rel=\"noopener noreferrer\">Parents Helping Parents<\/a> (PHP) [Padres que Ayudan a los Padres] aumenta la calidad de vida de sus seres m\u00e1s vulnerables proporcionando servicios, recursos y apoyo para ni\u00f1os con necesidades especiales, sus familias, y sus cuidadores.<\/p>\n<\/div>\n<div class=\"one_fourth\">\n<a href=\"http:\/\/med.stanford.edu\/espa.html\" target=\"_blank\" rel=\"noopener noreferrer\"><br \/>\n<img decoding=\"async\" class=\"other-resources-image\" style=\"padding-bottom: 0px;\" src=\"\/files\/espa-003.jpg\" alt=\"Early Support Program for Autism\" \/><\/a><\/p>\n<p class=\"other-resources-para\"><a class=\"boldLink\" href=\"http:\/\/med.stanford.edu\/espa.html\" target=\"_blank\" rel=\"noopener noreferrer\">Early Support Program for Autism<\/a> (ESPA) es un programa conjunto entre Stanford Children's Health y Children's Health Council para proporcionar servicios de apoyo sin costo a las familias despu\u00e9s del diagn\u00f3stico. Los servicios brindados incluyen: Compartir recursos, Ayudar a las familias a conectarse con proveedores, Educaci\u00f3n para padres, Orientaci\u00f3n para navegar en los sistemas educativos y de salud, y Coordinador de atenci\u00f3n cl\u00ednica y Servicios de educaci\u00f3n para padres se ofrecen en ingl\u00e9s y espa\u00f1ol.<\/p>\n<\/div>\n<div class=\"one_fourth last\">\n<a href=\"https:\/\/uwba.org\/\" target=\"_blank\" rel=\"noopener noreferrer\"><br \/>\n<img decoding=\"async\" class=\"other-resources-image\" style=\"padding-bottom: 0px;\" src=\"\/files\/united-way-bay-area-100.jpg\" alt=\"United Way Bay Area\" \/><\/a><\/p>\n<p class=\"other-resources-para\"><a class=\"boldLink\" href=\"https:\/\/uwba.org\/\" target=\"_blank\" rel=\"noopener noreferrer\">United Way Bay Area<\/a> enfoca los recursos de la comunidad para ayudar a familias y personas a dedicarse completamente a mejorar su autosuficiencia, logros acad\u00e9micos y oportunidades para el \u00e9xito.<\/p>\n<\/div>\n<div class=\"clearboth\"><\/div>\n","protected":false},"excerpt":{"rendered":"<p>Pacific Autism Center for Education (PACE) [Centro para la Educaci\u00f3n del Autismo del Pac\u00edfico] provee programas de alta calidad para personas con autismo que viven en la Bay Area de San Francisco. Los programas incluyen: La PACE School, que da servicio a estudiantes entre 6 y 22 a\u00f1os que viven con autismo de moderado a [&hellip;]<\/p>\n","protected":false},"author":2,"featured_media":0,"parent":0,"menu_order":0,"comment_status":"closed","ping_status":"closed","template":"","meta":{"_et_pb_use_builder":"","_et_pb_old_content":"","_et_gb_content_width":"","footnotes":""},"categories":[],"tags":[],"class_list":["post-1323","page","type-page","status-publish","hentry"],"_links":{"self":[{"href":"https:\/\/www.porchlighteducation.org\/es\/wp-json\/wp\/v2\/pages\/1323","targetHints":{"allow":["GET"]}}],"collection":[{"href":"https:\/\/www.porchlighteducation.org\/es\/wp-json\/wp\/v2\/pages"}],"about":[{"href":"https:\/\/www.porchlighteducation.org\/es\/wp-json\/wp\/v2\/types\/page"}],"author":[{"embeddable":true,"href":"https:\/\/www.porchlighteducation.org\/es\/wp-json\/wp\/v2\/users\/2"}],"replies":[{"embeddable":true,"href":"https:\/\/www.porchlighteducation.org\/es\/wp-json\/wp\/v2\/comments?post=1323"}],"version-history":[{"count":12,"href":"https:\/\/www.porchlighteducation.org\/es\/wp-json\/wp\/v2\/pages\/1323\/revisions"}],"predecessor-version":[{"id":3392,"href":"https:\/\/www.porchlighteducation.org\/es\/wp-json\/wp\/v2\/pages\/1323\/revisions\/3392"}],"wp:attachment":[{"href":"https:\/\/www.porchlighteducation.org\/es\/wp-json\/wp\/v2\/media?parent=1323"}],"wp:term":[{"taxonomy":"category","embeddable":true,"href":"https:\/\/www.porchlighteducation.org\/es\/wp-json\/wp\/v2\/categories?post=1323"},{"taxonomy":"post_tag","embeddable":true,"href":"https:\/\/www.porchlighteducation.org\/es\/wp-json\/wp\/v2\/tags?post=1323"}],"curies":[{"name":"wp","href":"https:\/\/api.w.org\/{rel}","templated":true}]}}