{"id":1321,"date":"2015-10-22T02:54:19","date_gmt":"2015-10-22T09:54:19","guid":{"rendered":"https:\/\/www.porchlighteducation.org\/es\/?page_id=1321"},"modified":"2021-08-12T01:12:22","modified_gmt":"2021-08-12T08:12:22","slug":"servicios-terapeuticos","status":"publish","type":"page","link":"https:\/\/www.porchlighteducation.org\/es\/servicios-terapeuticos\/","title":{"rendered":"Servicios Terap\u00e9uticos"},"content":{"rendered":"<p class=\"therapy-services-para\" style=\"margin-bottom: 0px;\">PACE ofrece <span style=\"font-weight: bold;\">servicios de terapia<\/span> en forma continua mediante nuestro Programa Infantil. Creemos que deber\u00edan construirse programas alrededor del estilo particular de aprendizaje de cada ni\u00f1o, y mezclar metodolog\u00edas m\u00faltiples que en colaboraci\u00f3n satisfagan las necesidades \u00fanicas del ni\u00f1o. Nuestros servicios se ofrecen en Connections en el oeste de San Jose o en su propia casa. Ofrecemos:<\/p>\n<ul class=\"therapy-services-first-level-bullets\">\n<li style=\"margin-bottom: 6px;\"><span class=\"highlightedText\">An\u00e1lisis Conductual Aplicado (Applied Behavioral Analysis, ABA)<\/span>: Un enfoque cient\u00edficamente validado para entender la conducta y c\u00f3mo es afectada por el medio ambiente. Al evaluar la relaci\u00f3n entre una conducta de inter\u00e9s y el medio ambiente, ABA puede ser usado para cambiar la conducta.<\/li>\n<li style=\"margin-bottom: 3px;\"><span class=\"highlightedText\">Terapia Ocupacional<\/span>: Los terapeutas ocupacionales aumentan la participaci\u00f3n y el desempe\u00f1o de las actividades cotidianas que son significativas y \u00fatiles para el cliente. Nuestros Terapeutas ocupacionales (Occupational Therapists, OT) trabajan en:\n<ul>\n<li class=\"therapy-services-second-level-bullets\">habilidades motoras finas y gruesas<\/li>\n<li class=\"therapy-services-second-level-bullets\">integraci\u00f3n sensorial<\/li>\n<li class=\"therapy-services-second-level-bullets\">trastornos de procesamiento sensorial<\/li>\n<li class=\"therapy-services-second-level-bullets\">atenci\u00f3n y regulaci\u00f3n<\/li>\n<li class=\"therapy-services-second-level-bullets\">desarrollo oral-motor<\/li>\n<\/ul>\n<\/li>\n<\/ul>\n<ul class=\"therapy-services-first-level-bullets\">\n<li><span class=\"highlightedText\">Terapia del Habla<\/span>: Los terapeutas del lenguaje eval\u00faan y tratan a quienes tienen retos en las \u00e1reas de desarrollo del habla y lenguaje para ayudar a los estudiantes a mejorar sus habilidades globales de comunicaci\u00f3n. El Pat\u00f3logo de habla y lenguaje (Speech and Language Pathologist, SLP) busca identificar problemas espec\u00edficos de comunicaci\u00f3n tales como articulaci\u00f3n, fluidez, voz, trastornos de lenguaje receptivo y expresivo, y las mejores maneras de tratarlos. Nuestros SLP eval\u00faan:\n<ul>\n<li class=\"therapy-services-second-level-bullets\">habla<\/li>\n<li class=\"therapy-services-second-level-bullets\">habilidades del lenguaje<\/li>\n<li class=\"therapy-services-second-level-bullets\">comunicaci\u00f3n cognitiva y social<\/li>\n<li class=\"therapy-services-second-level-bullets\">habilidades orales motoras y de alimentaci\u00f3n<\/li>\n<\/ul>\n<\/li>\n<\/ul>\n<div class=\"clearboth\"><\/div>\n<p class=\"therapy-services-para\" style=\"margin-top: -36px;\">Los programas adicionales incluyen <a class=\"boldLink\" href=\"https:\/\/www.pacificautism.org\/programs\/sunny-days-preschool\/\" target=\"_blank\" rel=\"noopener\">Sunny Days Preschool<\/a>, un programa preescolar matutino en la ubicaci\u00f3n Connections, y Grupos de habilidades sociales en ambas ubicaciones.<\/p>\n<h3 style=\"margin-top: 24px;\">Servicios Infantiles PACE<\/h3>\n<div class=\"one_half\"><a href=\"https:\/\/www.pacificautism.org\/programs\/sunny-days-preschool\/\" target=\"_blank\" rel=\"noopener\"><img decoding=\"async\" class=\"behavioralServicesImage\" style=\"max-width:350px;\" src=\"\/files\/pace-sunny-days-preschool-003.png\" alt=\"Sunny Days Preschool\" \/><\/a><\/p>\n<p class=\"contactUsAddress\" style=\"margin-top: 10px;\"><a class=\"boldLink\" href=\"https:\/\/www.pacificautism.org\/programs\/sunny-days-preschool\/\" target=\"_blank\" rel=\"noopener\">Sunny Days Preschool<\/a><\/p>\n<p class=\"contactUsAddress\">897 Broadleaf Lane<\/p>\n<p class=\"contactUsAddress\">San Jose, CA 95128<\/p>\n<p class=\"contactUsAddress\"><span id=\"eeb-793370-375290\"><\/span><script type=\"text\/javascript\">(function() {var ml=\"4605.2918\",mi=\"028415341768\",o=\"\";for(var j=0,l=mi.length;j<l;j++) {o+=ml.charAt(mi.charCodeAt(j)-48);}document.getElementById(\"eeb-793370-375290\").innerHTML = decodeURIComponent(o);}());<\/script><noscript>*protected email*<\/noscript><\/p>\n<p class=\"contactUsAddress\"><a class=\"boldLink\" href=\"mailto:preschool@pacificautism.org?subject=Message%20from%20www.porchlighteducation.org%20Visitor\">preschool@pacificautism.org<\/a><\/p>\n<\/div>\n<div class=\"one_half last\"><a href=\"http:\/\/www.pacificautism.org\/programs\/behavioral-services\/\" target=\"_blank\" rel=\"noopener\"><img decoding=\"async\" class=\"behavioralServicesImage\" style=\"max-width:350px;\" src=\"\/files\/pace-faces-behavioral-services-for-children-002.png\" alt=\"Faces Behavioral Services for Children\" \/><\/a><\/p>\n<p class=\"contactUsAddress\" style=\"margin-top: 10px;\"><a class=\"boldLink\" href=\"http:\/\/www.pacificautism.org\/programs\/behavioral-services\/\" target=\"_blank\" rel=\"noopener\">Faces<\/a><\/p>\n<p class=\"contactUsAddress\"><span id=\"eeb-581742-45445\"><\/span><script type=\"text\/javascript\">(function() {var ml=\"026519.\",mi=\"230621165204\",o=\"\";for(var j=0,l=mi.length;j<l;j++) {o+=ml.charAt(mi.charCodeAt(j)-48);}document.getElementById(\"eeb-581742-45445\").innerHTML = decodeURIComponent(o);}());<\/script><noscript>*protected email*<\/noscript><\/p>\n<p class=\"contactUsAddress\"><a class=\"boldLink\" href=\"mailto:info@facesforkids.org?subject=Message%20from%20www.porchlighteducation.org%20Visitor\">info@facesforkids.org<\/a><\/p>\n<\/div>\n<div class=\"clearboth\"><\/div>\n","protected":false},"excerpt":{"rendered":"<p>PACE ofrece servicios de terapia en forma continua mediante nuestro Programa Infantil. Creemos que deber\u00edan construirse programas alrededor del estilo particular de aprendizaje de cada ni\u00f1o, y mezclar metodolog\u00edas m\u00faltiples que en colaboraci\u00f3n satisfagan las necesidades \u00fanicas del ni\u00f1o. Nuestros servicios se ofrecen en Connections en el oeste de San Jose o en su propia [&hellip;]<\/p>\n","protected":false},"author":2,"featured_media":0,"parent":0,"menu_order":0,"comment_status":"closed","ping_status":"closed","template":"","meta":{"_et_pb_use_builder":"off","_et_pb_old_content":"<p>Therapy Services Page content goes here<\/p>","_et_gb_content_width":"","footnotes":""},"categories":[],"tags":[],"class_list":["post-1321","page","type-page","status-publish","hentry"],"_links":{"self":[{"href":"https:\/\/www.porchlighteducation.org\/es\/wp-json\/wp\/v2\/pages\/1321","targetHints":{"allow":["GET"]}}],"collection":[{"href":"https:\/\/www.porchlighteducation.org\/es\/wp-json\/wp\/v2\/pages"}],"about":[{"href":"https:\/\/www.porchlighteducation.org\/es\/wp-json\/wp\/v2\/types\/page"}],"author":[{"embeddable":true,"href":"https:\/\/www.porchlighteducation.org\/es\/wp-json\/wp\/v2\/users\/2"}],"replies":[{"embeddable":true,"href":"https:\/\/www.porchlighteducation.org\/es\/wp-json\/wp\/v2\/comments?post=1321"}],"version-history":[{"count":23,"href":"https:\/\/www.porchlighteducation.org\/es\/wp-json\/wp\/v2\/pages\/1321\/revisions"}],"predecessor-version":[{"id":3198,"href":"https:\/\/www.porchlighteducation.org\/es\/wp-json\/wp\/v2\/pages\/1321\/revisions\/3198"}],"wp:attachment":[{"href":"https:\/\/www.porchlighteducation.org\/es\/wp-json\/wp\/v2\/media?parent=1321"}],"wp:term":[{"taxonomy":"category","embeddable":true,"href":"https:\/\/www.porchlighteducation.org\/es\/wp-json\/wp\/v2\/categories?post=1321"},{"taxonomy":"post_tag","embeddable":true,"href":"https:\/\/www.porchlighteducation.org\/es\/wp-json\/wp\/v2\/tags?post=1321"}],"curies":[{"name":"wp","href":"https:\/\/api.w.org\/{rel}","templated":true}]}}