{"id":1312,"date":"2015-10-22T00:14:17","date_gmt":"2015-10-22T07:14:17","guid":{"rendered":"https:\/\/www.porchlighteducation.org\/es\/?page_id=1312"},"modified":"2023-03-21T04:23:27","modified_gmt":"2023-03-21T11:23:27","slug":"acerca-de","status":"publish","type":"page","link":"https:\/\/www.porchlighteducation.org\/es\/acerca-de\/","title":{"rendered":"Acerca de"},"content":{"rendered":"<p style=\"padding-top: 0.5em; padding-bottom: 0.5em;\">El Proyecto Porchlight se origin\u00f3 de la necesidad de obtener estrategias concisas, pr\u00e1cticas y f\u00e1ciles de implementar, en las casas de los padres con ni\u00f1os afectadas por discapacidades del desarrollo. Los <a class=\"boldLink\" href=\"https:\/\/www.porchlighteducation.org\/es\/\">m\u00f3dulos de aprendizaje<\/a> exploran las siguientes \u00e1reas tem\u00e1ticas:<\/p>\n<ul style=\"margin-left: 20px;padding-bottom: 0.5em;\">\n<li>Para Entender el Autismo<\/li>\n<li>Herramientas del Cuidador<\/li>\n<li>Rutinas Diarias<\/li>\n<li>Autoayuda<\/li>\n<li>Habilidades Sociales<\/li>\n<li>Comunicaci\u00f3n Funcional<\/li>\n<li>Habilidades de Seguridad<\/li>\n<li>Conductas<\/li>\n<\/ul>\n<p style=\"padding-top:0;padding-bottom: 0.5em;\">El contenido del m\u00f3dulo es proporcionado por terapeutas de personal de PACE pertenecientes a su \u00e1rea de especializaci\u00f3n. Meredith Loscialpo, MS, BCBA, y Carla Brooks, MA, CCC-SLP, Pat\u00f3loga del habla \/ lenguaje, han contribuido significativamente al contenido de este proyecto.<\/p>\n<p style=\"padding-top: 0.5em; padding-bottom: 0.5em;\">Los objetivos principales del proyecto son:<\/p>\n<ul style=\"margin-left: 20px; padding-bottom: 0.5em;\">\n<li>Proporcionar m\u00f3dulos de aprendizaje que sean <span class=\"highlightedText\">simples<\/span>, breves, sucintos y f\u00e1ciles de entender.<\/li>\n<li>Identificar con claridad estrategias <span class=\"highlightedText\">f\u00e1cilmente implementables<\/span> que un padre de familia pudiera iniciar de inmediato.<\/li>\n<li>Inspirar a grupos locales de la <span class=\"highlightedText\">comunidad<\/span> a desarrollar talleres para compartir los \u00e9xitos y los retos de las estrategias.<\/li>\n<\/ul>\n<div style=\"margin-top:10px;margin-bottom:20px;border-top:1px solid #C0C0C0;border-bottom:1px solid #C0C0C0;\">\n<p class=\"highlightedText\" style=\"font-size:125%;font-weight:bold; margin:7px 0px 7px 0px;\">Nuestra misi\u00f3n: Ayudar a la superaci\u00f3n de las familias afectadas por discapacidades del desarrollo.<\/p>\n<\/div>\n<p>Estimulamos a todos a que se vuelvan miembros activos de la comunidad participando en el uso y distribuci\u00f3n de los m\u00f3dulos de aprendizaje as\u00ed como inscribi\u00e9ndose en los talleres locales para obtener asesor\u00eda pr\u00e1ctica sobre las t\u00e9cnicas. Naturalmente, apreciaremos grandemente la retroalimentaci\u00f3n en cualquier aspecto del Proyecto Porchlight llenando las breves encuestas al final de cada m\u00f3dulo o poni\u00e9ndose en contacto directamente con nosotros en <a class=\"boldLink\" href=\"mailto:info@pacificautism.org?subject=Message%20from%20www.porchlighteducation.org%20Visitor\">info@pacificautism.org<\/a>.<\/p>\n<div style=\"width:80%;\">\n<p style=\"margin-bottom:10px;\">Porchlight es:<\/p>\n<div class=\"one_half\">\n<div class=\"floatLeftImage\" style=\"width:15%;height:auto;margin-top:5px;margin-bottom:5px;\"><a href=\"http:\/\/www.pacificautism.org\/\" target=\"_blank\" rel=\"noopener noreferrer\"><img decoding=\"async\" src=\"\/files\/PACE_Logo-Large-102.jpg\" alt=\"PACE\"><\/a><\/div>\n<p style=\"margin-top:5px;\">un proyecto del <a class=\"boldLink\" href=\"http:\/\/www.pacificautism.org\/\" target=\"_blank\" rel=\"noopener noreferrer\">Pacific Autism Center for Education<\/a>.<\/p>\n<\/div>\n<div class=\"one_half last\">\n<div class=\"floatLeftImage\" style=\"width:31%;height:auto;margin-top:-5px;\"><a href=\"http:\/\/www.uwba.org\/\" target=\"_blank\" rel=\"noopener noreferrer\"><img decoding=\"async\" src=\"\/files\/united-way-bay-area-100.jpg\" alt=\"United Way Bay Area\"><\/a><\/div>\n<p style=\"margin-top:5px;\">hecho posible mediante una subvenci\u00f3n de <a class=\"boldLink\" href=\"http:\/\/www.uwba.org\/\" target=\"_blank\" rel=\"noopener noreferrer\">United Way Bay Area<\/a>.<\/p>\n<\/div>\n<\/div>\n<div class=\"clearboth\"><\/div>\n<p style=\"margin-top:10px;\">Si desear\u00eda apoyar nuestros esfuerzos en este proyecto, visite la <a class=\"boldLink\" href=\"\/es\/donar\/\">p\u00e1gina de donativos de Porchlight<\/a>.<\/p>\n<p>Visite nuestro sitio web con frecuencia para ver material nuevo. Muchas gracias por su apoyo.<\/p>\n","protected":false},"excerpt":{"rendered":"<p>El Proyecto Porchlight se origin\u00f3 de la necesidad de obtener estrategias concisas, pr\u00e1cticas y f\u00e1ciles de implementar, en las casas de los padres con ni\u00f1os afectadas por discapacidades del desarrollo. Los m\u00f3dulos de aprendizaje exploran las siguientes \u00e1reas tem\u00e1ticas: Para Entender el Autismo Herramientas del Cuidador Rutinas Diarias Autoayuda Habilidades Sociales Comunicaci\u00f3n Funcional Habilidades de [&hellip;]<\/p>\n","protected":false},"author":2,"featured_media":0,"parent":0,"menu_order":0,"comment_status":"closed","ping_status":"closed","template":"","meta":{"_et_pb_use_builder":"","_et_pb_old_content":"","_et_gb_content_width":"","footnotes":""},"categories":[],"tags":[],"class_list":["post-1312","page","type-page","status-publish","hentry"],"_links":{"self":[{"href":"https:\/\/www.porchlighteducation.org\/es\/wp-json\/wp\/v2\/pages\/1312","targetHints":{"allow":["GET"]}}],"collection":[{"href":"https:\/\/www.porchlighteducation.org\/es\/wp-json\/wp\/v2\/pages"}],"about":[{"href":"https:\/\/www.porchlighteducation.org\/es\/wp-json\/wp\/v2\/types\/page"}],"author":[{"embeddable":true,"href":"https:\/\/www.porchlighteducation.org\/es\/wp-json\/wp\/v2\/users\/2"}],"replies":[{"embeddable":true,"href":"https:\/\/www.porchlighteducation.org\/es\/wp-json\/wp\/v2\/comments?post=1312"}],"version-history":[{"count":16,"href":"https:\/\/www.porchlighteducation.org\/es\/wp-json\/wp\/v2\/pages\/1312\/revisions"}],"predecessor-version":[{"id":3268,"href":"https:\/\/www.porchlighteducation.org\/es\/wp-json\/wp\/v2\/pages\/1312\/revisions\/3268"}],"wp:attachment":[{"href":"https:\/\/www.porchlighteducation.org\/es\/wp-json\/wp\/v2\/media?parent=1312"}],"wp:term":[{"taxonomy":"category","embeddable":true,"href":"https:\/\/www.porchlighteducation.org\/es\/wp-json\/wp\/v2\/categories?post=1312"},{"taxonomy":"post_tag","embeddable":true,"href":"https:\/\/www.porchlighteducation.org\/es\/wp-json\/wp\/v2\/tags?post=1312"}],"curies":[{"name":"wp","href":"https:\/\/api.w.org\/{rel}","templated":true}]}}